{"id":750105,"date":"2025-08-28T04:12:16","date_gmt":"2025-08-28T01:12:16","guid":{"rendered":"https:\/\/roveyayinevi.com.tr\/index.php\/urun\/egitimin-temelleri\/"},"modified":"2026-04-16T03:03:33","modified_gmt":"2026-04-16T00:03:33","slug":"egitimin-temelleri","status":"publish","type":"product","link":"https:\/\/roveyayinevi.com.tr\/index.php\/urun\/egitimin-temelleri\/","title":{"rendered":"E\u011fitimin Temelleri"},"content":{"rendered":"<p>E\u011fitim bireye bili\u015fsel\/zihinsel, duygusal, bedensel, sosyal pek \u00e7ok y\u00f6nden bilgi, beceri, tutum ve al\u0131\u015fkanl\u0131klar kazand\u0131rmak, bireyi bir b\u00fct\u00fcn olarak tan\u0131mak, yeti\u015ftirmek, geli\u015ftirmek ve t\u00fcm bu y\u00f6nlerden bireyin kendisini tan\u0131mas\u0131n\u0131 ve ger\u00e7ekle\u015ftirmesini sa\u011flayacak en \u00f6nemli ve vazge\u00e7ilmez ara\u00e7lardan biridir. E\u011fitimi her zaman da b\u00f6yle g\u00f6rmek gerekmektedir. Haliyle nitelikli, etkili, kaliteli, ba\u015far\u0131l\u0131 bir e\u011fitim dedi\u011fimizde bireyi bir b\u00fct\u00fcn olarak ele alan, geli\u015ftiren ve bir b\u00fct\u00fcn olarak bireyin kendisini ger\u00e7ekle\u015ftirecek \u015fartlar\u0131 sa\u011flayacak e\u011fitimden s\u00f6z ediyoruz. B\u00f6yle bir e\u011fitim sa\u011flama, sunma ve edinme \u00f6zlem, temenni ve niyeti ile mevcut \u00e7al\u0131\u015fma haz\u0131rlanm\u0131\u015ft\u0131r. Bu kapsamda bireylerin e\u011fitimi u\u011fruna kitapta ad\u0131 ve eme\u011fi ge\u00e7en herkesi sayg\u0131 ve minnetle an\u0131yorum.<\/p>\n","protected":false},"excerpt":{"rendered":"<p>E\u011fitim bireye bili\u015fsel\/zihinsel, duygusal, bedensel, sosyal pek \u00e7ok y\u00f6nden bilgi, beceri, tutum ve al\u0131\u015fkanl\u0131klar kazand\u0131rmak, bireyi bir b\u00fct\u00fcn olarak tan\u0131mak, yeti\u015ftirmek, geli\u015ftirmek ve t\u00fcm bu y\u00f6nlerden<span class=\"excerpt-hellip\"> [\u2026]<\/span><\/p>\n","protected":false},"featured_media":0,"template":"","meta":{"_monsterinsights_skip_tracking":false,"_monsterinsights_sitenote_active":false,"_monsterinsights_sitenote_note":"","_monsterinsights_sitenote_category":0},"product_brand":[],"product_cat":[12573,12566],"product_tag":[],"class_list":{"0":"post-750105","1":"product","2":"type-product","3":"status-publish","5":"product_cat-akademik-kitaplar","6":"product_cat-egitim","7":"pa_cilt-ciltsiz","8":"pa_tur-kitap","9":"pa_yayinevi-ani-yayincilik","10":"pa_yazar-suleyman-goksoy","12":"first","13":"instock","14":"sale","15":"shipping-taxable","16":"purchasable","17":"product-type-simple"},"_links":{"self":[{"href":"https:\/\/roveyayinevi.com.tr\/index.php\/wp-json\/wp\/v2\/product\/750105","targetHints":{"allow":["GET"]}}],"collection":[{"href":"https:\/\/roveyayinevi.com.tr\/index.php\/wp-json\/wp\/v2\/product"}],"about":[{"href":"https:\/\/roveyayinevi.com.tr\/index.php\/wp-json\/wp\/v2\/types\/product"}],"wp:attachment":[{"href":"https:\/\/roveyayinevi.com.tr\/index.php\/wp-json\/wp\/v2\/media?parent=750105"}],"wp:term":[{"taxonomy":"product_brand","embeddable":true,"href":"https:\/\/roveyayinevi.com.tr\/index.php\/wp-json\/wp\/v2\/product_brand?post=750105"},{"taxonomy":"product_cat","embeddable":true,"href":"https:\/\/roveyayinevi.com.tr\/index.php\/wp-json\/wp\/v2\/product_cat?post=750105"},{"taxonomy":"product_tag","embeddable":true,"href":"https:\/\/roveyayinevi.com.tr\/index.php\/wp-json\/wp\/v2\/product_tag?post=750105"}],"curies":[{"name":"wp","href":"https:\/\/api.w.org\/{rel}","templated":true}]}}