{"id":750102,"date":"2025-08-28T04:12:12","date_gmt":"2025-08-28T01:12:12","guid":{"rendered":"https:\/\/roveyayinevi.com.tr\/index.php\/urun\/laosun-muhru\/"},"modified":"2026-04-16T03:03:33","modified_gmt":"2026-04-16T00:03:33","slug":"laosun-muhru","status":"publish","type":"product","link":"https:\/\/roveyayinevi.com.tr\/index.php\/urun\/laosun-muhru\/","title":{"rendered":"Laos&#8217;un M\u00fchr\u00fc"},"content":{"rendered":"<p>11 ya\u015f\u0131nda olan Laos \u0131rk\u0131ndan Zao. Safl\u0131\u011f\u0131n t\u00fcm \u0131rklar taraf\u0131ndan kutsal kabul edildi\u011fi bir evrende melez olan bir \u00e7ocuk. \u0130nsan, He\u00e7rok, Kahip ve Nanorf \u0131rk\u0131 taraf\u0131ndan kafir say\u0131l\u0131p yok edilmek i\u00e7in aranan Zao ile birlikte ya\u015fad\u0131\u011f\u0131 evreni gezecek, sorular soracaks\u0131n\u0131z. Ne kadar g\u00fc\u00e7l\u00fc ve \u00f6zel olursan\u0131z olun \u015fans\u0131n\u0131z\u0131n yaver gitmedi\u011fini ve hayatta bir \u015feyleri elde etmek i\u00e7in sava\u015fmak ve m\u00fccadele etmek gerekti\u011fini anlayacaks\u0131n\u0131z.  \u201cOHKRUM F\u0130 DAMATRUS (\u00d6L\u00dcLER, D\u0130R\u0130LERDEN \u00c7ALMAZ.)<\/p>\n","protected":false},"excerpt":{"rendered":"<p>11 ya\u015f\u0131nda olan Laos \u0131rk\u0131ndan Zao. Safl\u0131\u011f\u0131n t\u00fcm \u0131rklar taraf\u0131ndan kutsal kabul edildi\u011fi bir evrende melez olan bir \u00e7ocuk. \u0130nsan, He\u00e7rok, Kahip ve Nanorf \u0131rk\u0131 taraf\u0131ndan<span class=\"excerpt-hellip\"> [\u2026]<\/span><\/p>\n","protected":false},"featured_media":0,"template":"","meta":{"_monsterinsights_skip_tracking":false,"_monsterinsights_sitenote_active":false,"_monsterinsights_sitenote_note":"","_monsterinsights_sitenote_category":0},"product_brand":[],"product_cat":[12291,14777],"product_tag":[],"class_list":{"0":"post-750102","1":"product","2":"type-product","3":"status-publish","5":"product_cat-edebiyat","6":"product_cat-fantastik","7":"pa_cilt-ciltsiz","8":"pa_tur-kitap","9":"pa_yayinevi-herdem-kitap","10":"pa_yazar-mehmet-zeki-alp","12":"first","13":"instock","14":"sale","15":"shipping-taxable","16":"purchasable","17":"product-type-simple"},"_links":{"self":[{"href":"https:\/\/roveyayinevi.com.tr\/index.php\/wp-json\/wp\/v2\/product\/750102","targetHints":{"allow":["GET"]}}],"collection":[{"href":"https:\/\/roveyayinevi.com.tr\/index.php\/wp-json\/wp\/v2\/product"}],"about":[{"href":"https:\/\/roveyayinevi.com.tr\/index.php\/wp-json\/wp\/v2\/types\/product"}],"wp:attachment":[{"href":"https:\/\/roveyayinevi.com.tr\/index.php\/wp-json\/wp\/v2\/media?parent=750102"}],"wp:term":[{"taxonomy":"product_brand","embeddable":true,"href":"https:\/\/roveyayinevi.com.tr\/index.php\/wp-json\/wp\/v2\/product_brand?post=750102"},{"taxonomy":"product_cat","embeddable":true,"href":"https:\/\/roveyayinevi.com.tr\/index.php\/wp-json\/wp\/v2\/product_cat?post=750102"},{"taxonomy":"product_tag","embeddable":true,"href":"https:\/\/roveyayinevi.com.tr\/index.php\/wp-json\/wp\/v2\/product_tag?post=750102"}],"curies":[{"name":"wp","href":"https:\/\/api.w.org\/{rel}","templated":true}]}}