{"id":750101,"date":"2025-08-28T04:12:10","date_gmt":"2025-08-28T01:12:10","guid":{"rendered":"https:\/\/roveyayinevi.com.tr\/index.php\/urun\/egitimde-klinik-denetim\/"},"modified":"2026-04-16T03:03:33","modified_gmt":"2026-04-16T00:03:33","slug":"egitimde-klinik-denetim","status":"publish","type":"product","link":"https:\/\/roveyayinevi.com.tr\/index.php\/urun\/egitimde-klinik-denetim\/","title":{"rendered":"E\u011fitimde Klinik Denetim"},"content":{"rendered":"<p>\u201cE\u011e\u0130T\u0130MDE KL\u0130N\u0130K DENET\u0130M Z\u00fcmre Temelli Klinik Denetim Modeli\u201d isimli kitap, e\u011fitim y\u00f6neticilerine, \u00f6\u011fretmenlere, akademisyenlere, lisans ve lisans\u00fcst\u00fc e\u011fitim \u00f6\u011frencilerine ve di\u011fer ilgililere T\u00fcrk E\u011fitim Sisteminin ba\u015fat alt sistemlerinden biri olan Denetim Alt Sistemi ile ilgili ge\u00e7mi\u015ften g\u00fcn\u00fcm\u00fcze ortaya \u00e7\u0131kan paradigmalar \u00e7er\u00e7evesinde yap\u0131lan uygulamalar ve akademik yakla\u015f\u0131mlar a\u00e7\u0131s\u0131ndan b\u00fct\u00fcnc\u00fcl bir bak\u0131\u015f a\u00e7\u0131s\u0131 sunmaktad\u0131r. Kitapta, T\u00fcrk E\u011fitim Sistemi Denetim Alt Sisteminin Cumhuriyet d\u00f6neminde ama\u00e7, yap\u0131 ve s\u00fcre\u00e7 boyutunda olu\u015fturulmu\u015f mevzuat\u0131 kar\u015f\u0131la\u015ft\u0131rmal\u0131 olarak verilmi\u015f; yap\u0131lan denetim uygulamalar\u0131n\u0131n g\u00fc\u00e7l\u00fc ve zay\u0131f y\u00f6nleri irdelenmi\u015ftir.  E\u011fitim sistemlerinin denetsel a\u00e7\u0131dan mevcut halde ve gelecekte etkili ve verimli i\u015fleyi\u015fini sa\u011flamak i\u00e7in \u00e7e\u015fitli yakla\u015f\u0131mlar bulunmaktad\u0131r. Bu kitapta, bu yakla\u015f\u0131mlardan \u201cKlinik Denetim\u201d ele al\u0131nm\u0131\u015f, farkl\u0131 klinik denetim modelleri b\u00fct\u00fcnl\u00fck i\u00e7inde incelenmi\u015ftir. Kitab\u0131n son b\u00f6l\u00fcm\u00fcnde kuram ve uygulama \u00e7er\u00e7evesinde olu\u015fan kanaatlerden, T\u00fcrkiye\u2019de yap\u0131lan ara\u015ft\u0131rma sonu\u00e7lar\u0131ndan, E\u011fitim Y\u00f6netimi, Tefti\u015fi, Planlamas\u0131 ve Ekonomisi Ana Bilim Dal\u0131nda akademisyenlik ya\u015fant\u0131s\u0131 i\u00e7inde \u00f6\u011fretmenlerle, okul y\u00f6neticileriyle ve m\u00fcfetti\u015flerle y\u00fcr\u00fct\u00fclen lisans\u00fcst\u00fc derslerdeki kar\u015f\u0131l\u0131kl\u0131 de\u011ferlendirmelerden, \u00f6zellikle \u201cE\u011fitim Denetimi\u201d derslerinde y\u00fcr\u00fct\u00fclen tart\u0131\u015fmalardan, bu konuda yapt\u0131r\u0131lan lisans\u00fcst\u00fc proje ve tezlerden ilhamla \u00f6\u011fretmen ve ders denetimi ile ilgili olarak \u201cZ\u00fcmre Temelli Klinik Denetim\u201d modeli \u00f6nerilmi\u015ftir. Bu model, ne \u201csihirli bir de\u011fnek\u201d ne de \u201cbir re\u00e7ete\u201ddir. \u201cZ\u00fcmre Temelli Klinik Denetim Modeli\u201dnin tasar\u0131m\u0131nda \u00f6ncelikli ama\u00e7, z\u00fcmre temelinde ders ve \u00f6\u011fretmen denetimi; rehberlik ve i\u015fba\u015f\u0131nda yeti\u015ftirme konusunda kat\u0131l\u0131mc\u0131lar\u0131n inand\u0131\u011f\u0131, g\u00f6n\u00fcll\u00fcl\u00fckle ve ikna olarak kat\u0131ld\u0131\u011f\u0131, ihtiya\u00e7tan hareket eden, uygulanabilir, \u00f6\u011frenme ve \u00f6\u011fretme s\u00fcrecini g\u00fc\u00e7lendirebilecek, taraflar\u0131n ve b\u00fct\u00fcnde okulun geli\u015fimine katk\u0131 sa\u011flayabilecek bir s\u00fcrece ilham kayna\u011f\u0131 olmakt\u0131r.<\/p>\n","protected":false},"excerpt":{"rendered":"<p>\u201cE\u011e\u0130T\u0130MDE KL\u0130N\u0130K DENET\u0130M Z\u00fcmre Temelli Klinik Denetim Modeli\u201d isimli kitap, e\u011fitim y\u00f6neticilerine, \u00f6\u011fretmenlere, akademisyenlere, lisans ve lisans\u00fcst\u00fc e\u011fitim \u00f6\u011frencilerine ve di\u011fer ilgililere T\u00fcrk E\u011fitim Sisteminin ba\u015fat<span class=\"excerpt-hellip\"> [\u2026]<\/span><\/p>\n","protected":false},"featured_media":0,"template":"","meta":{"_monsterinsights_skip_tracking":false,"_monsterinsights_sitenote_active":false,"_monsterinsights_sitenote_note":"","_monsterinsights_sitenote_category":0},"product_brand":[],"product_cat":[12573,12566],"product_tag":[],"class_list":{"0":"post-750101","1":"product","2":"type-product","3":"status-publish","5":"product_cat-akademik-kitaplar","6":"product_cat-egitim","7":"pa_cilt-ciltsiz","8":"pa_tur-kitap","9":"pa_yayinevi-ani-yayincilik","10":"pa_yazar-ali-sabanci-gulnar-ozyildirim","12":"first","13":"instock","14":"sale","15":"shipping-taxable","16":"purchasable","17":"product-type-simple"},"_links":{"self":[{"href":"https:\/\/roveyayinevi.com.tr\/index.php\/wp-json\/wp\/v2\/product\/750101","targetHints":{"allow":["GET"]}}],"collection":[{"href":"https:\/\/roveyayinevi.com.tr\/index.php\/wp-json\/wp\/v2\/product"}],"about":[{"href":"https:\/\/roveyayinevi.com.tr\/index.php\/wp-json\/wp\/v2\/types\/product"}],"wp:attachment":[{"href":"https:\/\/roveyayinevi.com.tr\/index.php\/wp-json\/wp\/v2\/media?parent=750101"}],"wp:term":[{"taxonomy":"product_brand","embeddable":true,"href":"https:\/\/roveyayinevi.com.tr\/index.php\/wp-json\/wp\/v2\/product_brand?post=750101"},{"taxonomy":"product_cat","embeddable":true,"href":"https:\/\/roveyayinevi.com.tr\/index.php\/wp-json\/wp\/v2\/product_cat?post=750101"},{"taxonomy":"product_tag","embeddable":true,"href":"https:\/\/roveyayinevi.com.tr\/index.php\/wp-json\/wp\/v2\/product_tag?post=750101"}],"curies":[{"name":"wp","href":"https:\/\/api.w.org\/{rel}","templated":true}]}}