{"id":750099,"date":"2025-08-28T04:12:08","date_gmt":"2025-08-28T01:12:08","guid":{"rendered":"https:\/\/roveyayinevi.com.tr\/index.php\/urun\/edebiyat-bilgileri-ve-ornek-metinler\/"},"modified":"2026-04-16T03:03:33","modified_gmt":"2026-04-16T00:03:33","slug":"edebiyat-bilgileri-ve-ornek-metinler","status":"publish","type":"product","link":"https:\/\/roveyayinevi.com.tr\/index.php\/urun\/edebiyat-bilgileri-ve-ornek-metinler\/","title":{"rendered":"Edebiyat Bilgileri ve \u00d6rnek Metinler"},"content":{"rendered":"<p>Edebiyat bilgisini ve T\u00fcrk edebiyat\u0131n\u0131n tarihsel geli\u015fimiyle ilgili bilgilerii i\u00e7eren bu kitap, \u00f6\u011frencilerimizin bitip t\u00fckenmek bilmeyen istekleri, \u0131srarlar\u0131 ile yola \u00e7\u0131kt\u0131.Uzun zamandan beri \u00f6\u011frencilerimiz derslerimizde kendisine verdi\u011fimiz ders notlar\u0131m\u0131z\u0131n ve kulland\u0131\u011f\u0131m\u0131z \u00f6rnek metinlerin bir araya getirilmesini, bir kitaba d\u00f6n\u00fc\u015ft\u00fcr\u00fclmesini istiyorlard\u0131.Elinizdeki kitab\u0131n temellerini ders notlar\u0131m\u0131z olu\u015fturdu.Bu kitab\u0131 haz\u0131rlarken ilk d\u00fc\u015f\u00fcncemiz lise \u00f6\u011frencileri i\u00e7in bir kaynak olu\u015fturmakt\u0131.Kitab\u0131 haz\u0131rlarken konulara ili\u015fkin bilgilerde ayr\u0131nt\u0131lara gittik\u00e7e, \u00f6rnekleri \u00e7o\u011faltt\u0131k\u00e7a kitab\u0131m\u0131z\u0131n \u00fcniversiteye haz\u0131rlanan, \u00fcniversitelerin T\u00fcrk Dili ve Edebiyat\u0131 b\u00f6l\u00fcmlerinde okuyan \u00f6\u011fretmen adaylar\u0131na, \u00f6\u011fretmenli\u011fe yeni ba\u015flayan T\u00fcrk Dili ve Edebiyat\u0131 \u00f6\u011fretmenlerine, bu b\u00f6l\u00fcmdeki \u00f6\u011fretim elemanlar\u0131na da yard\u0131mc\u0131 olabilece\u011fini d\u00fc\u015f\u00fcnd\u00fck.kitab\u0131n i\u00e7eri\u011fi ile, izlenen y\u00f6ntemle ilgili ayr\u0131nt\u0131l\u0131 bilgiler ba\u015ftaki &#8220;\u00d6n s\u00f6z&#8221;de verilmektedir.Bu kitapta kavramla uygulama, kavramsal bilgilerle uygulamal\u0131 \u00e7al\u0131\u015fmalar birle\u015ftirildi.Ve kitap, yukar\u0131da belirtilen \u00f6\u011frenci ve \u00f6\u011fretmen kesimi i\u00e7in, edebiyata ilgi dyan istekliler ve merakl\u0131lar i\u00e7in temel bir kaynakt\u0131r. <\/p>\n","protected":false},"excerpt":{"rendered":"<p>Edebiyat bilgisini ve T\u00fcrk edebiyat\u0131n\u0131n tarihsel geli\u015fimiyle ilgili bilgilerii i\u00e7eren bu kitap, \u00f6\u011frencilerimizin bitip t\u00fckenmek bilmeyen istekleri, \u0131srarlar\u0131 ile yola \u00e7\u0131kt\u0131.Uzun zamandan beri \u00f6\u011frencilerimiz derslerimizde kendisine<span class=\"excerpt-hellip\"> [\u2026]<\/span><\/p>\n","protected":false},"featured_media":0,"template":"","meta":{"_monsterinsights_skip_tracking":false,"_monsterinsights_sitenote_active":false,"_monsterinsights_sitenote_note":"","_monsterinsights_sitenote_category":0},"product_brand":[],"product_cat":[12573,12566],"product_tag":[],"class_list":{"0":"post-750099","1":"product","2":"type-product","3":"status-publish","5":"product_cat-akademik-kitaplar","6":"product_cat-egitim","7":"pa_cilt-ciltsiz","8":"pa_tur-kitap","9":"pa_yayinevi-ani-yayincilik","10":"pa_yazar-zehra-kavcar-m-saim-kaptan","12":"first","13":"instock","14":"sale","15":"shipping-taxable","16":"purchasable","17":"product-type-simple"},"_links":{"self":[{"href":"https:\/\/roveyayinevi.com.tr\/index.php\/wp-json\/wp\/v2\/product\/750099","targetHints":{"allow":["GET"]}}],"collection":[{"href":"https:\/\/roveyayinevi.com.tr\/index.php\/wp-json\/wp\/v2\/product"}],"about":[{"href":"https:\/\/roveyayinevi.com.tr\/index.php\/wp-json\/wp\/v2\/types\/product"}],"wp:attachment":[{"href":"https:\/\/roveyayinevi.com.tr\/index.php\/wp-json\/wp\/v2\/media?parent=750099"}],"wp:term":[{"taxonomy":"product_brand","embeddable":true,"href":"https:\/\/roveyayinevi.com.tr\/index.php\/wp-json\/wp\/v2\/product_brand?post=750099"},{"taxonomy":"product_cat","embeddable":true,"href":"https:\/\/roveyayinevi.com.tr\/index.php\/wp-json\/wp\/v2\/product_cat?post=750099"},{"taxonomy":"product_tag","embeddable":true,"href":"https:\/\/roveyayinevi.com.tr\/index.php\/wp-json\/wp\/v2\/product_tag?post=750099"}],"curies":[{"name":"wp","href":"https:\/\/api.w.org\/{rel}","templated":true}]}}