{"id":750097,"date":"2025-08-28T04:12:06","date_gmt":"2025-08-28T01:12:06","guid":{"rendered":"https:\/\/roveyayinevi.com.tr\/index.php\/urun\/cagdas-sosyal-teorisyenler-3\/"},"modified":"2026-04-16T03:03:33","modified_gmt":"2026-04-16T00:03:33","slug":"cagdas-sosyal-teorisyenler-3","status":"publish","type":"product","link":"https:\/\/roveyayinevi.com.tr\/index.php\/urun\/cagdas-sosyal-teorisyenler-3\/","title":{"rendered":"\u00c7a\u011fda\u015f Sosyal Teorisyenler-3"},"content":{"rendered":"<p>Bu eserde, \u00e7a\u011fda\u015f sosyal teorinin anahtar teorisyenlerinden ve k\u00fclt isimlerinden olan Pierre Bourdieu, J\u00fcrgen Habermas, Anthony Giddens, Ulrich Beck ve Bryan S. Turner, kapsaml\u0131 bir ara\u015ft\u0131rma sonucunda T\u00fcrkiye&#8217;de ilk kez bir araya geliyor. Bu kitapta, Bourdieu, Habermas, Giddens, Beck ve Turner&#8217;\u0131n entelekt\u00fcel portreleri, metodolojileri, sosyal teorileri ve \u00e7a\u011fda\u015f sosyolojik teoriye katk\u0131lar\u0131 ayr\u0131nt\u0131l\u0131 bir bi\u00e7imde tahlil edilmi\u015ftir.\u00c7a\u011fda\u015f sosyolojinin ikonlar\u0131 aras\u0131nda \u00f6n planda olan Bourdieu&#8217;n\u00fcn s\u0131n\u0131f teorisini, Habermas&#8217;\u0131n ileti\u015fimsel eylem teorisini, Giddens&#8217;\u0131n yap\u0131la\u015fma teorisini, Beck&#8217;in risk toplumu teorisini ve Turner&#8217;\u0131n beden teorisini merak edenlere\u2026 \u00c7a\u011f\u0131m\u0131z\u0131n ruhunu, modernli\u011fi, modern toplumu ve \u00e7a\u011fda\u015f bireyi do\u011fru anlamak isteyenlere\u2026 Bug\u00fcnk\u00fc d\u00fcnyan\u0131n meseleleri \u00fczerine kafa yormak ve insanl\u0131\u011f\u0131 ilgilendiren sorunlara \u00e7\u00f6z\u00fcm \u00fcretmek niyetinde olanlara\u2026 Sosyolojik teorinin temel sorunlar\u0131 \u00fczerine d\u00fc\u015f\u00fcnmek isteyenlere\u2026 \u00c7a\u011fda\u015f sosyoloji teorilerini \u00f6nemseyenlere\u2026<\/p>\n","protected":false},"excerpt":{"rendered":"<p>Bu eserde, \u00e7a\u011fda\u015f sosyal teorinin anahtar teorisyenlerinden ve k\u00fclt isimlerinden olan Pierre Bourdieu, J\u00fcrgen Habermas, Anthony Giddens, Ulrich Beck ve Bryan S. Turner, kapsaml\u0131 bir ara\u015ft\u0131rma<span class=\"excerpt-hellip\"> [\u2026]<\/span><\/p>\n","protected":false},"featured_media":0,"template":"","meta":{"_monsterinsights_skip_tracking":false,"_monsterinsights_sitenote_active":false,"_monsterinsights_sitenote_note":"","_monsterinsights_sitenote_category":0},"product_brand":[],"product_cat":[12573,12566],"product_tag":[],"class_list":{"0":"post-750097","1":"product","2":"type-product","3":"status-publish","5":"product_cat-akademik-kitaplar","6":"product_cat-egitim","7":"pa_cilt-ciltsiz","8":"pa_tur-kitap","9":"pa_yayinevi-ani-yayincilik","10":"pa_yazar-sezgin-kizilcelik","12":"first","13":"instock","14":"sale","15":"shipping-taxable","16":"purchasable","17":"product-type-simple"},"_links":{"self":[{"href":"https:\/\/roveyayinevi.com.tr\/index.php\/wp-json\/wp\/v2\/product\/750097","targetHints":{"allow":["GET"]}}],"collection":[{"href":"https:\/\/roveyayinevi.com.tr\/index.php\/wp-json\/wp\/v2\/product"}],"about":[{"href":"https:\/\/roveyayinevi.com.tr\/index.php\/wp-json\/wp\/v2\/types\/product"}],"wp:attachment":[{"href":"https:\/\/roveyayinevi.com.tr\/index.php\/wp-json\/wp\/v2\/media?parent=750097"}],"wp:term":[{"taxonomy":"product_brand","embeddable":true,"href":"https:\/\/roveyayinevi.com.tr\/index.php\/wp-json\/wp\/v2\/product_brand?post=750097"},{"taxonomy":"product_cat","embeddable":true,"href":"https:\/\/roveyayinevi.com.tr\/index.php\/wp-json\/wp\/v2\/product_cat?post=750097"},{"taxonomy":"product_tag","embeddable":true,"href":"https:\/\/roveyayinevi.com.tr\/index.php\/wp-json\/wp\/v2\/product_tag?post=750097"}],"curies":[{"name":"wp","href":"https:\/\/api.w.org\/{rel}","templated":true}]}}