{"id":750094,"date":"2025-08-28T04:12:02","date_gmt":"2025-08-28T01:12:02","guid":{"rendered":"https:\/\/roveyayinevi.com.tr\/index.php\/urun\/akademik-yazma-2\/"},"modified":"2026-04-16T03:03:33","modified_gmt":"2026-04-16T00:03:33","slug":"akademik-yazma-2","status":"publish","type":"product","link":"https:\/\/roveyayinevi.com.tr\/index.php\/urun\/akademik-yazma-2\/","title":{"rendered":"Akademik Yazma"},"content":{"rendered":"<p>Bilim insan\u0131 olman\u0131n en temel gerekliliklerinden biri bilimsel metin olu\u015fturma becerisidir. Gen\u00e7 ara\u015ft\u0131rmac\u0131lar lisans\u00fcst\u00fc bitirme tezlerini metinle\u015ftirme s\u00fcrecinde daha \u00f6nceden yap\u0131lm\u0131\u015f ve j\u00fcri onay\u0131ndan ge\u00e7mi\u015f tezleri g\u00fcvenilir ve ge\u00e7erli bularak s\u0131kl\u0131kla o \u00e7al\u0131\u015fmalardaki yap\u0131dan y\u00f6nelimle kendi \u00e7al\u0131\u015fmas\u0131n\u0131 yap\u0131land\u0131rmaktad\u0131r. B\u00f6ylece yap\u0131lan yanl\u0131\u015flar ku\u015faktan ku\u015fa\u011fa aktar\u0131lmaktad\u0131r. Gen\u00e7 ara\u015ft\u0131rmac\u0131lar\u0131 b\u00f6yle bir davran\u0131\u015fa iten temel nedenlerden biri bilimsel metin olu\u015fturma s\u00fcrecine ili\u015fkin yeterli T\u00fcrk\u00e7e kaynak olmamas\u0131d\u0131r. Bu kitap, bilimsel metin olu\u015fturma s\u00fcrecine bir\u00e7ok y\u00f6n\u00fcyle \u0131\u015f\u0131k tutan bir i\u00e7erikte yap\u0131land\u0131r\u0131lm\u0131\u015ft\u0131r.Yedi b\u00f6l\u00fcmden olu\u015fan kitab\u0131n ilk \u00fc\u00e7 b\u00f6l\u00fcm\u00fcnde bilimsel yazman\u0131n temel kavramlar\u0131, bilimsel metnin b\u00f6l\u00fcmleri ve bilimsel yazma becerilerini geli\u015ftirme izlemleri \u00fczerinde durulmaktad\u0131r. \u0130zleyen son d\u00f6rt b\u00f6l\u00fcmde de T\u00fcrk\u00e7e ve \u0130ngilizce bilimsel metinlerde bulunmas\u0131 gereken dil ve anlat\u0131m \u00f6zellikleri, bilimsel metinlerde g\u00f6zden ge\u00e7irme ve d\u00fczeltme yollar\u0131, bilimsel metinlerde uyulmas\u0131 gereken etik kurallar a\u00e7\u0131klanmaktad\u0131r. Bu kitab\u0131n gen\u00e7 ara\u015ft\u0131rmac\u0131lar\u0131n bilimsel metnini olu\u015ftururken kar\u015f\u0131la\u015facaklar\u0131 bir\u00e7ok soruna \u00e7\u00f6z\u00fcm bulabilecekleri kapsaml\u0131 ve nitelikli bir i\u00e7erik ta\u015f\u0131d\u0131\u011f\u0131 s\u00f6ylenebilir. Ta\u015f\u0131d\u0131\u011f\u0131 bu i\u00e7eriksel \u00f6zellikler dolay\u0131s\u0131yla kitab\u0131n \u00f6nemi bilimsel metin olu\u015fturma becerisi ve e\u011fitimi konusunu i\u00e7eren lisans ve lisans\u00fcst\u00fc derslere yapaca\u011f\u0131 olas\u0131 katk\u0131 a\u00e7\u0131s\u0131ndan belirginle\u015fmektedir.Bu kitab\u0131n ara\u015ft\u0131rmac\u0131lar\u0131n, lisans ve lisans\u00fcst\u00fc e\u011fitim g\u00f6ren \u00f6\u011frencilerin bilimsel metin olu\u015fturma s\u00fcrecinde kar\u015f\u0131la\u015facaklar\u0131 sorunlara \u00e7\u00f6z\u00fcm bulabilecekleri temel bir kaynak oldu\u011fu s\u00f6ylenebilir.<\/p>\n","protected":false},"excerpt":{"rendered":"<p>Bilim insan\u0131 olman\u0131n en temel gerekliliklerinden biri bilimsel metin olu\u015fturma becerisidir. Gen\u00e7 ara\u015ft\u0131rmac\u0131lar lisans\u00fcst\u00fc bitirme tezlerini metinle\u015ftirme s\u00fcrecinde daha \u00f6nceden yap\u0131lm\u0131\u015f ve j\u00fcri onay\u0131ndan ge\u00e7mi\u015f tezleri<span class=\"excerpt-hellip\"> [\u2026]<\/span><\/p>\n","protected":false},"featured_media":0,"template":"","meta":{"_monsterinsights_skip_tracking":false,"_monsterinsights_sitenote_active":false,"_monsterinsights_sitenote_note":"","_monsterinsights_sitenote_category":0},"product_brand":[],"product_cat":[12573,12566],"product_tag":[],"class_list":{"0":"post-750094","1":"product","2":"type-product","3":"status-publish","5":"product_cat-akademik-kitaplar","6":"product_cat-egitim","7":"pa_cilt-ciltsiz","8":"pa_tur-kitap","9":"pa_yayinevi-ani-yayincilik","10":"pa_yazar-kolektif","12":"first","13":"instock","14":"sale","15":"shipping-taxable","16":"purchasable","17":"product-type-simple"},"_links":{"self":[{"href":"https:\/\/roveyayinevi.com.tr\/index.php\/wp-json\/wp\/v2\/product\/750094","targetHints":{"allow":["GET"]}}],"collection":[{"href":"https:\/\/roveyayinevi.com.tr\/index.php\/wp-json\/wp\/v2\/product"}],"about":[{"href":"https:\/\/roveyayinevi.com.tr\/index.php\/wp-json\/wp\/v2\/types\/product"}],"wp:attachment":[{"href":"https:\/\/roveyayinevi.com.tr\/index.php\/wp-json\/wp\/v2\/media?parent=750094"}],"wp:term":[{"taxonomy":"product_brand","embeddable":true,"href":"https:\/\/roveyayinevi.com.tr\/index.php\/wp-json\/wp\/v2\/product_brand?post=750094"},{"taxonomy":"product_cat","embeddable":true,"href":"https:\/\/roveyayinevi.com.tr\/index.php\/wp-json\/wp\/v2\/product_cat?post=750094"},{"taxonomy":"product_tag","embeddable":true,"href":"https:\/\/roveyayinevi.com.tr\/index.php\/wp-json\/wp\/v2\/product_tag?post=750094"}],"curies":[{"name":"wp","href":"https:\/\/api.w.org\/{rel}","templated":true}]}}