{"id":750093,"date":"2025-08-28T04:12:01","date_gmt":"2025-08-28T01:12:01","guid":{"rendered":"https:\/\/roveyayinevi.com.tr\/index.php\/urun\/adli-psikoloji\/"},"modified":"2026-04-16T03:03:33","modified_gmt":"2026-04-16T00:03:33","slug":"adli-psikoloji","status":"publish","type":"product","link":"https:\/\/roveyayinevi.com.tr\/index.php\/urun\/adli-psikoloji\/","title":{"rendered":"Adli Psikoloji"},"content":{"rendered":"<p>2019-2020 E\u011fitim ve \u00d6\u011fretim Y\u0131l\u0131 G\u00fcz D\u00f6neminde Akdeniz \u00dcniversitesi Hukuk Fak\u00fcltesi II. S\u0131n\u0131f \u00f6\u011frencilerine; \u201cHukuk e\u011fitimi almakta olan birey i\u00e7in adli psikolojinin alan\u0131 hakk\u0131nda bilgi sahibi olman\u0131n gerekli olup olmad\u0131\u011f\u0131n\u0131 tart\u0131\u015f\u0131n\u0131z\u201d konulu bir \u00f6dev vermi\u015ftim. Samimiyetlerinden hi\u00e7 \u015f\u00fcphe etmedi\u011fim \u00f6\u011frencilerin yazd\u0131klar\u0131 kar\u015f\u0131s\u0131nda duyguland\u0131m ve verilen eme\u011fin bo\u015fa gitmedi\u011fini anlad\u0131m. Bu noktadan hareketle, \u00f6ncelikle Akdeniz \u00dcniversitesi Hukuk Fak\u00fcltesi ve Edebiyat Fak\u00fcltesi Psikoloji B\u00f6l\u00fcm\u00fc&#8217;nde anlatt\u0131\u011f\u0131m adli psikoloji ders programlar\u0131 ile adli psikoloji dersi verilen baz\u0131 \u00fcniversitelerin ders programlar\u0131n\u0131 inceleyerek \u00fclkemizin adli sistemini esas alan, k\u0131sa, \u00f6z, temel bilgileri i\u00e7eren ve bilimsel nitelikte olan bir \u201cAdli Psikoloji\u201d kitab\u0131 olu\u015fturman\u0131n yararl\u0131 olaca\u011f\u0131n\u0131 d\u00fc\u015f\u00fcnd\u00fcm. \u0130nsan haklar\u0131 ve bilim evrenseldir, ancak pratik uygulamalarda toplumlar\u0131n sosyal, k\u00fclt\u00fcrel, ekonomik, siyasi ve ya\u015fad\u0131klar\u0131 co\u011frafi konumlar\u0131ndan dolay\u0131 farkl\u0131l\u0131klar g\u00f6r\u00fclebilmektedir. Arzu edenler temel bilgiler \u00fczerinden hareketle daha geni\u015f bilgi kaynaklar\u0131na ula\u015fabilirler. \u00dclkemizde, adli psikoloji konusu k\u0131sa bir \u00f6zge\u00e7mi\u015fe sahip olup s\u00fcrekli geli\u015fen, de\u011fi\u015fen ve dinamik \u00f6zellikler ta\u015f\u0131yan alanlar aras\u0131nda yer almaktad\u0131r.Kitap yaz\u0131l\u0131rken kuramlar ve kavramlar \u00fczerinde tart\u0131\u015fmaktan ziyade okuyucunun konular hakk\u0131nda net bilgi sahibi olmas\u0131 ama\u00e7lanm\u0131\u015ft\u0131r.<\/p>\n","protected":false},"excerpt":{"rendered":"<p>2019-2020 E\u011fitim ve \u00d6\u011fretim Y\u0131l\u0131 G\u00fcz D\u00f6neminde Akdeniz \u00dcniversitesi Hukuk Fak\u00fcltesi II. S\u0131n\u0131f \u00f6\u011frencilerine; \u201cHukuk e\u011fitimi almakta olan birey i\u00e7in adli psikolojinin alan\u0131 hakk\u0131nda bilgi sahibi<span class=\"excerpt-hellip\"> [\u2026]<\/span><\/p>\n","protected":false},"featured_media":0,"template":"","meta":{"_monsterinsights_skip_tracking":false,"_monsterinsights_sitenote_active":false,"_monsterinsights_sitenote_note":"","_monsterinsights_sitenote_category":0},"product_brand":[],"product_cat":[12358,12357],"product_tag":[],"class_list":{"0":"post-750093","1":"product","2":"type-product","3":"status-publish","5":"product_cat-genel-psikoloji","6":"product_cat-psikoloji","7":"pa_cilt-ciltsiz","8":"pa_tur-kitap","9":"pa_yayinevi-ani-yayincilik","10":"pa_yazar-seda-bayraktar","12":"first","13":"instock","14":"sale","15":"shipping-taxable","16":"purchasable","17":"product-type-simple"},"_links":{"self":[{"href":"https:\/\/roveyayinevi.com.tr\/index.php\/wp-json\/wp\/v2\/product\/750093","targetHints":{"allow":["GET"]}}],"collection":[{"href":"https:\/\/roveyayinevi.com.tr\/index.php\/wp-json\/wp\/v2\/product"}],"about":[{"href":"https:\/\/roveyayinevi.com.tr\/index.php\/wp-json\/wp\/v2\/types\/product"}],"wp:attachment":[{"href":"https:\/\/roveyayinevi.com.tr\/index.php\/wp-json\/wp\/v2\/media?parent=750093"}],"wp:term":[{"taxonomy":"product_brand","embeddable":true,"href":"https:\/\/roveyayinevi.com.tr\/index.php\/wp-json\/wp\/v2\/product_brand?post=750093"},{"taxonomy":"product_cat","embeddable":true,"href":"https:\/\/roveyayinevi.com.tr\/index.php\/wp-json\/wp\/v2\/product_cat?post=750093"},{"taxonomy":"product_tag","embeddable":true,"href":"https:\/\/roveyayinevi.com.tr\/index.php\/wp-json\/wp\/v2\/product_tag?post=750093"}],"curies":[{"name":"wp","href":"https:\/\/api.w.org\/{rel}","templated":true}]}}