{"id":750092,"date":"2025-08-28T04:12:00","date_gmt":"2025-08-28T01:12:00","guid":{"rendered":"https:\/\/roveyayinevi.com.tr\/index.php\/urun\/gokyuzu-sarki-soyler-mi\/"},"modified":"2026-04-16T03:03:33","modified_gmt":"2026-04-16T00:03:33","slug":"gokyuzu-sarki-soyler-mi","status":"publish","type":"product","link":"https:\/\/roveyayinevi.com.tr\/index.php\/urun\/gokyuzu-sarki-soyler-mi\/","title":{"rendered":"G\u00f6ky\u00fcz\u00fc \u015eark\u0131 S\u00f6yler Mi?"},"content":{"rendered":"<p>En b\u00fcy\u00fck hay\u00e2li bir g\u00fcn pilot olmak olan Taha ve en yak\u0131n arkada\u015f\u0131 Babi\u015f, terasta oyun oynarken bir ses duyar. Acaba bu gizemli ses \u00e7ok sevdikleri g\u00f6ky\u00fcz\u00fcnden geliyor olabilir mi? Peki g\u00f6ky\u00fcz\u00fc \u015fark\u0131 s\u00f6yler mi? Bu kitab\u0131n kapa\u011f\u0131, i\u015fitmek ile dinlemek aras\u0131ndaki farka dair tatl\u0131 bir hik\u00e2yeye a\u00e7\u0131l\u0131yor. <\/p>\n","protected":false},"excerpt":{"rendered":"<p>En b\u00fcy\u00fck hay\u00e2li bir g\u00fcn pilot olmak olan Taha ve en yak\u0131n arkada\u015f\u0131 Babi\u015f, terasta oyun oynarken bir ses duyar. Acaba bu gizemli ses \u00e7ok sevdikleri<span class=\"excerpt-hellip\"> [\u2026]<\/span><\/p>\n","protected":false},"featured_media":0,"template":"","meta":{"_monsterinsights_skip_tracking":false,"_monsterinsights_sitenote_active":false,"_monsterinsights_sitenote_note":"","_monsterinsights_sitenote_category":0},"product_brand":[],"product_cat":[12274,12284],"product_tag":[],"class_list":{"0":"post-750092","1":"product","2":"type-product","3":"status-publish","5":"product_cat-cocuk-ve-genclik-kitaplari","6":"product_cat-hikayeler","7":"pa_cilt-ciltsiz","8":"pa_tur-kitap","9":"pa_yayinevi-cinaralti-yayinlari","10":"pa_yazar-tugce-sifa-zorlu","12":"first","13":"instock","14":"sale","15":"shipping-taxable","16":"purchasable","17":"product-type-simple"},"_links":{"self":[{"href":"https:\/\/roveyayinevi.com.tr\/index.php\/wp-json\/wp\/v2\/product\/750092","targetHints":{"allow":["GET"]}}],"collection":[{"href":"https:\/\/roveyayinevi.com.tr\/index.php\/wp-json\/wp\/v2\/product"}],"about":[{"href":"https:\/\/roveyayinevi.com.tr\/index.php\/wp-json\/wp\/v2\/types\/product"}],"wp:attachment":[{"href":"https:\/\/roveyayinevi.com.tr\/index.php\/wp-json\/wp\/v2\/media?parent=750092"}],"wp:term":[{"taxonomy":"product_brand","embeddable":true,"href":"https:\/\/roveyayinevi.com.tr\/index.php\/wp-json\/wp\/v2\/product_brand?post=750092"},{"taxonomy":"product_cat","embeddable":true,"href":"https:\/\/roveyayinevi.com.tr\/index.php\/wp-json\/wp\/v2\/product_cat?post=750092"},{"taxonomy":"product_tag","embeddable":true,"href":"https:\/\/roveyayinevi.com.tr\/index.php\/wp-json\/wp\/v2\/product_tag?post=750092"}],"curies":[{"name":"wp","href":"https:\/\/api.w.org\/{rel}","templated":true}]}}