{"id":750088,"date":"2025-08-28T04:11:54","date_gmt":"2025-08-28T01:11:54","guid":{"rendered":"https:\/\/roveyayinevi.com.tr\/index.php\/urun\/17-numara-katliam-ciltli\/"},"modified":"2026-04-16T03:03:33","modified_gmt":"2026-04-16T00:03:33","slug":"17-numara-katliam-ciltli","status":"publish","type":"product","link":"https:\/\/roveyayinevi.com.tr\/index.php\/urun\/17-numara-katliam-ciltli\/","title":{"rendered":"17 Numara Katliam (Ciltli)"},"content":{"rendered":"<p>Dijital platformda milyonlarca ki\u015fi taraf\u0131ndan okunan 17 Numara serisinin ilk kitab\u0131 17 Numara: Katliam, kurgusu ile kalp at\u0131\u015flar\u0131n\u0131z\u0131 h\u0131zland\u0131r\u0131rken nefesinizi kesecek.Ger\u00e7ek manada k\u00f6t\u00fc olmak i\u00e7in insan ne ya\u015famal\u0131yd\u0131? K\u00f6t\u00fcl\u00fck insan\u0131n i\u00e7inde miydi yoksa hayat\u0131n ta kendisi miydi?Oyuncu olmak i\u00e7in var g\u00fcc\u00fcyle \u00e7al\u0131\u015fan Defne\u2019nin, \u015fanss\u0131zl\u0131klarla dolu g\u00fcn\u00fcn ard\u0131ndan tek iste\u011fi, bir an \u00f6nce ailesinin yan\u0131na gidebilmektir. Ancak bindi\u011fi otob\u00fcs ve oturdu\u011fu 17 numaral\u0131 koltuk, hayat\u0131n\u0131 bir anda de\u011fi\u015ftirmi\u015f ve onu hi\u00e7 beklemedi\u011fi bir y\u00f6ne do\u011fru s\u00fcr\u00fcklemeye ba\u015flam\u0131\u015ft\u0131r.Otob\u00fcs, eli silahl\u0131 yedi katil taraf\u0131ndan durdurulmu\u015f ve bu katiller, yanlar\u0131na sekizinciyi almak i\u00e7in g\u00f6zlerini karartm\u0131\u015ft\u0131r.Katliam, g\u00f6zya\u015f\u0131 ve ka\u00e7\u0131\u015f umudu&#8230; Defne, eski hayat\u0131na d\u00f6nmek i\u00e7in var g\u00fcc\u00fcyle \u00e7abalamaktad\u0131r ancak kar\u015f\u0131s\u0131ndakiler, normal insanlar de\u011fildir.Bir yanda katliamdan beslenen katiller, bir yanda benli\u011fini korumayan \u00e7al\u0131\u015fan Defne&#8230;Defne i\u00e7in hayat\u0131n ac\u0131mas\u0131z planlar\u0131 vard\u0131r. Neden se\u00e7ildi\u011fini \u00f6\u011frenmenin vakti gelmi\u015ftir. Ya onlardan biri olacakt\u0131r ya da onlara direnerek hayat\u0131n\u0131 daha da b\u00fcy\u00fck bir \u00e7\u0131kmaza s\u00fcr\u00fckleyecektir. \u201c17 numaradaki insano\u011flu, seni se\u00e7tim!\u201d<\/p>\n","protected":false},"excerpt":{"rendered":"<p>Dijital platformda milyonlarca ki\u015fi taraf\u0131ndan okunan 17 Numara serisinin ilk kitab\u0131 17 Numara: Katliam, kurgusu ile kalp at\u0131\u015flar\u0131n\u0131z\u0131 h\u0131zland\u0131r\u0131rken nefesinizi kesecek.Ger\u00e7ek manada k\u00f6t\u00fc olmak i\u00e7in insan<span class=\"excerpt-hellip\"> [\u2026]<\/span><\/p>\n","protected":false},"featured_media":0,"template":"","meta":{"_monsterinsights_skip_tracking":false,"_monsterinsights_sitenote_active":false,"_monsterinsights_sitenote_note":"","_monsterinsights_sitenote_category":0},"product_brand":[],"product_cat":[12291,12711],"product_tag":[],"class_list":{"0":"post-750088","1":"product","2":"type-product","3":"status-publish","5":"product_cat-edebiyat","6":"product_cat-roman-oyku","7":"pa_cilt-ciltli","8":"pa_tur-kitap","9":"pa_yayinevi-artemis-yayinlari","10":"pa_yazar-fatma-samata","12":"first","13":"instock","14":"sale","15":"shipping-taxable","16":"purchasable","17":"product-type-simple"},"_links":{"self":[{"href":"https:\/\/roveyayinevi.com.tr\/index.php\/wp-json\/wp\/v2\/product\/750088","targetHints":{"allow":["GET"]}}],"collection":[{"href":"https:\/\/roveyayinevi.com.tr\/index.php\/wp-json\/wp\/v2\/product"}],"about":[{"href":"https:\/\/roveyayinevi.com.tr\/index.php\/wp-json\/wp\/v2\/types\/product"}],"wp:attachment":[{"href":"https:\/\/roveyayinevi.com.tr\/index.php\/wp-json\/wp\/v2\/media?parent=750088"}],"wp:term":[{"taxonomy":"product_brand","embeddable":true,"href":"https:\/\/roveyayinevi.com.tr\/index.php\/wp-json\/wp\/v2\/product_brand?post=750088"},{"taxonomy":"product_cat","embeddable":true,"href":"https:\/\/roveyayinevi.com.tr\/index.php\/wp-json\/wp\/v2\/product_cat?post=750088"},{"taxonomy":"product_tag","embeddable":true,"href":"https:\/\/roveyayinevi.com.tr\/index.php\/wp-json\/wp\/v2\/product_tag?post=750088"}],"curies":[{"name":"wp","href":"https:\/\/api.w.org\/{rel}","templated":true}]}}