{"id":750087,"date":"2025-08-28T04:11:52","date_gmt":"2025-08-28T01:11:52","guid":{"rendered":"https:\/\/roveyayinevi.com.tr\/index.php\/urun\/turkiyenin-etno-kulturel-otekileri\/"},"modified":"2026-04-16T03:03:33","modified_gmt":"2026-04-16T00:03:33","slug":"turkiyenin-etno-kulturel-otekileri","status":"publish","type":"product","link":"https:\/\/roveyayinevi.com.tr\/index.php\/urun\/turkiyenin-etno-kulturel-otekileri\/","title":{"rendered":"T\u00fcrkiye\u2019nin Etno-K\u00fclt\u00fcrel \u00d6tekileri"},"content":{"rendered":"<p>T\u00fcrkiye\u2019nin Etno\u2013K\u00fclt\u00fcrel \u00d6tekileri sadece tarihsel, antropolojik ve sosyolojik bilgi payla\u015f\u0131m\u0131 arac\u0131l\u0131\u011f\u0131yla de\u011fil, ayn\u0131 zamanda g\u00fcncel geli\u015fmelerin de\u011ferlendirilmesi yoluyla T\u00fcrkiye\u2019nin az bilinen madun etno\u2013dinsel gruplar\u0131na \u0131\u015f\u0131k tutmay\u0131 ama\u00e7lamaktad\u0131r. Etno\u2013k\u00fclt\u00fcrel kimlikler, dinamik ve de\u011fi\u015fken \u00f6zellikler ta\u015f\u0131yan bir g\u00f6r\u00fcng\u00fc olarak T\u00fcrkiye\u2019nin mevcut uluslararas\u0131 politikalar\u0131n\u0131n sosyo\u2013siyasal yans\u0131mas\u0131 \u015feklinde ele al\u0131nmaktad\u0131r. Kitap ayn\u0131 zamanda T\u00fcrkiye\u2019nin etno\u2013k\u00fclt\u00fcrel \u00f6tekilerine kar\u015f\u0131, k\u00f6kleri ge\u00e7 Osmanl\u0131 d\u00f6nemine kadar giden ve bug\u00fcne kadar devam etmi\u015f olan ayr\u0131mc\u0131 ve \u00f6tekile\u015ftirici politikalar\u0131n\u0131n s\u00fcreklili\u011fine dikkat \u00e7ekmektedir. Hangi alanlarda benzer siyasal yakla\u015f\u0131mlar sergilenmeye devam etti\u011fi ve hangi alanlarda de\u011fi\u015fimler oldu\u011funu de\u011ferlendirilmektedir. Ayr\u0131ca kitapta, etno\u2013k\u00fclt\u00fcrel \u00f6tekilerin etno\u2013siyasal hayatta kalma stratejileri de\u011ferlendirilerek \u00e7a\u011fda\u015f T\u00fcrkiye\u2019deki siyasal \u00e7alkant\u0131lar\u0131n ve sosyo\u2013k\u00fclt\u00fcrel d\u00f6n\u00fc\u015f\u00fcm\u00fcn bir de\u011ferlendirmesinin sunulmas\u0131 ama\u00e7lanmaktad\u0131r. Etno\u2013k\u00fclt\u00fcrel \u00f6tekiler kavram\u0131yla hem ulusal ve uluslararas\u0131 yasalarla tan\u0131nan, hem de resmi olarak tan\u0131nmayan az\u0131nl\u0131klar kast edilmektedir.<\/p>\n","protected":false},"excerpt":{"rendered":"<p>T\u00fcrkiye\u2019nin Etno\u2013K\u00fclt\u00fcrel \u00d6tekileri sadece tarihsel, antropolojik ve sosyolojik bilgi payla\u015f\u0131m\u0131 arac\u0131l\u0131\u011f\u0131yla de\u011fil, ayn\u0131 zamanda g\u00fcncel geli\u015fmelerin de\u011ferlendirilmesi yoluyla T\u00fcrkiye\u2019nin az bilinen madun etno\u2013dinsel gruplar\u0131na \u0131\u015f\u0131k tutmay\u0131<span class=\"excerpt-hellip\"> [\u2026]<\/span><\/p>\n","protected":false},"featured_media":0,"template":"","meta":{"_monsterinsights_skip_tracking":false,"_monsterinsights_sitenote_active":false,"_monsterinsights_sitenote_note":"","_monsterinsights_sitenote_category":0},"product_brand":[],"product_cat":[13488],"product_tag":[],"class_list":{"0":"post-750087","1":"product","2":"type-product","3":"status-publish","5":"product_cat-toplum-ve-insan","6":"pa_cilt-ciltsiz","7":"pa_tur-kitap","8":"pa_yayinevi-koyusiyah-kitap","9":"pa_yazar-ahmet-kerim-gultekin-cakir-ceyhan-suvari","11":"first","12":"instock","13":"sale","14":"shipping-taxable","15":"purchasable","16":"product-type-simple"},"_links":{"self":[{"href":"https:\/\/roveyayinevi.com.tr\/index.php\/wp-json\/wp\/v2\/product\/750087","targetHints":{"allow":["GET"]}}],"collection":[{"href":"https:\/\/roveyayinevi.com.tr\/index.php\/wp-json\/wp\/v2\/product"}],"about":[{"href":"https:\/\/roveyayinevi.com.tr\/index.php\/wp-json\/wp\/v2\/types\/product"}],"wp:attachment":[{"href":"https:\/\/roveyayinevi.com.tr\/index.php\/wp-json\/wp\/v2\/media?parent=750087"}],"wp:term":[{"taxonomy":"product_brand","embeddable":true,"href":"https:\/\/roveyayinevi.com.tr\/index.php\/wp-json\/wp\/v2\/product_brand?post=750087"},{"taxonomy":"product_cat","embeddable":true,"href":"https:\/\/roveyayinevi.com.tr\/index.php\/wp-json\/wp\/v2\/product_cat?post=750087"},{"taxonomy":"product_tag","embeddable":true,"href":"https:\/\/roveyayinevi.com.tr\/index.php\/wp-json\/wp\/v2\/product_tag?post=750087"}],"curies":[{"name":"wp","href":"https:\/\/api.w.org\/{rel}","templated":true}]}}