{"id":750085,"date":"2025-08-28T04:11:49","date_gmt":"2025-08-28T01:11:49","guid":{"rendered":"https:\/\/roveyayinevi.com.tr\/index.php\/urun\/gulecyuz-ile-tembel-karinca\/"},"modified":"2026-04-16T03:03:33","modified_gmt":"2026-04-16T00:03:33","slug":"gulecyuz-ile-tembel-karinca","status":"publish","type":"product","link":"https:\/\/roveyayinevi.com.tr\/index.php\/urun\/gulecyuz-ile-tembel-karinca\/","title":{"rendered":"G\u00fcle\u00e7y\u00fcz \u0130le Tembel Kar\u0131nca"},"content":{"rendered":"<p>Ekmek elden su g\u00f6lden ya\u015faman\u0131n yolunu bulan tembel kar\u0131nca, g\u00fcn\u00fcn\u00fc g\u00fcn ediyor! Fakat bu ne kadar devam eder bilinmez! Bilgi\u00e7 kar\u0131nca ile G\u00fcle\u00e7y\u00fcz onu su\u00e7\u00fcst\u00fc yakalay\u0131nca i\u015fler de\u011fi\u015fiyor gibi! Serinin \u00fc\u00e7\u00fcnc\u00fc kitab\u0131yla, belki de d\u00fcnyada \u00f6rne\u011fi bulunmayan tembel kar\u0131nca ve bilgi\u00e7 kar\u0131ncayla tan\u0131\u015fmak iyi bir fikir gibi? G\u00fcle\u00e7y\u00fcz\u2019\u00fcn arkada\u015flar\u0131 \u0130yican, Mutlunaz ve Sevgisu ile tembel kar\u0131ncaya yard\u0131mc\u0131 olmaya ne dersiniz? \u00c7ocuklar\u0131m\u0131za okuma zevki a\u015f\u0131larken, bir yandan da, iyilik, mutluluk, sevgi, hayal kurman\u0131n \u00f6nemi, arkada\u015fl\u0131k, \u00e7al\u0131\u015fkanl\u0131k, ba\u015far\u0131, yard\u0131mla\u015fma ve benzeri de\u011ferleri anlamalar\u0131na yard\u0131mc\u0131 olacak 4 kitapl\u0131k serinin \u00fc\u00e7\u00fcnc\u00fc kitab\u0131 ile bulu\u015fmaya haz\u0131r m\u0131s\u0131n\u0131z? 10\u2019dan fazla kitab\u0131 K\u00fclt\u00fcr ve Turizm Bakanl\u0131\u011f\u0131 taraf\u0131ndan sat\u0131n al\u0131narak k\u00fct\u00fcphanelerde \u00e7ocuklar\u0131n istifadesine sunulan Hakan Karc\u0131\u2019n\u0131n yetkin kaleminden \u00e7\u0131kan ve \u00e7ocuklar\u0131 al\u0131\u015f\u0131lagelen anlat\u0131mlardan farkl\u0131 bir d\u00fcnyaya davet eden yepyeni bir kitap daha: G\u00dcLE\u00c7Y\u00dcZ \u0130LE TEMBEL KARINCA. Milli E\u011fitim Bakanl\u0131\u011f\u0131 taraf\u0131ndan belirlenen Dik Temel Harfler kullan\u0131larak bas\u0131lan ve renkli resimlerle s\u00fcslenen kitap, okumay\u0131 yeni \u00f6\u011frenmeye ba\u015flayanlar da d\u00e2hil olmak \u00fczere \u00e7ocuklar\u0131m\u0131za, keyifli bir okuma, e\u011flence ve yeni ufuklara do\u011fru bir yolculuk vadediyor. <\/p>\n","protected":false},"excerpt":{"rendered":"<p>Ekmek elden su g\u00f6lden ya\u015faman\u0131n yolunu bulan tembel kar\u0131nca, g\u00fcn\u00fcn\u00fc g\u00fcn ediyor! Fakat bu ne kadar devam eder bilinmez! Bilgi\u00e7 kar\u0131nca ile G\u00fcle\u00e7y\u00fcz onu su\u00e7\u00fcst\u00fc yakalay\u0131nca<span class=\"excerpt-hellip\"> [\u2026]<\/span><\/p>\n","protected":false},"featured_media":0,"template":"","meta":{"_monsterinsights_skip_tracking":false,"_monsterinsights_sitenote_active":false,"_monsterinsights_sitenote_note":"","_monsterinsights_sitenote_category":0},"product_brand":[],"product_cat":[12275,12274],"product_tag":[],"class_list":{"0":"post-750085","1":"product","2":"type-product","3":"status-publish","5":"product_cat-6-12-yas-kitaplari","6":"product_cat-cocuk-ve-genclik-kitaplari","7":"pa_cilt-ciltsiz","8":"pa_tur-kitap","9":"pa_yayinevi-kaptan-kitap","10":"pa_yazar-hakan-karci","12":"first","13":"instock","14":"sale","15":"shipping-taxable","16":"purchasable","17":"product-type-simple"},"_links":{"self":[{"href":"https:\/\/roveyayinevi.com.tr\/index.php\/wp-json\/wp\/v2\/product\/750085","targetHints":{"allow":["GET"]}}],"collection":[{"href":"https:\/\/roveyayinevi.com.tr\/index.php\/wp-json\/wp\/v2\/product"}],"about":[{"href":"https:\/\/roveyayinevi.com.tr\/index.php\/wp-json\/wp\/v2\/types\/product"}],"wp:attachment":[{"href":"https:\/\/roveyayinevi.com.tr\/index.php\/wp-json\/wp\/v2\/media?parent=750085"}],"wp:term":[{"taxonomy":"product_brand","embeddable":true,"href":"https:\/\/roveyayinevi.com.tr\/index.php\/wp-json\/wp\/v2\/product_brand?post=750085"},{"taxonomy":"product_cat","embeddable":true,"href":"https:\/\/roveyayinevi.com.tr\/index.php\/wp-json\/wp\/v2\/product_cat?post=750085"},{"taxonomy":"product_tag","embeddable":true,"href":"https:\/\/roveyayinevi.com.tr\/index.php\/wp-json\/wp\/v2\/product_tag?post=750085"}],"curies":[{"name":"wp","href":"https:\/\/api.w.org\/{rel}","templated":true}]}}