{"id":750083,"date":"2025-08-28T04:11:46","date_gmt":"2025-08-28T01:11:46","guid":{"rendered":"https:\/\/roveyayinevi.com.tr\/index.php\/urun\/sanatci-kadinlarin-kisa-oykusu-ciltli\/"},"modified":"2026-04-16T03:03:32","modified_gmt":"2026-04-16T00:03:32","slug":"sanatci-kadinlarin-kisa-oykusu-ciltli","status":"publish","type":"product","link":"https:\/\/roveyayinevi.com.tr\/index.php\/urun\/sanatci-kadinlarin-kisa-oykusu-ciltli\/","title":{"rendered":"Sanat\u00e7\u0131 Kad\u0131nlar\u0131n K\u0131sa \u00d6yk\u00fcs\u00fc (C\u0130LTL\u0130)"},"content":{"rendered":"<p>Kad\u0131n sanat\u00e7\u0131lar\u0131n erkek sanat\u00e7\u0131larla e\u015fit konumda de\u011ferlendirilmek i\u00e7in verdikleri m\u00fccadeleler, erkek egemen g\u00f6r\u00fcnen ak\u0131mlara yapt\u0131klar\u0131 katk\u0131lar, resmi sanat e\u011fitimi bile alamazken katettikleri yollar, \u015fimdilerde yeni yeni ke\u015ffedilen ola\u011fan\u00fcst\u00fc yetenekli ressamlar\u2026Susie Hodge Sanat\u00e7\u0131 Kad\u0131nlar\u0131n K\u0131sa \u00d6yk\u00fcs\u00fc kitab\u0131nda farkl\u0131 d\u00f6nemler, sanat\u00e7\u0131lar ve teknikler aras\u0131nda ba\u011flant\u0131lar kurarak okura sanat\u00e7\u0131 kad\u0131nlar\u0131n ba\u015far\u0131lar\u0131yla dolu e\u015fsiz bir kitap sunuyor<\/p>\n","protected":false},"excerpt":{"rendered":"<p>Kad\u0131n sanat\u00e7\u0131lar\u0131n erkek sanat\u00e7\u0131larla e\u015fit konumda de\u011ferlendirilmek i\u00e7in verdikleri m\u00fccadeleler, erkek egemen g\u00f6r\u00fcnen ak\u0131mlara yapt\u0131klar\u0131 katk\u0131lar, resmi sanat e\u011fitimi bile alamazken katettikleri yollar, \u015fimdilerde yeni yeni<span class=\"excerpt-hellip\"> [\u2026]<\/span><\/p>\n","protected":false},"featured_media":0,"template":"","meta":{"_monsterinsights_skip_tracking":false,"_monsterinsights_sitenote_active":false,"_monsterinsights_sitenote_note":"","_monsterinsights_sitenote_category":0},"product_brand":[],"product_cat":[44608,12408],"product_tag":[],"class_list":{"0":"post-750083","1":"product","2":"type-product","3":"status-publish","5":"product_cat-diger-sanat","6":"product_cat-sanat","7":"pa_cilt-ciltli","8":"pa_tur-kitap","9":"pa_yayinevi-hep-kitap","10":"pa_yazar-susie-hodge","12":"first","13":"instock","14":"sale","15":"shipping-taxable","16":"purchasable","17":"product-type-simple"},"_links":{"self":[{"href":"https:\/\/roveyayinevi.com.tr\/index.php\/wp-json\/wp\/v2\/product\/750083","targetHints":{"allow":["GET"]}}],"collection":[{"href":"https:\/\/roveyayinevi.com.tr\/index.php\/wp-json\/wp\/v2\/product"}],"about":[{"href":"https:\/\/roveyayinevi.com.tr\/index.php\/wp-json\/wp\/v2\/types\/product"}],"wp:attachment":[{"href":"https:\/\/roveyayinevi.com.tr\/index.php\/wp-json\/wp\/v2\/media?parent=750083"}],"wp:term":[{"taxonomy":"product_brand","embeddable":true,"href":"https:\/\/roveyayinevi.com.tr\/index.php\/wp-json\/wp\/v2\/product_brand?post=750083"},{"taxonomy":"product_cat","embeddable":true,"href":"https:\/\/roveyayinevi.com.tr\/index.php\/wp-json\/wp\/v2\/product_cat?post=750083"},{"taxonomy":"product_tag","embeddable":true,"href":"https:\/\/roveyayinevi.com.tr\/index.php\/wp-json\/wp\/v2\/product_tag?post=750083"}],"curies":[{"name":"wp","href":"https:\/\/api.w.org\/{rel}","templated":true}]}}