{"id":750082,"date":"2025-08-28T04:11:44","date_gmt":"2025-08-28T01:11:44","guid":{"rendered":"https:\/\/roveyayinevi.com.tr\/index.php\/urun\/romanin-kisa-oykusu-ciltli\/"},"modified":"2026-04-16T03:03:32","modified_gmt":"2026-04-16T00:03:32","slug":"romanin-kisa-oykusu-ciltli","status":"publish","type":"product","link":"https:\/\/roveyayinevi.com.tr\/index.php\/urun\/romanin-kisa-oykusu-ciltli\/","title":{"rendered":"Roman\u0131n K\u0131sa \u00d6yk\u00fcs\u00fc (C\u0130LTL\u0130)"},"content":{"rendered":"<p>Don Quijote\u2019den Alice Harikalar Diyar\u0131nda\u2019ya, Jane Eyre\u2019dan Sava\u015f ve Bar\u0131\u015f\u2019a, Ulysses\u2019ten Hayvan \u00c7iftli\u011fi\u2019ne, \u00c7avdar Tarlas\u0131nda \u00c7ocuklar\u2019dan Benim Ola\u011fan\u00fcst\u00fc Ak\u0131ll\u0131 Arkada\u015f\u0131m\u2019a 67 \u00f6nemli roman\u2026 Roman\u0131n K\u0131sa \u00d6yk\u00fcs\u00fc romanlar\u0131n k\u0131sa tasvirleri ve neden \u00f6nemli olduklar\u0131n\u0131n a\u00e7\u0131klamas\u0131n\u0131n yan\u0131 s\u0131ra \u00f6nemli janrlara, temalara ve tekniklere de \u0131\u015f\u0131k tutuyor. \u00c7evremizdeki d\u00fcnyay\u0131 anlamam\u0131zda roman\u0131n \u00f6nemine dikkat \u00e7eken bu anla\u015f\u0131l\u0131r ve ola\u011fan\u00fcst\u00fc g\u00f6rsellere sahip kitap, okurlar\u0131n hem en sevdikleri kitaplara farkl\u0131 bir g\u00f6zle bakmalar\u0131n\u0131 hem de yeni romanlar ke\u015ffetmelerini sa\u011flayacak. <\/p>\n","protected":false},"excerpt":{"rendered":"<p>Don Quijote\u2019den Alice Harikalar Diyar\u0131nda\u2019ya, Jane Eyre\u2019dan Sava\u015f ve Bar\u0131\u015f\u2019a, Ulysses\u2019ten Hayvan \u00c7iftli\u011fi\u2019ne, \u00c7avdar Tarlas\u0131nda \u00c7ocuklar\u2019dan Benim Ola\u011fan\u00fcst\u00fc Ak\u0131ll\u0131 Arkada\u015f\u0131m\u2019a 67 \u00f6nemli roman\u2026 Roman\u0131n K\u0131sa \u00d6yk\u00fcs\u00fc<span class=\"excerpt-hellip\"> [\u2026]<\/span><\/p>\n","protected":false},"featured_media":0,"template":"","meta":{"_monsterinsights_skip_tracking":false,"_monsterinsights_sitenote_active":false,"_monsterinsights_sitenote_note":"","_monsterinsights_sitenote_category":0},"product_brand":[],"product_cat":[13072,12291],"product_tag":[],"class_list":{"0":"post-750082","1":"product","2":"type-product","3":"status-publish","5":"product_cat-arastirma-inceleme-referans","6":"product_cat-edebiyat","7":"pa_cilt-ciltli","8":"pa_tur-kitap","9":"pa_yayinevi-hep-kitap","10":"pa_yazar-henry-russel","12":"first","13":"instock","14":"sale","15":"shipping-taxable","16":"purchasable","17":"product-type-simple"},"_links":{"self":[{"href":"https:\/\/roveyayinevi.com.tr\/index.php\/wp-json\/wp\/v2\/product\/750082","targetHints":{"allow":["GET"]}}],"collection":[{"href":"https:\/\/roveyayinevi.com.tr\/index.php\/wp-json\/wp\/v2\/product"}],"about":[{"href":"https:\/\/roveyayinevi.com.tr\/index.php\/wp-json\/wp\/v2\/types\/product"}],"wp:attachment":[{"href":"https:\/\/roveyayinevi.com.tr\/index.php\/wp-json\/wp\/v2\/media?parent=750082"}],"wp:term":[{"taxonomy":"product_brand","embeddable":true,"href":"https:\/\/roveyayinevi.com.tr\/index.php\/wp-json\/wp\/v2\/product_brand?post=750082"},{"taxonomy":"product_cat","embeddable":true,"href":"https:\/\/roveyayinevi.com.tr\/index.php\/wp-json\/wp\/v2\/product_cat?post=750082"},{"taxonomy":"product_tag","embeddable":true,"href":"https:\/\/roveyayinevi.com.tr\/index.php\/wp-json\/wp\/v2\/product_tag?post=750082"}],"curies":[{"name":"wp","href":"https:\/\/api.w.org\/{rel}","templated":true}]}}