{"id":750081,"date":"2025-08-28T04:11:42","date_gmt":"2025-08-28T01:11:42","guid":{"rendered":"https:\/\/roveyayinevi.com.tr\/index.php\/urun\/cati-kati-2\/"},"modified":"2026-04-16T03:03:32","modified_gmt":"2026-04-16T00:03:32","slug":"cati-kati-2","status":"publish","type":"product","link":"https:\/\/roveyayinevi.com.tr\/index.php\/urun\/cati-kati-2\/","title":{"rendered":"\u00c7at\u0131 Kat\u0131"},"content":{"rendered":"<p>T\u00fcm \u00fclkenin g\u00fcndemine oturan ve b\u00fcy\u00fck s\u0131rlarla dolu Beyaz Ev soru\u015fturmas\u0131n\u0131 y\u00fcr\u00fcten Ba\u015fkomiser Emris, kendisine ula\u015fan yeni delillerin ard\u0131ndan ara\u015ft\u0131rmay\u0131 derinle\u015ftirmeye ba\u015flar ve \u0130nterpol\u2019\u00fcn deste\u011fiyle yurt d\u0131\u015f\u0131na ta\u015f\u0131r. Beyaz Ev\u2019in yeni sahibi Eren ve daha \u00f6nce Beyaz Ev ile ba\u011flant\u0131l\u0131 cinayetleri \u00e7\u00f6zen Atlas, Demir, Ala \u00fc\u00e7l\u00fcs\u00fcn\u00fcn de d\u00e2hil oldu\u011fu \u00f6zel bir ekip kurar.Daha \u00f6nce ortadan kaybolan Arden\u2019i bulmak, soru\u015fturman\u0131n devam\u0131 ve uluslararas\u0131 su\u00e7 \u00f6rg\u00fct\u00fcn\u00fcn de\u015fifre edilmesi i\u00e7in kilit rol oynamaktad\u0131r. Ancak Arden\u2019den hi\u00e7bir iz yoktur. Ba\u015fkomiser Emris, Arden\u2019i bulmak i\u00e7in u\u011fra\u015f\u0131rken; Eren i\u00e7in ise eski sevgilisi Arden\u2019e yakla\u015fmak kendi i\u00e7inde b\u00fcy\u00fck i\u00e7 \u00e7at\u0131\u015fmalara neden olacakt\u0131r.T\u00fcnelden \u00d6nceki Beyaz Ev serisinin ba\u015far\u0131l\u0131 yazar\u0131 I\u015f\u0131l I\u015f\u0131k\u2019tan her b\u00f6l\u00fcm\u00fcnde ayr\u0131 bir heyecan ve merak duyaca\u011f\u0131n\u0131z bir polisiye roman\u2026 Beyaz Ev \u00fc\u00e7lemesinin final kitab\u0131 \u00c7at\u0131 Kat\u0131 isimli romanla, hik\u00e2ye sona yakla\u015f\u0131rken kendinizi bir yandan soluk solu\u011fa bir uluslararas\u0131 soru\u015fturman\u0131n i\u00e7inde bulacak, \u00f6te yandan Beyaz Ev\u2019deki yeni gizemli olaylarla korku ve gerilimi iliklerinize kadar hissetmeye devam edeceksiniz.<\/p>\n","protected":false},"excerpt":{"rendered":"<p>T\u00fcm \u00fclkenin g\u00fcndemine oturan ve b\u00fcy\u00fck s\u0131rlarla dolu Beyaz Ev soru\u015fturmas\u0131n\u0131 y\u00fcr\u00fcten Ba\u015fkomiser Emris, kendisine ula\u015fan yeni delillerin ard\u0131ndan ara\u015ft\u0131rmay\u0131 derinle\u015ftirmeye ba\u015flar ve \u0130nterpol\u2019\u00fcn deste\u011fiyle yurt<span class=\"excerpt-hellip\"> [\u2026]<\/span><\/p>\n","protected":false},"featured_media":0,"template":"","meta":{"_monsterinsights_skip_tracking":false,"_monsterinsights_sitenote_active":false,"_monsterinsights_sitenote_note":"","_monsterinsights_sitenote_category":0},"product_brand":[],"product_cat":[12291,17033],"product_tag":[],"class_list":{"0":"post-750081","1":"product","2":"type-product","3":"status-publish","5":"product_cat-edebiyat","6":"product_cat-korku-gerilim","7":"pa_cilt-ciltsiz","8":"pa_tur-kitap","9":"pa_yayinevi-yediveren-yayinlari","10":"pa_yazar-isil-isik","12":"first","13":"instock","14":"sale","15":"shipping-taxable","16":"purchasable","17":"product-type-simple"},"_links":{"self":[{"href":"https:\/\/roveyayinevi.com.tr\/index.php\/wp-json\/wp\/v2\/product\/750081","targetHints":{"allow":["GET"]}}],"collection":[{"href":"https:\/\/roveyayinevi.com.tr\/index.php\/wp-json\/wp\/v2\/product"}],"about":[{"href":"https:\/\/roveyayinevi.com.tr\/index.php\/wp-json\/wp\/v2\/types\/product"}],"wp:attachment":[{"href":"https:\/\/roveyayinevi.com.tr\/index.php\/wp-json\/wp\/v2\/media?parent=750081"}],"wp:term":[{"taxonomy":"product_brand","embeddable":true,"href":"https:\/\/roveyayinevi.com.tr\/index.php\/wp-json\/wp\/v2\/product_brand?post=750081"},{"taxonomy":"product_cat","embeddable":true,"href":"https:\/\/roveyayinevi.com.tr\/index.php\/wp-json\/wp\/v2\/product_cat?post=750081"},{"taxonomy":"product_tag","embeddable":true,"href":"https:\/\/roveyayinevi.com.tr\/index.php\/wp-json\/wp\/v2\/product_tag?post=750081"}],"curies":[{"name":"wp","href":"https:\/\/api.w.org\/{rel}","templated":true}]}}