{"id":750080,"date":"2025-08-28T04:11:41","date_gmt":"2025-08-28T01:11:41","guid":{"rendered":"https:\/\/roveyayinevi.com.tr\/index.php\/urun\/pop-sanat\/"},"modified":"2026-04-16T03:03:32","modified_gmt":"2026-04-16T00:03:32","slug":"pop-sanat","status":"publish","type":"product","link":"https:\/\/roveyayinevi.com.tr\/index.php\/urun\/pop-sanat\/","title":{"rendered":"Pop Sanat"},"content":{"rendered":"<p>K\u0131sa, renkli; zekice yaz\u0131lm\u0131\u015f, temel bilgilerin yer ald\u0131\u011f\u0131 muhte\u015fem kitaplar! hep kitap\u2019tan, sanat tarihine daha yak\u0131ndan \u015fahit olmak, t\u00fcm temel bilgileri \u00f6\u011frenmek isteyen okurlar i\u00e7in e\u015fsiz bir dizi:\u201cSanat\u0131n Olmazsa Olmazlar\u0131!\u201d Anla\u015f\u0131l\u0131r, sade, birbirinden g\u00fczel eserlerle bezeli, uzmanlar taraf\u0131ndan yaz\u0131lm\u0131\u015f bu kitaplarla sanat art\u0131k daha yak\u0131n\u0131n\u0131zda!Cesur renkleri, g\u00f6steri\u015fli g\u00f6rselleri ve alayc\u0131 ruhuyla t\u00fcm d\u00fcnyay\u0131 ele ge\u00e7iren, pop\u00fcler k\u00fclt\u00fcr ile \u201cy\u00fcksek\u201d k\u00fclt\u00fcr aras\u0131ndaki geleneksel s\u0131n\u0131rlar\u0131 kald\u0131ran bir ak\u0131m: Pop sanat. Hal b\u00f6yle olunca bu ak\u0131m\u0131 \u00f6\u011frenmek de anlamaya \u00e7al\u0131\u015fmak da \u00e7ok keyifli. Reklamc\u0131l\u0131k, siyaset, ev hayat\u0131, t\u00fcketim \u00fcr\u00fcnleri, sanat tarihi, \u00fcnl\u00fc k\u00fclt\u00fcr\u00fc, sava\u015f ve uzay yar\u0131\u015f\u0131 gibi pop sanatta s\u0131k s\u0131k kar\u015f\u0131m\u0131za \u00e7\u0131kan temalar\u0131n etraf\u0131na kurulu bu kitap \u201cpop\u00fcler\u201d olan\u0131 sanata \u00e7eviren bu ak\u0131mla tan\u0131\u015fmak i\u00e7in ola\u011fan\u00fcst\u00fc bir rehber!Haz\u0131r olun, renkli, \u00e7\u0131lg\u0131n, ele\u015ftirel bir d\u00fcnyan\u0131n kap\u0131s\u0131n\u0131 aralamak \u00fczeresiniz!<\/p>\n","protected":false},"excerpt":{"rendered":"<p>K\u0131sa, renkli; zekice yaz\u0131lm\u0131\u015f, temel bilgilerin yer ald\u0131\u011f\u0131 muhte\u015fem kitaplar! hep kitap\u2019tan, sanat tarihine daha yak\u0131ndan \u015fahit olmak, t\u00fcm temel bilgileri \u00f6\u011frenmek isteyen okurlar i\u00e7in e\u015fsiz<span class=\"excerpt-hellip\"> [\u2026]<\/span><\/p>\n","protected":false},"featured_media":0,"template":"","meta":{"_monsterinsights_skip_tracking":false,"_monsterinsights_sitenote_active":false,"_monsterinsights_sitenote_note":"","_monsterinsights_sitenote_category":0},"product_brand":[],"product_cat":[12408,14197],"product_tag":[],"class_list":{"0":"post-750080","1":"product","2":"type-product","3":"status-publish","5":"product_cat-sanat","6":"product_cat-sanat-tarihi","7":"pa_cilt-ciltsiz","8":"pa_tur-kitap","9":"pa_yayinevi-hep-kitap","10":"pa_yazar-flavia-frigeri","12":"first","13":"instock","14":"sale","15":"shipping-taxable","16":"purchasable","17":"product-type-simple"},"_links":{"self":[{"href":"https:\/\/roveyayinevi.com.tr\/index.php\/wp-json\/wp\/v2\/product\/750080","targetHints":{"allow":["GET"]}}],"collection":[{"href":"https:\/\/roveyayinevi.com.tr\/index.php\/wp-json\/wp\/v2\/product"}],"about":[{"href":"https:\/\/roveyayinevi.com.tr\/index.php\/wp-json\/wp\/v2\/types\/product"}],"wp:attachment":[{"href":"https:\/\/roveyayinevi.com.tr\/index.php\/wp-json\/wp\/v2\/media?parent=750080"}],"wp:term":[{"taxonomy":"product_brand","embeddable":true,"href":"https:\/\/roveyayinevi.com.tr\/index.php\/wp-json\/wp\/v2\/product_brand?post=750080"},{"taxonomy":"product_cat","embeddable":true,"href":"https:\/\/roveyayinevi.com.tr\/index.php\/wp-json\/wp\/v2\/product_cat?post=750080"},{"taxonomy":"product_tag","embeddable":true,"href":"https:\/\/roveyayinevi.com.tr\/index.php\/wp-json\/wp\/v2\/product_tag?post=750080"}],"curies":[{"name":"wp","href":"https:\/\/api.w.org\/{rel}","templated":true}]}}