{"id":750079,"date":"2025-08-28T04:11:39","date_gmt":"2025-08-28T01:11:39","guid":{"rendered":"https:\/\/roveyayinevi.com.tr\/index.php\/urun\/olumsuz-karakter-ozellikleri\/"},"modified":"2026-04-16T03:03:32","modified_gmt":"2026-04-16T00:03:32","slug":"olumsuz-karakter-ozellikleri","status":"publish","type":"product","link":"https:\/\/roveyayinevi.com.tr\/index.php\/urun\/olumsuz-karakter-ozellikleri\/","title":{"rendered":"Olumsuz Karakter \u00d6zellikleri"},"content":{"rendered":"<p>\u0130yi bir roman yazmak i\u00e7in \u00f6ncelikle neye ihtiyac\u0131n\u0131z var? Parlak bir fikre mi? \u0130yi bir atmosfere mi? G\u00fc\u00e7l\u00fc mek\u00e2n tasvirlerine mi? Sa\u011flam bir olay \u00f6rg\u00fcs\u00fcne mi? Hepsini ba\u015fard\u0131n\u0131z ama h\u00e2l\u00e2 i\u00e7inize sinmiyor mu? Karakterlerinizi tekrar g\u00f6zden ge\u00e7irmeye ne dersiniz? Size bu yolda da destek olmak i\u00e7in hep kitap\u2019\u0131n yazmay\u0131 ve okumay\u0131 hayat\u0131n\u0131n merkezine yerle\u015ftirenlere yol arkada\u015fl\u0131\u011f\u0131 yapmay\u0131 hedefleyen \u201cAt\u00f6lye\u201d kitaplar\u0131na yepyeni bir dizi ekleniyor: Karakter Yaratma Rehberi. Okurun sevece\u011fi, ilgin\u00e7 karakterler yaratmak i\u00e7in denge \u00e7ok \u00f6nemli. Ger\u00e7ek\u00e7i karakterler yaratmak istiyorsan\u0131z bir amaca ula\u015fmas\u0131n\u0131 sa\u011flayacak olumlu \u00f6zelliklerin yan\u0131 s\u0131ra ona engel olacak kusurlar\u0131, zaaflar\u0131 da iyi belirlemelisiniz. Karakterinizin neden o kusura sahip oldu\u011funu, geri planda bir travma olup olmad\u0131\u011f\u0131n\u0131, temel ihtiya\u00e7lar\u0131n\u0131, o kusurun hayat\u0131n\u0131 nas\u0131l etkiledi\u011fini, d\u00fc\u015f\u00fcncelerine nas\u0131l y\u00f6n verdi\u011fini bilmelisiniz. Zaaflar\u0131n\u0131n \u00fcstesinden gelmek i\u00e7in ne t\u00fcr senaryolarla kar\u015f\u0131la\u015fabilece\u011fini d\u00fc\u015f\u00fcnmelisiniz. Bunlar\u0131 tek tek planlamak bazen zorlay\u0131c\u0131 olabilir. \u00dcmitsizli\u011fe kap\u0131lmadan \u00f6nce Olumsuz Karakter \u00d6zellikleri\u2019ne g\u00f6z atmay\u0131 unutmay\u0131n.<\/p>\n","protected":false},"excerpt":{"rendered":"<p>\u0130yi bir roman yazmak i\u00e7in \u00f6ncelikle neye ihtiyac\u0131n\u0131z var? Parlak bir fikre mi? \u0130yi bir atmosfere mi? G\u00fc\u00e7l\u00fc mek\u00e2n tasvirlerine mi? Sa\u011flam bir olay \u00f6rg\u00fcs\u00fcne mi?<span class=\"excerpt-hellip\"> [\u2026]<\/span><\/p>\n","protected":false},"featured_media":0,"template":"","meta":{"_monsterinsights_skip_tracking":false,"_monsterinsights_sitenote_active":false,"_monsterinsights_sitenote_note":"","_monsterinsights_sitenote_category":0},"product_brand":[],"product_cat":[13072,12291],"product_tag":[],"class_list":{"0":"post-750079","1":"product","2":"type-product","3":"status-publish","5":"product_cat-arastirma-inceleme-referans","6":"product_cat-edebiyat","7":"pa_cilt-ciltsiz","8":"pa_tur-kitap","9":"pa_yayinevi-hep-kitap","10":"pa_yazar-angela-ackerman-becca-puglisi","12":"first","13":"instock","14":"sale","15":"shipping-taxable","16":"purchasable","17":"product-type-simple"},"_links":{"self":[{"href":"https:\/\/roveyayinevi.com.tr\/index.php\/wp-json\/wp\/v2\/product\/750079","targetHints":{"allow":["GET"]}}],"collection":[{"href":"https:\/\/roveyayinevi.com.tr\/index.php\/wp-json\/wp\/v2\/product"}],"about":[{"href":"https:\/\/roveyayinevi.com.tr\/index.php\/wp-json\/wp\/v2\/types\/product"}],"wp:attachment":[{"href":"https:\/\/roveyayinevi.com.tr\/index.php\/wp-json\/wp\/v2\/media?parent=750079"}],"wp:term":[{"taxonomy":"product_brand","embeddable":true,"href":"https:\/\/roveyayinevi.com.tr\/index.php\/wp-json\/wp\/v2\/product_brand?post=750079"},{"taxonomy":"product_cat","embeddable":true,"href":"https:\/\/roveyayinevi.com.tr\/index.php\/wp-json\/wp\/v2\/product_cat?post=750079"},{"taxonomy":"product_tag","embeddable":true,"href":"https:\/\/roveyayinevi.com.tr\/index.php\/wp-json\/wp\/v2\/product_tag?post=750079"}],"curies":[{"name":"wp","href":"https:\/\/api.w.org\/{rel}","templated":true}]}}