{"id":750076,"date":"2025-08-28T04:11:35","date_gmt":"2025-08-28T01:11:35","guid":{"rendered":"https:\/\/roveyayinevi.com.tr\/index.php\/urun\/mimarligin-kisa-oykusu\/"},"modified":"2026-04-16T03:03:32","modified_gmt":"2026-04-16T00:03:32","slug":"mimarligin-kisa-oykusu","status":"publish","type":"product","link":"https:\/\/roveyayinevi.com.tr\/index.php\/urun\/mimarligin-kisa-oykusu\/","title":{"rendered":"Mimarl\u0131\u011f\u0131n K\u0131sa \u00d6yk\u00fcs\u00fc"},"content":{"rendered":"<p>Piramitlerden katedrallere, tap\u0131naklardan g\u00f6kdelenlere, metro istasyonlar\u0131na mimarl\u0131k tarihinin 50 \u00f6nemli binas\u0131n\u0131n incelemesi. Binalar\u0131 kim yapt\u0131, yap\u0131m\u0131nda hangi malzemeler ve teknikler kullan\u0131ld\u0131? Mimarl\u0131k nas\u0131l geli\u015fti, yeniliklere kimler katk\u0131da bulundu ve bu yenilikler hangi co\u011frafyalarda, hangi k\u00fclt\u00fcrlerin etkisi alt\u0131nda ger\u00e7ekle\u015fti?Antik M\u0131s\u0131r\u2019dan bug\u00fcne mimarl\u0131k tarihini rahatl\u0131kla takip etmenizi sa\u011flayan tasar\u0131m\u0131yla Mimarl\u0131\u011f\u0131n K\u0131sa \u00d6yk\u00fcs\u00fc mimarl\u0131\u011f\u0131n b\u00fcy\u00fcleyici, heybetli d\u00fcnyas\u0131na e\u015fsiz bir giri\u015f. <\/p>\n","protected":false},"excerpt":{"rendered":"<p>Piramitlerden katedrallere, tap\u0131naklardan g\u00f6kdelenlere, metro istasyonlar\u0131na mimarl\u0131k tarihinin 50 \u00f6nemli binas\u0131n\u0131n incelemesi. Binalar\u0131 kim yapt\u0131, yap\u0131m\u0131nda hangi malzemeler ve teknikler kullan\u0131ld\u0131? Mimarl\u0131k nas\u0131l geli\u015fti, yeniliklere kimler<span class=\"excerpt-hellip\"> [\u2026]<\/span><\/p>\n","protected":false},"featured_media":0,"template":"","meta":{"_monsterinsights_skip_tracking":false,"_monsterinsights_sitenote_active":false,"_monsterinsights_sitenote_note":"","_monsterinsights_sitenote_category":0},"product_brand":[],"product_cat":[12408,14197],"product_tag":[],"class_list":{"0":"post-750076","1":"product","2":"type-product","3":"status-publish","5":"product_cat-sanat","6":"product_cat-sanat-tarihi","7":"pa_cilt-ciltsiz","8":"pa_tur-kitap","9":"pa_yayinevi-hep-kitap","10":"pa_yazar-susie-hodge","12":"first","13":"instock","14":"sale","15":"shipping-taxable","16":"purchasable","17":"product-type-simple"},"_links":{"self":[{"href":"https:\/\/roveyayinevi.com.tr\/index.php\/wp-json\/wp\/v2\/product\/750076","targetHints":{"allow":["GET"]}}],"collection":[{"href":"https:\/\/roveyayinevi.com.tr\/index.php\/wp-json\/wp\/v2\/product"}],"about":[{"href":"https:\/\/roveyayinevi.com.tr\/index.php\/wp-json\/wp\/v2\/types\/product"}],"wp:attachment":[{"href":"https:\/\/roveyayinevi.com.tr\/index.php\/wp-json\/wp\/v2\/media?parent=750076"}],"wp:term":[{"taxonomy":"product_brand","embeddable":true,"href":"https:\/\/roveyayinevi.com.tr\/index.php\/wp-json\/wp\/v2\/product_brand?post=750076"},{"taxonomy":"product_cat","embeddable":true,"href":"https:\/\/roveyayinevi.com.tr\/index.php\/wp-json\/wp\/v2\/product_cat?post=750076"},{"taxonomy":"product_tag","embeddable":true,"href":"https:\/\/roveyayinevi.com.tr\/index.php\/wp-json\/wp\/v2\/product_tag?post=750076"}],"curies":[{"name":"wp","href":"https:\/\/api.w.org\/{rel}","templated":true}]}}