{"id":750075,"date":"2025-08-28T04:11:33","date_gmt":"2025-08-28T01:11:33","guid":{"rendered":"https:\/\/roveyayinevi.com.tr\/index.php\/urun\/kahvenin-pesinde-avrupa-cafelerinde-viyana\/"},"modified":"2026-04-16T03:03:32","modified_gmt":"2026-04-16T00:03:32","slug":"kahvenin-pesinde-avrupa-cafelerinde-viyana","status":"publish","type":"product","link":"https:\/\/roveyayinevi.com.tr\/index.php\/urun\/kahvenin-pesinde-avrupa-cafelerinde-viyana\/","title":{"rendered":"Kahvenin Pe\u015finde \/ Avrupa Cafe\u2019lerinde &#8211; Viyana"},"content":{"rendered":"<p>\u201cElbet g\u00fcn gelecek ve iyi bir pasta, iyi bir \u00fctopya kadar \u00f6nemli olacak. Kahve nas\u0131l sat\u0131l\u0131r? Bir caf\u00e9\u2019de yaln\u0131z bir kad\u0131n ne yapar? Pasta \u00e7atalla m\u0131 ka\u015f\u0131kla m\u0131 yenir? Hangi millet hangi t\u00fcr kahveyi seviyor? Kahveyi kavururken \u015feker katarsan ne olur? Papazlar caf\u00e9\u2019lerde neden \u015farap i\u00e7er? gibi konular \u00f6nemli olacak. Benim bu yazd\u0131klar\u0131msa \u00f6nemli olmayacak belki\u2026 Ama bir yolda y\u00fcr\u00fcrken, yerde g\u00f6r\u00fcl\u00fcp tak\u0131l\u0131nm\u0131\u015f bir \u00e7izgi roman par\u00e7as\u0131 gibi, o an\u0131 hafifleten, ya\u015fan\u0131r k\u0131lan bir yan\u0131 olabilir. O da bize yeter.\u201d Roman ve \u00f6yk\u00fc kitaplar\u0131yla tan\u0131d\u0131\u011f\u0131m\u0131z Cem Selcen bu kez eski usul kalemleri ve defterleri ile Avrupa caf\u00e9\u2019lerinde dola\u015f\u0131yor. \u0130lk dura\u011f\u0131 olan Viyana\u2019da Caf\u00e9 Mozart\u2019tan edebiyat\u00e7\u0131lar\u0131n u\u011frak yeri Caf\u00e9 Br\u00e4unerhof\u2019a, \u00f6nemli pek \u00e7ok tarihi ki\u015fiyi a\u011f\u0131rlayan Caf\u00e9 Central\u2019den bah\u00e7esindeki a\u00e7\u0131k hava m\u00fcze gecesine bizi kahvenin rehberli\u011finde bir yolculu\u011fa \u00e7\u0131kar\u0131yor. Kahvenin Pe\u015finde \/ Avrupa Caf\u00e9\u2019lerinde dizisi Viyana ile ba\u015fl\u0131yor\u2026 Serinin di\u011fer kitaplar\u0131 da \u00e7ok yak\u0131nda Paris, Berlin ve Roma \u015fehirlerinde okuru kahvenin rehberli\u011finde yeni ke\u015fiflere \u00e7\u0131karacak.Kahvenin Pe\u015finde \/ Avrupa Caf\u00e9\u2019lerinde &#8211; Viyana Avrupa Caf\u00e9\u2019lerinde &#8211; Viyana <\/p>\n","protected":false},"excerpt":{"rendered":"<p>\u201cElbet g\u00fcn gelecek ve iyi bir pasta, iyi bir \u00fctopya kadar \u00f6nemli olacak. Kahve nas\u0131l sat\u0131l\u0131r? Bir caf\u00e9\u2019de yaln\u0131z bir kad\u0131n ne yapar? Pasta \u00e7atalla m\u0131<span class=\"excerpt-hellip\"> [\u2026]<\/span><\/p>\n","protected":false},"featured_media":0,"template":"","meta":{"_monsterinsights_skip_tracking":false,"_monsterinsights_sitenote_active":false,"_monsterinsights_sitenote_note":"","_monsterinsights_sitenote_category":0},"product_brand":[],"product_cat":[12291,12711],"product_tag":[],"class_list":{"0":"post-750075","1":"product","2":"type-product","3":"status-publish","5":"product_cat-edebiyat","6":"product_cat-roman-oyku","7":"pa_cilt-ciltsiz","8":"pa_tur-kitap","9":"pa_yayinevi-hep-kitap","10":"pa_yazar-cem-selcen","12":"first","13":"instock","14":"sale","15":"shipping-taxable","16":"purchasable","17":"product-type-simple"},"_links":{"self":[{"href":"https:\/\/roveyayinevi.com.tr\/index.php\/wp-json\/wp\/v2\/product\/750075","targetHints":{"allow":["GET"]}}],"collection":[{"href":"https:\/\/roveyayinevi.com.tr\/index.php\/wp-json\/wp\/v2\/product"}],"about":[{"href":"https:\/\/roveyayinevi.com.tr\/index.php\/wp-json\/wp\/v2\/types\/product"}],"wp:attachment":[{"href":"https:\/\/roveyayinevi.com.tr\/index.php\/wp-json\/wp\/v2\/media?parent=750075"}],"wp:term":[{"taxonomy":"product_brand","embeddable":true,"href":"https:\/\/roveyayinevi.com.tr\/index.php\/wp-json\/wp\/v2\/product_brand?post=750075"},{"taxonomy":"product_cat","embeddable":true,"href":"https:\/\/roveyayinevi.com.tr\/index.php\/wp-json\/wp\/v2\/product_cat?post=750075"},{"taxonomy":"product_tag","embeddable":true,"href":"https:\/\/roveyayinevi.com.tr\/index.php\/wp-json\/wp\/v2\/product_tag?post=750075"}],"curies":[{"name":"wp","href":"https:\/\/api.w.org\/{rel}","templated":true}]}}