{"id":750069,"date":"2025-08-28T04:11:23","date_gmt":"2025-08-28T01:11:23","guid":{"rendered":"https:\/\/roveyayinevi.com.tr\/index.php\/urun\/bilimin-kisa-oykusu-ciltli\/"},"modified":"2026-04-16T03:03:32","modified_gmt":"2026-04-16T00:03:32","slug":"bilimin-kisa-oykusu-ciltli","status":"publish","type":"product","link":"https:\/\/roveyayinevi.com.tr\/index.php\/urun\/bilimin-kisa-oykusu-ciltli\/","title":{"rendered":"Bilimin K\u0131sa \u00d6yk\u00fcs\u00fc (Ciltli)"},"content":{"rendered":"<p>Arkhimedes\u2019in kald\u0131rma kuvvetiyle ilgili \u00e7al\u0131\u015fmalar\u0131ndan, karanl\u0131k maddenin ke\u015ffine 60 \u00f6nemli deney; bu deneylerin bilim tarihiyle ba\u011flant\u0131s\u0131; bilime y\u00f6n vermi\u015f \u00f6nemli teoriler; y\u00f6ntemler ve ara\u00e7lar\u2026Tom Jackson karma\u015f\u0131k terimlerden uzak durarak anla\u015f\u0131l\u0131r hale getirdi\u011fi Bilimin K\u0131sa \u00d6yk\u00fcs\u00fc kitab\u0131nda okura ihtiyac\u0131 olan temel bilgileri sunup herkesin bilimin b\u00fcy\u00fcleyici tarihinin tad\u0131n\u0131 \u00e7\u0131karmas\u0131n\u0131 sa\u011fl\u0131yor<\/p>\n","protected":false},"excerpt":{"rendered":"<p>Arkhimedes\u2019in kald\u0131rma kuvvetiyle ilgili \u00e7al\u0131\u015fmalar\u0131ndan, karanl\u0131k maddenin ke\u015ffine 60 \u00f6nemli deney; bu deneylerin bilim tarihiyle ba\u011flant\u0131s\u0131; bilime y\u00f6n vermi\u015f \u00f6nemli teoriler; y\u00f6ntemler ve ara\u00e7lar\u2026Tom Jackson karma\u015f\u0131k<span class=\"excerpt-hellip\"> [\u2026]<\/span><\/p>\n","protected":false},"featured_media":0,"template":"","meta":{"_monsterinsights_skip_tracking":false,"_monsterinsights_sitenote_active":false,"_monsterinsights_sitenote_note":"","_monsterinsights_sitenote_category":0},"product_brand":[],"product_cat":[13005,37328],"product_tag":[],"class_list":{"0":"post-750069","1":"product","2":"type-product","3":"status-publish","5":"product_cat-bilim-muhendislik","6":"product_cat-diger-bilim-muhendislik","7":"pa_cilt-ciltli","8":"pa_tur-kitap","9":"pa_yayinevi-hep-kitap","10":"pa_yazar-tom-jackson","12":"first","13":"instock","14":"sale","15":"shipping-taxable","16":"purchasable","17":"product-type-simple"},"_links":{"self":[{"href":"https:\/\/roveyayinevi.com.tr\/index.php\/wp-json\/wp\/v2\/product\/750069","targetHints":{"allow":["GET"]}}],"collection":[{"href":"https:\/\/roveyayinevi.com.tr\/index.php\/wp-json\/wp\/v2\/product"}],"about":[{"href":"https:\/\/roveyayinevi.com.tr\/index.php\/wp-json\/wp\/v2\/types\/product"}],"wp:attachment":[{"href":"https:\/\/roveyayinevi.com.tr\/index.php\/wp-json\/wp\/v2\/media?parent=750069"}],"wp:term":[{"taxonomy":"product_brand","embeddable":true,"href":"https:\/\/roveyayinevi.com.tr\/index.php\/wp-json\/wp\/v2\/product_brand?post=750069"},{"taxonomy":"product_cat","embeddable":true,"href":"https:\/\/roveyayinevi.com.tr\/index.php\/wp-json\/wp\/v2\/product_cat?post=750069"},{"taxonomy":"product_tag","embeddable":true,"href":"https:\/\/roveyayinevi.com.tr\/index.php\/wp-json\/wp\/v2\/product_tag?post=750069"}],"curies":[{"name":"wp","href":"https:\/\/api.w.org\/{rel}","templated":true}]}}