{"id":750068,"date":"2025-08-28T04:11:21","date_gmt":"2025-08-28T01:11:21","guid":{"rendered":"https:\/\/roveyayinevi.com.tr\/index.php\/urun\/benim-adim-ogretmen\/"},"modified":"2026-04-16T03:03:32","modified_gmt":"2026-04-16T00:03:32","slug":"benim-adim-ogretmen","status":"publish","type":"product","link":"https:\/\/roveyayinevi.com.tr\/index.php\/urun\/benim-adim-ogretmen\/","title":{"rendered":"Benim Ad\u0131m \u00d6\u011fretmen"},"content":{"rendered":"<p>\u00d6\u011fretmenler\u2026 Kelimeler yetmez onlar\u0131n \u00f6nemini anlatmaya. Nihayetinde ba\u015fka hangi meslek var ki insan hayat\u0131n\u0131 bu kadar \u015fekillendirebilsin ve gelece\u011fi in\u015fa etsin? Nurten Akku\u015f, \u00e7ocukluk hayalini hakk\u0131n\u0131 vererek ya\u015fayan bir \u00f6\u011fretmen. K\u00f6y okulunda ba\u015flayan \u00f6\u011fretmenlik kariyerini uluslararas\u0131 ba\u015far\u0131larla bezemi\u015f, \u00e7ocuklar\u0131n\u0131n tek bir g\u00fcl\u00fcmsemesi i\u00e7in her fedak\u00e2rl\u0131\u011f\u0131 yapan, ba\u015far\u0131l\u0131 bir kad\u0131n. K\u00e2h s\u0131n\u0131flar in\u015fa etmi\u015f onlar i\u00e7in, k\u00e2h do\u011fan\u0131n sundu\u011fu f\u0131rsatlardan faydalanmaya te\u015fvik etmi\u015f \u00e7ocuklar\u0131n\u0131. Bu kitapta ise hem gen\u00e7 \u00f6\u011fretmenlerle, hem \u00f6\u011fretmen olmay\u0131 arzulayanlarla hem de hayallerine giden yolda bir deste\u011fe ihtiya\u00e7 duyan herkesle payla\u015f\u0131yor deneyimlerini. K\u00f6y okulundan d\u00fcnyaya uzanan yolda kar\u015f\u0131la\u015ft\u0131\u011f\u0131 g\u00fc\u00e7l\u00fckleri, onlar\u0131n \u00fcstesinden nas\u0131l geldi\u011fini, 21. y\u00fczy\u0131l \u00f6\u011fretmeni olman\u0131n gerekliliklerini anlat\u0131p \u00f6zellikle k\u0131rsal b\u00f6lgelerde \u00f6\u011fretmenlik yapmak isteyenler i\u00e7in e\u015fsiz bir rehber sunuyor. \u00c7\u00fcnk\u00fc Nurten \u00d6\u011fretmen\u2019in hep dedi\u011fi gibi, \u201cBir \u00e7ocuk de\u011fi\u015fir, d\u00fcnya de\u011fi\u015fir.\u201d<\/p>\n","protected":false},"excerpt":{"rendered":"<p>\u00d6\u011fretmenler\u2026 Kelimeler yetmez onlar\u0131n \u00f6nemini anlatmaya. Nihayetinde ba\u015fka hangi meslek var ki insan hayat\u0131n\u0131 bu kadar \u015fekillendirebilsin ve gelece\u011fi in\u015fa etsin? Nurten Akku\u015f, \u00e7ocukluk hayalini hakk\u0131n\u0131<span class=\"excerpt-hellip\"> [\u2026]<\/span><\/p>\n","protected":false},"featured_media":0,"template":"","meta":{"_monsterinsights_skip_tracking":false,"_monsterinsights_sitenote_active":false,"_monsterinsights_sitenote_note":"","_monsterinsights_sitenote_category":0},"product_brand":[],"product_cat":[18545,12291],"product_tag":[],"class_list":{"0":"post-750068","1":"product","2":"type-product","3":"status-publish","5":"product_cat-anlati","6":"product_cat-edebiyat","7":"pa_cilt-ciltsiz","8":"pa_tur-kitap","9":"pa_yayinevi-hep-kitap","10":"pa_yazar-nurten-akkus","12":"first","13":"instock","14":"sale","15":"shipping-taxable","16":"purchasable","17":"product-type-simple"},"_links":{"self":[{"href":"https:\/\/roveyayinevi.com.tr\/index.php\/wp-json\/wp\/v2\/product\/750068","targetHints":{"allow":["GET"]}}],"collection":[{"href":"https:\/\/roveyayinevi.com.tr\/index.php\/wp-json\/wp\/v2\/product"}],"about":[{"href":"https:\/\/roveyayinevi.com.tr\/index.php\/wp-json\/wp\/v2\/types\/product"}],"wp:attachment":[{"href":"https:\/\/roveyayinevi.com.tr\/index.php\/wp-json\/wp\/v2\/media?parent=750068"}],"wp:term":[{"taxonomy":"product_brand","embeddable":true,"href":"https:\/\/roveyayinevi.com.tr\/index.php\/wp-json\/wp\/v2\/product_brand?post=750068"},{"taxonomy":"product_cat","embeddable":true,"href":"https:\/\/roveyayinevi.com.tr\/index.php\/wp-json\/wp\/v2\/product_cat?post=750068"},{"taxonomy":"product_tag","embeddable":true,"href":"https:\/\/roveyayinevi.com.tr\/index.php\/wp-json\/wp\/v2\/product_tag?post=750068"}],"curies":[{"name":"wp","href":"https:\/\/api.w.org\/{rel}","templated":true}]}}