{"id":750066,"date":"2025-08-28T04:11:18","date_gmt":"2025-08-28T01:11:18","guid":{"rendered":"https:\/\/roveyayinevi.com.tr\/index.php\/urun\/multeci-ve-gocmen-cocuklarin-motor-gelisimleri-ve-temel-psikolojik-ihtiyaclari\/"},"modified":"2026-04-16T03:03:32","modified_gmt":"2026-04-16T00:03:32","slug":"multeci-ve-gocmen-cocuklarin-motor-gelisimleri-ve-temel-psikolojik-ihtiyaclari","status":"publish","type":"product","link":"https:\/\/roveyayinevi.com.tr\/index.php\/urun\/multeci-ve-gocmen-cocuklarin-motor-gelisimleri-ve-temel-psikolojik-ihtiyaclari\/","title":{"rendered":"M\u00fclteci ve G\u00f6\u00e7men \u00c7ocuklar\u0131n Motor Geli\u015fimleri ve Temel Psikolojik \u0130htiya\u00e7lar\u0131"},"content":{"rendered":"<p>\u0130\u00e7indekiler       1.      B\u00d6L\u00dcM : G\u0130R\u0130\u015e 2.      B\u00d6L\u00dcM : MOTOR GEL\u0130\u015e\u0130M 3.      B\u00d6L\u00dcM : H\u00dcR \u0130RADE KURAMI 4.B\u00d6L\u00dcM : G\u00d6\u00c7<\/p>\n","protected":false},"excerpt":{"rendered":"<p>\u0130\u00e7indekiler 1. B\u00d6L\u00dcM : G\u0130R\u0130\u015e 2. B\u00d6L\u00dcM : MOTOR GEL\u0130\u015e\u0130M 3. B\u00d6L\u00dcM : H\u00dcR \u0130RADE KURAMI 4.B\u00d6L\u00dcM : G\u00d6\u00c7<\/p>\n","protected":false},"featured_media":0,"template":"","meta":{"_monsterinsights_skip_tracking":false,"_monsterinsights_sitenote_active":false,"_monsterinsights_sitenote_note":"","_monsterinsights_sitenote_category":0},"product_brand":[],"product_cat":[12573,12566],"product_tag":[],"class_list":{"0":"post-750066","1":"product","2":"type-product","3":"status-publish","5":"product_cat-akademik-kitaplar","6":"product_cat-egitim","7":"pa_cilt-ciltsiz","8":"pa_tur-kitap","9":"pa_yayinevi-gazi-kitabevi","10":"pa_yazar-ali-riza-atici","12":"first","13":"instock","14":"sale","15":"shipping-taxable","16":"purchasable","17":"product-type-simple"},"_links":{"self":[{"href":"https:\/\/roveyayinevi.com.tr\/index.php\/wp-json\/wp\/v2\/product\/750066","targetHints":{"allow":["GET"]}}],"collection":[{"href":"https:\/\/roveyayinevi.com.tr\/index.php\/wp-json\/wp\/v2\/product"}],"about":[{"href":"https:\/\/roveyayinevi.com.tr\/index.php\/wp-json\/wp\/v2\/types\/product"}],"wp:attachment":[{"href":"https:\/\/roveyayinevi.com.tr\/index.php\/wp-json\/wp\/v2\/media?parent=750066"}],"wp:term":[{"taxonomy":"product_brand","embeddable":true,"href":"https:\/\/roveyayinevi.com.tr\/index.php\/wp-json\/wp\/v2\/product_brand?post=750066"},{"taxonomy":"product_cat","embeddable":true,"href":"https:\/\/roveyayinevi.com.tr\/index.php\/wp-json\/wp\/v2\/product_cat?post=750066"},{"taxonomy":"product_tag","embeddable":true,"href":"https:\/\/roveyayinevi.com.tr\/index.php\/wp-json\/wp\/v2\/product_tag?post=750066"}],"curies":[{"name":"wp","href":"https:\/\/api.w.org\/{rel}","templated":true}]}}