{"id":750065,"date":"2025-08-28T04:11:17","date_gmt":"2025-08-28T01:11:17","guid":{"rendered":"https:\/\/roveyayinevi.com.tr\/index.php\/urun\/functional-movement-screen-fms-fonksiyonel-hareket-analizi-fha\/"},"modified":"2026-04-16T03:03:32","modified_gmt":"2026-04-16T00:03:32","slug":"functional-movement-screen-fms-fonksiyonel-hareket-analizi-fha","status":"publish","type":"product","link":"https:\/\/roveyayinevi.com.tr\/index.php\/urun\/functional-movement-screen-fms-fonksiyonel-hareket-analizi-fha\/","title":{"rendered":"Functional Movement Screen (FMS) Fonksiyonel Hareket Analizi (FHA)"},"content":{"rendered":"<p>B\u0130R\u0130NC\u0130 B\u00d6L\u00dcM : G\u0130R\u0130\u015e   \u0130K\u0130NC\u0130 B\u00d6L\u00dcM :  FONKS\u0130YONEL HAREKET ANAL\u0130Z\u0130 TEST\u0130NDE KULLANILAN HAREKET KALIPLARI   \u00dc\u00c7\u00dcNC\u00dc B\u00d6L\u00dcM : FONKS\u0130YONEL HAREKET ANAL\u0130Z\u0130 \u0130LE \u0130LG\u0130L\u0130 YAPILMI\u015e B\u0130L\u0130MSELARA\u015eTIRMALAR   D\u00d6RD\u00dcNC\u00dc B\u00d6L\u00dcM : CORRECTIVE (KORREKT\u0130F) &#8211; D\u00dcZELT\u0130C\u0130 EGZERS\u0130Z   BE\u015e\u0130NC\u0130 B\u00d6L\u00dcM : EGZERS\u0130Z \u00d6RNEKLER\u0130<\/p>\n","protected":false},"excerpt":{"rendered":"<p>B\u0130R\u0130NC\u0130 B\u00d6L\u00dcM : G\u0130R\u0130\u015e \u0130K\u0130NC\u0130 B\u00d6L\u00dcM : FONKS\u0130YONEL HAREKET ANAL\u0130Z\u0130 TEST\u0130NDE KULLANILAN HAREKET KALIPLARI \u00dc\u00c7\u00dcNC\u00dc B\u00d6L\u00dcM : FONKS\u0130YONEL HAREKET ANAL\u0130Z\u0130 \u0130LE \u0130LG\u0130L\u0130 YAPILMI\u015e B\u0130L\u0130MSELARA\u015eTIRMALAR D\u00d6RD\u00dcNC\u00dc B\u00d6L\u00dcM<span class=\"excerpt-hellip\"> [\u2026]<\/span><\/p>\n","protected":false},"featured_media":0,"template":"","meta":{"_monsterinsights_skip_tracking":false,"_monsterinsights_sitenote_active":false,"_monsterinsights_sitenote_note":"","_monsterinsights_sitenote_category":0},"product_brand":[],"product_cat":[12573,12566],"product_tag":[],"class_list":{"0":"post-750065","1":"product","2":"type-product","3":"status-publish","5":"product_cat-akademik-kitaplar","6":"product_cat-egitim","7":"pa_cilt-ciltsiz","8":"pa_tur-kitap","9":"pa_yayinevi-gazi-kitabevi","10":"pa_yazar-mehmet-kara","12":"first","13":"instock","14":"sale","15":"shipping-taxable","16":"purchasable","17":"product-type-simple"},"_links":{"self":[{"href":"https:\/\/roveyayinevi.com.tr\/index.php\/wp-json\/wp\/v2\/product\/750065","targetHints":{"allow":["GET"]}}],"collection":[{"href":"https:\/\/roveyayinevi.com.tr\/index.php\/wp-json\/wp\/v2\/product"}],"about":[{"href":"https:\/\/roveyayinevi.com.tr\/index.php\/wp-json\/wp\/v2\/types\/product"}],"wp:attachment":[{"href":"https:\/\/roveyayinevi.com.tr\/index.php\/wp-json\/wp\/v2\/media?parent=750065"}],"wp:term":[{"taxonomy":"product_brand","embeddable":true,"href":"https:\/\/roveyayinevi.com.tr\/index.php\/wp-json\/wp\/v2\/product_brand?post=750065"},{"taxonomy":"product_cat","embeddable":true,"href":"https:\/\/roveyayinevi.com.tr\/index.php\/wp-json\/wp\/v2\/product_cat?post=750065"},{"taxonomy":"product_tag","embeddable":true,"href":"https:\/\/roveyayinevi.com.tr\/index.php\/wp-json\/wp\/v2\/product_tag?post=750065"}],"curies":[{"name":"wp","href":"https:\/\/api.w.org\/{rel}","templated":true}]}}