{"id":750062,"date":"2025-08-28T04:11:14","date_gmt":"2025-08-28T01:11:14","guid":{"rendered":"https:\/\/roveyayinevi.com.tr\/index.php\/urun\/fasizm-nasil-isler\/"},"modified":"2026-04-16T03:03:32","modified_gmt":"2026-04-16T00:03:32","slug":"fasizm-nasil-isler","status":"publish","type":"product","link":"https:\/\/roveyayinevi.com.tr\/index.php\/urun\/fasizm-nasil-isler\/","title":{"rendered":"Fa\u015fizm Nas\u0131l \u0130\u015fler?"},"content":{"rendered":"<p>S\u0131radan bir demokrasinin karanl\u0131k bir fa\u015fist rejime ad\u0131m ad\u0131m nas\u0131l d\u00f6n\u00fc\u015febildi\u011fini hi\u00e7 d\u00fc\u015f\u00fcnd\u00fcn\u00fcz m\u00fc? Fa\u015fizmi g\u00f6rd\u00fc\u011f\u00fcn\u00fcz yerde tan\u0131yabilir misiniz? Fa\u015fizm art\u0131k ge\u00e7mi\u015fte kalm\u0131\u015f bir hayaletten mi ibaret? De\u011filse onunla nas\u0131l m\u00fccadele edece\u011fiz? Jason Stanley \u00e7oksatanlar aras\u0131na girmi\u015f, tart\u0131\u015fma yaratan bu kitab\u0131nda i\u015fte bu endi\u015fe verici sorulara bir yan\u0131t veriyor. Modern d\u00fcnyan\u0131n en tehlikeli siyasi ideolojilerinden birinin demokratik toplumlarda sinsice k\u00f6k salmak, toplumlar\u0131 \u2018biz\u2019 ve \u2018onlar\u2019 olarak b\u00f6lmek i\u00e7in ba\u015fvurdu\u011fu 10 takti\u011fi ad\u0131m ad\u0131m \u00e7\u00f6z\u00fcml\u00fcyor. Fa\u015fist rejimlerin Mussolini \u0130talyas\u0131 ve Hitler Almanyas\u0131 gibi g\u00f6rkemli tarihsel \u00f6rneklerinden yola \u00e7\u0131karak fa\u015fist siyasetin bug\u00fcn toplumun k\u0131lcal damarlar\u0131na, ikili ili\u015fkilere kadar nas\u0131l s\u0131zabildi\u011fini g\u00f6zler \u00f6n\u00fcne seriyor. D\u00fcnyan\u0131n d\u00f6rt bir yan\u0131nda demokrasinin bir kriz i\u00e7inde oldu\u011fu \u015fu g\u00fcnlerde otoriter liderlerin kitleleri nas\u0131l y\u00f6nlendirdiklerini, konu\u015fulan dili ve ger\u00e7e\u011fi nas\u0131l \u00e7arp\u0131tt\u0131klar\u0131n\u0131, ma\u011fduriyet s\u00f6ylemini nas\u0131l istismar ettiklerini, halk\u0131 d\u0131\u015f\/i\u00e7 mihrak korkusu ve g\u00f6\u00e7men tehdidiyle nas\u0131l yanlar\u0131na \u00e7ektiklerini ustal\u0131kla a\u00e7\u0131kl\u0131yor. Fa\u015fizmin ge\u00e7mi\u015fte kalmad\u0131\u011f\u0131n\u0131, ba\u015fkas\u0131na y\u00f6nelik ho\u015fg\u00f6r\u00fcn\u00fcn ve kucaklay\u0131c\u0131l\u0131\u011f\u0131n siyasi \u00e7\u0131karlar u\u011fruna pervas\u0131zca a\u015f\u0131nd\u0131r\u0131ld\u0131\u011f\u0131 bir d\u00fcnyada demokrasinin gelece\u011fi i\u00e7in de \u00e7ok ciddi bir tehdit oldu\u011funu hat\u0131rlat\u0131yor.<\/p>\n","protected":false},"excerpt":{"rendered":"<p>S\u0131radan bir demokrasinin karanl\u0131k bir fa\u015fist rejime ad\u0131m ad\u0131m nas\u0131l d\u00f6n\u00fc\u015febildi\u011fini hi\u00e7 d\u00fc\u015f\u00fcnd\u00fcn\u00fcz m\u00fc? Fa\u015fizmi g\u00f6rd\u00fc\u011f\u00fcn\u00fcz yerde tan\u0131yabilir misiniz? Fa\u015fizm art\u0131k ge\u00e7mi\u015fte kalm\u0131\u015f bir hayaletten mi<span class=\"excerpt-hellip\"> [\u2026]<\/span><\/p>\n","protected":false},"featured_media":0,"template":"","meta":{"_monsterinsights_skip_tracking":false,"_monsterinsights_sitenote_active":false,"_monsterinsights_sitenote_note":"","_monsterinsights_sitenote_category":0},"product_brand":[],"product_cat":[12337],"product_tag":[],"class_list":{"0":"post-750062","1":"product","2":"type-product","3":"status-publish","5":"product_cat-politika-siyaset","6":"pa_cilt-ciltsiz","7":"pa_tur-kitap","8":"pa_yayinevi-fol-kitap","9":"pa_yazar-jason-stanley","11":"first","12":"instock","13":"sale","14":"shipping-taxable","15":"purchasable","16":"product-type-simple"},"_links":{"self":[{"href":"https:\/\/roveyayinevi.com.tr\/index.php\/wp-json\/wp\/v2\/product\/750062","targetHints":{"allow":["GET"]}}],"collection":[{"href":"https:\/\/roveyayinevi.com.tr\/index.php\/wp-json\/wp\/v2\/product"}],"about":[{"href":"https:\/\/roveyayinevi.com.tr\/index.php\/wp-json\/wp\/v2\/types\/product"}],"wp:attachment":[{"href":"https:\/\/roveyayinevi.com.tr\/index.php\/wp-json\/wp\/v2\/media?parent=750062"}],"wp:term":[{"taxonomy":"product_brand","embeddable":true,"href":"https:\/\/roveyayinevi.com.tr\/index.php\/wp-json\/wp\/v2\/product_brand?post=750062"},{"taxonomy":"product_cat","embeddable":true,"href":"https:\/\/roveyayinevi.com.tr\/index.php\/wp-json\/wp\/v2\/product_cat?post=750062"},{"taxonomy":"product_tag","embeddable":true,"href":"https:\/\/roveyayinevi.com.tr\/index.php\/wp-json\/wp\/v2\/product_tag?post=750062"}],"curies":[{"name":"wp","href":"https:\/\/api.w.org\/{rel}","templated":true}]}}