{"id":750061,"date":"2025-08-28T04:11:13","date_gmt":"2025-08-28T01:11:13","guid":{"rendered":"https:\/\/roveyayinevi.com.tr\/index.php\/urun\/enneadlar\/"},"modified":"2026-04-16T03:03:32","modified_gmt":"2026-04-16T00:03:32","slug":"enneadlar","status":"publish","type":"product","link":"https:\/\/roveyayinevi.com.tr\/index.php\/urun\/enneadlar\/","title":{"rendered":"Enneadlar"},"content":{"rendered":"<p>Bir \u2018felsefe sorusu\u2019 nedir? Felsefe tarihi nas\u0131l okunur? Felsefi uslamlama s\u00fcreci okurla birlikte tam bir i\u00e7tenlikle nas\u0131l katedilir? T\u00fcm bunlar nas\u0131l yeni bir felsefede yo\u011frulur? Plotinos okumak, i\u015fte t\u00fcm bunlar\u0131 deneyimlemeye imk\u00e2n sa\u011flar. Felsefe tarihinin en \u00f6nemli eserlerinden olan bu kitap, temel tezlerini Platonculuktan al\u0131r. \u2018D\u00fc\u015f\u00fcn\u00fcl\u00fcr\u2019\u00fcn ve \u2018duyulur\u2019un birbirinden ayr\u0131 olmas\u0131, idealar ve pay alma teorisi, ruhun \u00f6l\u00fcms\u00fczl\u00fc\u011f\u00fc ve an\u0131msama doktrini gibi. Bu ba\u011flamda Enneadlar\u2019\u0131 (Dokuzluklar) anlamak, Bat\u0131 felsefesinin antik (Platon, Aristoteles) ve \u00e7a\u011fda\u015f (Bergson, Deleuze) tarihini anlamak kadar, muazzam etkisi bak\u0131m\u0131ndan, \u0130slam felsefesini (Farabi, \u0130bn Sina) anlamaya da kap\u0131 aralar.   Felsefenin klasik metinleri de entelekt\u00fcel bir \u015fehir gibidir. Filozof kendi \u015fehrini kurmu\u015ftur; kavramsal plan\u0131n\u0131 t\u00fcm ayr\u0131nt\u0131s\u0131yla \u00e7izmi\u015ftir, \u015fehrin merkez\u00ee noktalar\u0131n\u0131 yani ana tezlerini belirleyip yan yollar\u0131 yani onlar\u0131 destekleyen fikirleri ortaya koymu\u015ftur. Bu entelekt\u00fcel \u015fehrin bir ruhu vard\u0131r. Bu ruh filozofun ait oldu\u011fu toplum, k\u00fclt\u00fcr ve uygarl\u0131kt\u0131r. Bu nedenle, Enneadlar\u2019\u0131n Birinci ve Be\u015finci Dokuzluklar\u0131n\u0131n \u00e7evirisinden olu\u015fan bu eseri, derleyicisi Porphyrion, Frans\u0131z felsefe tarih\u00e7isi Emile Br\u00e9hier ve Yeni Platonculu\u011fun Hint felsefesi ile ili\u015fkisini ele alan \u00e7evirmen Zeki \u00d6zcan\u2019\u0131n kapsaml\u0131 de\u011ferlendirmeleriyle birlikte sunuyoruz. <\/p>\n","protected":false},"excerpt":{"rendered":"<p>Bir \u2018felsefe sorusu\u2019 nedir? Felsefe tarihi nas\u0131l okunur? Felsefi uslamlama s\u00fcreci okurla birlikte tam bir i\u00e7tenlikle nas\u0131l katedilir? T\u00fcm bunlar nas\u0131l yeni bir felsefede yo\u011frulur? Plotinos<span class=\"excerpt-hellip\"> [\u2026]<\/span><\/p>\n","protected":false},"featured_media":0,"template":"","meta":{"_monsterinsights_skip_tracking":false,"_monsterinsights_sitenote_active":false,"_monsterinsights_sitenote_note":"","_monsterinsights_sitenote_category":0},"product_brand":[],"product_cat":[12388],"product_tag":[],"class_list":{"0":"post-750061","1":"product","2":"type-product","3":"status-publish","5":"product_cat-felsefe","6":"pa_cilt-ciltsiz","7":"pa_tur-kitap","8":"pa_yayinevi-fol-kitap","9":"pa_yazar-plotinos","11":"first","12":"instock","13":"sale","14":"shipping-taxable","15":"purchasable","16":"product-type-simple"},"_links":{"self":[{"href":"https:\/\/roveyayinevi.com.tr\/index.php\/wp-json\/wp\/v2\/product\/750061","targetHints":{"allow":["GET"]}}],"collection":[{"href":"https:\/\/roveyayinevi.com.tr\/index.php\/wp-json\/wp\/v2\/product"}],"about":[{"href":"https:\/\/roveyayinevi.com.tr\/index.php\/wp-json\/wp\/v2\/types\/product"}],"wp:attachment":[{"href":"https:\/\/roveyayinevi.com.tr\/index.php\/wp-json\/wp\/v2\/media?parent=750061"}],"wp:term":[{"taxonomy":"product_brand","embeddable":true,"href":"https:\/\/roveyayinevi.com.tr\/index.php\/wp-json\/wp\/v2\/product_brand?post=750061"},{"taxonomy":"product_cat","embeddable":true,"href":"https:\/\/roveyayinevi.com.tr\/index.php\/wp-json\/wp\/v2\/product_cat?post=750061"},{"taxonomy":"product_tag","embeddable":true,"href":"https:\/\/roveyayinevi.com.tr\/index.php\/wp-json\/wp\/v2\/product_tag?post=750061"}],"curies":[{"name":"wp","href":"https:\/\/api.w.org\/{rel}","templated":true}]}}