{"id":750060,"date":"2025-08-28T04:11:11","date_gmt":"2025-08-28T01:11:11","guid":{"rendered":"https:\/\/roveyayinevi.com.tr\/index.php\/urun\/osmanlinin-kesif-cagi\/"},"modified":"2026-04-16T03:03:32","modified_gmt":"2026-04-16T00:03:32","slug":"osmanlinin-kesif-cagi","status":"publish","type":"product","link":"https:\/\/roveyayinevi.com.tr\/index.php\/urun\/osmanlinin-kesif-cagi\/","title":{"rendered":"Osmanl\u0131\u2019n\u0131n Ke\u015fif \u00c7a\u011f\u0131"},"content":{"rendered":"<p>\u201cOsmanl\u0131 Yeni D\u00fcnya\u2019y\u0131 neden ke\u015ffetmedi?\u201d sorusu Osmanl\u0131\u2019n\u0131n \u201cdo\u011fal s\u0131n\u0131rlar\u201d\u0131na ula\u015ft\u0131\u011f\u0131, \u201cmerak duygusunun geli\u015fmedi\u011fi\u201d hatta \u201cdura\u011fan bir yap\u0131\u201dy\u0131 temsil etti\u011fi s\u00f6ylemleri etraf\u0131nda \u00e7ok\u00e7a tart\u0131\u015f\u0131ld\u0131.  \u00dc\u00e7 k\u0131taya h\u00e2kim olacak kadar asker\u00ee ve siyasi g\u00fcce sahip bir devlet, ke\u015fif rekabetini nas\u0131l \u0131skalad\u0131? Bu kitap, bu sorunun yanl\u0131\u015f ifade edildi\u011fi iddias\u0131yla \u015fu soruyu \u00f6neriyor: \u201cOsmanl\u0131lar ke\u015fif yapmak istedi mi?\u201d Ke\u015fiflerin \u00f6nc\u00fcs\u00fc Portekizliler bunu K\u0131z\u0131ldeniz baharat ticaretine h\u00e2kim olmak ve Meml\u00fck M\u0131s\u0131r\u0131\u2019n\u0131 i\u015fgal etmek i\u00e7in istemi\u015fti. Fakat Meml\u00fck topraklar\u0131n\u0131 ele ge\u00e7iren Portekizliler de\u011fil, Osmanl\u0131lar oldu. B\u00f6ylelikle, anlat\u0131lagelenin aksine, Osmanl\u0131 Devleti Hint Okyanusu etraf\u0131nda d\u00f6nen \u201ck\u00fcresel siyaset\u201dte ben de var\u0131m, dedi. \u00dc\u00e7 k\u0131tada \u00e7e\u015fitli dillerde yaz\u0131lm\u0131\u015f ar\u015fiv kaynaklar\u0131na dayanan bu kitap padi\u015fahlar\u0131n, vezirlerin, casuslar\u0131n, korsanlar\u0131n ve haremdeki kad\u0131nlar\u0131n Osmanl\u0131 Hint Okyanusu siyasetindeki rollerini g\u00f6zler \u00f6n\u00fcne seriyor. Bu \u00f6znelerin Osmanl\u0131\u2019y\u0131 Hint Okyanusu rekabetinde h\u00e2kim g\u00fc\u00e7ler aras\u0131na katt\u0131\u011f\u0131n\u0131 \u00f6ne s\u00fcr\u00fcyor. <\/p>\n","protected":false},"excerpt":{"rendered":"<p>\u201cOsmanl\u0131 Yeni D\u00fcnya\u2019y\u0131 neden ke\u015ffetmedi?\u201d sorusu Osmanl\u0131\u2019n\u0131n \u201cdo\u011fal s\u0131n\u0131rlar\u201d\u0131na ula\u015ft\u0131\u011f\u0131, \u201cmerak duygusunun geli\u015fmedi\u011fi\u201d hatta \u201cdura\u011fan bir yap\u0131\u201dy\u0131 temsil etti\u011fi s\u00f6ylemleri etraf\u0131nda \u00e7ok\u00e7a tart\u0131\u015f\u0131ld\u0131. \u00dc\u00e7 k\u0131taya h\u00e2kim<span class=\"excerpt-hellip\"> [\u2026]<\/span><\/p>\n","protected":false},"featured_media":0,"template":"","meta":{"_monsterinsights_skip_tracking":false,"_monsterinsights_sitenote_active":false,"_monsterinsights_sitenote_note":"","_monsterinsights_sitenote_category":0},"product_brand":[],"product_cat":[13517,12304],"product_tag":[],"class_list":{"0":"post-750060","1":"product","2":"type-product","3":"status-publish","5":"product_cat-osmanli-tarihi","6":"product_cat-tarih","7":"pa_cilt-ciltsiz","8":"pa_tur-kitap","9":"pa_yayinevi-fol-kitap","10":"pa_yazar-giancarlo-casale","12":"first","13":"instock","14":"sale","15":"shipping-taxable","16":"purchasable","17":"product-type-simple"},"_links":{"self":[{"href":"https:\/\/roveyayinevi.com.tr\/index.php\/wp-json\/wp\/v2\/product\/750060","targetHints":{"allow":["GET"]}}],"collection":[{"href":"https:\/\/roveyayinevi.com.tr\/index.php\/wp-json\/wp\/v2\/product"}],"about":[{"href":"https:\/\/roveyayinevi.com.tr\/index.php\/wp-json\/wp\/v2\/types\/product"}],"wp:attachment":[{"href":"https:\/\/roveyayinevi.com.tr\/index.php\/wp-json\/wp\/v2\/media?parent=750060"}],"wp:term":[{"taxonomy":"product_brand","embeddable":true,"href":"https:\/\/roveyayinevi.com.tr\/index.php\/wp-json\/wp\/v2\/product_brand?post=750060"},{"taxonomy":"product_cat","embeddable":true,"href":"https:\/\/roveyayinevi.com.tr\/index.php\/wp-json\/wp\/v2\/product_cat?post=750060"},{"taxonomy":"product_tag","embeddable":true,"href":"https:\/\/roveyayinevi.com.tr\/index.php\/wp-json\/wp\/v2\/product_tag?post=750060"}],"curies":[{"name":"wp","href":"https:\/\/api.w.org\/{rel}","templated":true}]}}