{"id":750059,"date":"2025-08-28T04:11:10","date_gmt":"2025-08-28T01:11:10","guid":{"rendered":"https:\/\/roveyayinevi.com.tr\/index.php\/urun\/devletin-muritleri-osmanli-dunyasinda-din-ve-devlet-insasi\/"},"modified":"2026-04-16T03:03:32","modified_gmt":"2026-04-16T00:03:32","slug":"devletin-muritleri-osmanli-dunyasinda-din-ve-devlet-insasi","status":"publish","type":"product","link":"https:\/\/roveyayinevi.com.tr\/index.php\/urun\/devletin-muritleri-osmanli-dunyasinda-din-ve-devlet-insasi\/","title":{"rendered":"Devletin M\u00fcritleri &#8211; Osmanl\u0131 D\u00fcnyas\u0131nda Din ve Devlet \u0130n\u015fas\u0131"},"content":{"rendered":"<p>\u0130mparatorluklar \u00e7a\u011f\u0131ndan ulus-devletler \u00e7a\u011f\u0131na ge\u00e7i\u015fte pek \u00e7ok yeni devlet kuruldu. Peki, imparatorluk miras\u0131n\u0131 ulus-devlete ta\u015f\u0131yan din\u00ee kurum ve se\u00e7kinler nas\u0131l var oldu? Ulus-devletin sek\u00fcler kurucular\u0131 ile geleneksel din\u00ee se\u00e7kinler aras\u0131nda egemenlik farkl\u0131 bi\u00e7imlerde tezah\u00fcr etti. Kimi zaman din\u00ee kurum ve se\u00e7kinler devlet taraf\u0131ndan i\u00e7erildi kimi zamansa ikili yap\u0131lar bi\u00e7imde \u00f6zerkli\u011fini korudu. Din ile devletin birbirini d\u0131\u015flamadan kurdu\u011fu bu karma\u015f\u0131k iktidar ili\u015fkisi, sek\u00fclerle\u015fme denilen \u00e7ift ba\u015fl\u0131l\u0131\u011f\u0131n tarihini anlat\u0131r. Kristin Fabbe, ayn\u0131 imparatorluk miras\u0131na sahip T\u00fcrkiye, Yunanistan ve M\u0131s\u0131r\u2019\u0131n farkl\u0131 co\u011frafi ve tarihsel yap\u0131lar \u00fczerinden sek\u00fclerle\u015fme s\u00fcrecini inceliyor. Bunu yaparken tarihsel ortakl\u0131klara ra\u011fmen din\u00ee kurum ve se\u00e7kinlerin devletin m\u00fcridi mi, yoksa devletin orta\u011f\u0131 m\u0131 sorusuna yan\u0131t ar\u0131yor.<\/p>\n","protected":false},"excerpt":{"rendered":"<p>\u0130mparatorluklar \u00e7a\u011f\u0131ndan ulus-devletler \u00e7a\u011f\u0131na ge\u00e7i\u015fte pek \u00e7ok yeni devlet kuruldu. Peki, imparatorluk miras\u0131n\u0131 ulus-devlete ta\u015f\u0131yan din\u00ee kurum ve se\u00e7kinler nas\u0131l var oldu? Ulus-devletin sek\u00fcler kurucular\u0131 ile<span class=\"excerpt-hellip\"> [\u2026]<\/span><\/p>\n","protected":false},"featured_media":0,"template":"","meta":{"_monsterinsights_skip_tracking":false,"_monsterinsights_sitenote_active":false,"_monsterinsights_sitenote_note":"","_monsterinsights_sitenote_category":0},"product_brand":[],"product_cat":[12304],"product_tag":[],"class_list":{"0":"post-750059","1":"product","2":"type-product","3":"status-publish","5":"product_cat-tarih","6":"pa_cilt-ciltsiz","7":"pa_tur-kitap","8":"pa_yayinevi-fol-kitap","9":"pa_yazar-kristin-fabbe","11":"first","12":"instock","13":"sale","14":"shipping-taxable","15":"purchasable","16":"product-type-simple"},"_links":{"self":[{"href":"https:\/\/roveyayinevi.com.tr\/index.php\/wp-json\/wp\/v2\/product\/750059","targetHints":{"allow":["GET"]}}],"collection":[{"href":"https:\/\/roveyayinevi.com.tr\/index.php\/wp-json\/wp\/v2\/product"}],"about":[{"href":"https:\/\/roveyayinevi.com.tr\/index.php\/wp-json\/wp\/v2\/types\/product"}],"wp:attachment":[{"href":"https:\/\/roveyayinevi.com.tr\/index.php\/wp-json\/wp\/v2\/media?parent=750059"}],"wp:term":[{"taxonomy":"product_brand","embeddable":true,"href":"https:\/\/roveyayinevi.com.tr\/index.php\/wp-json\/wp\/v2\/product_brand?post=750059"},{"taxonomy":"product_cat","embeddable":true,"href":"https:\/\/roveyayinevi.com.tr\/index.php\/wp-json\/wp\/v2\/product_cat?post=750059"},{"taxonomy":"product_tag","embeddable":true,"href":"https:\/\/roveyayinevi.com.tr\/index.php\/wp-json\/wp\/v2\/product_tag?post=750059"}],"curies":[{"name":"wp","href":"https:\/\/api.w.org\/{rel}","templated":true}]}}