{"id":750056,"date":"2025-08-28T04:11:05","date_gmt":"2025-08-28T01:11:05","guid":{"rendered":"https:\/\/roveyayinevi.com.tr\/index.php\/urun\/iyicanin-kagittan-ucagi\/"},"modified":"2026-04-16T03:03:32","modified_gmt":"2026-04-16T00:03:32","slug":"iyicanin-kagittan-ucagi","status":"publish","type":"product","link":"https:\/\/roveyayinevi.com.tr\/index.php\/urun\/iyicanin-kagittan-ucagi\/","title":{"rendered":"\u0130yican&#8217;\u0131n Ka\u011f\u0131ttan U\u00e7a\u011f\u0131"},"content":{"rendered":"<p>K\u00e2\u011f\u0131ttan bir u\u00e7ak konu\u015fabilir mi? Ya k\u00e2\u011f\u0131ttan u\u00e7a\u011fa binip, g\u00f6ky\u00fcz\u00fcnde \u00f6zg\u00fcrce dola\u015fma fikri kula\u011fa nas\u0131l geliyor? Kim bilir, belki de her \u015fey m\u00fcmk\u00fcnd\u00fcr! \u0130yican\u2019\u0131n \u00f6zene bezene yapt\u0131\u011f\u0131 k\u00e2\u011f\u0131ttan u\u00e7ak, arkada\u015flar\u0131 Mutlunaz, Sevgisu ve G\u00fcle\u00e7y\u00fcz ile birlikte \u0130yican\u2019a, yepyeni bir maceran\u0131n kap\u0131s\u0131n\u0131 a\u00e7\u0131yor. Siz \u00e7ocuklara da, k\u00e2\u011f\u0131ttan u\u00e7akla birlikte bu maceraya ortak olmak kal\u0131yor. Hadi bakal\u0131m, ne duruyorsunuz? \u00c7ocuklar\u0131m\u0131za okuma zevki a\u015f\u0131larken, bir yandan da, iyilik, mutluluk, sevgi, hayal kurman\u0131n \u00f6nemi, arkada\u015fl\u0131k, \u00e7al\u0131\u015fkanl\u0131k, ba\u015far\u0131, yard\u0131mla\u015fma ve benzeri de\u011ferleri anlamalar\u0131na yard\u0131mc\u0131 olacak 4 kitapl\u0131k seri bu ilk kitab\u0131 ile merhaba diyor sizlere. 10\u2019dan fazla kitab\u0131 K\u00fclt\u00fcr ve Turizm Bakanl\u0131\u011f\u0131 taraf\u0131ndan sat\u0131n al\u0131narak k\u00fct\u00fcphanelerde \u00e7ocuklar\u0131n istifadesine sunulan Hakan Karc\u0131\u2019n\u0131n yetkin kaleminden \u00e7\u0131kan ve \u00e7ocuklar\u0131 al\u0131\u015f\u0131lagelen anlat\u0131mlardan farkl\u0131 bir d\u00fcnyaya davet eden yepyeni bir kitap: \u0130Y\u0130CAN\u2019IN K\u00c2\u011eITTAN U\u00c7A\u011eI. Milli E\u011fitim Bakanl\u0131\u011f\u0131 taraf\u0131ndan belirlenen Dik Temel Harfler kullan\u0131larak bas\u0131lan ve renkli resimlerle s\u00fcslenen kitap, okumay\u0131 yeni \u00f6\u011frenmeye ba\u015flayanlar da d\u00e2hil olmak \u00fczere \u00e7ocuklar\u0131m\u0131za, keyifli bir okuma, e\u011flence ve yeni ufuklara do\u011fru bir yolculuk vadediyor. <\/p>\n","protected":false},"excerpt":{"rendered":"<p>K\u00e2\u011f\u0131ttan bir u\u00e7ak konu\u015fabilir mi? Ya k\u00e2\u011f\u0131ttan u\u00e7a\u011fa binip, g\u00f6ky\u00fcz\u00fcnde \u00f6zg\u00fcrce dola\u015fma fikri kula\u011fa nas\u0131l geliyor? Kim bilir, belki de her \u015fey m\u00fcmk\u00fcnd\u00fcr! \u0130yican\u2019\u0131n \u00f6zene bezene<span class=\"excerpt-hellip\"> [\u2026]<\/span><\/p>\n","protected":false},"featured_media":0,"template":"","meta":{"_monsterinsights_skip_tracking":false,"_monsterinsights_sitenote_active":false,"_monsterinsights_sitenote_note":"","_monsterinsights_sitenote_category":0},"product_brand":[],"product_cat":[12275,12274],"product_tag":[],"class_list":{"0":"post-750056","1":"product","2":"type-product","3":"status-publish","5":"product_cat-6-12-yas-kitaplari","6":"product_cat-cocuk-ve-genclik-kitaplari","7":"pa_cilt-ciltsiz","8":"pa_tur-kitap","9":"pa_yayinevi-kaptan-kitap","10":"pa_yazar-hakan-karci","12":"first","13":"instock","14":"sale","15":"shipping-taxable","16":"purchasable","17":"product-type-simple"},"_links":{"self":[{"href":"https:\/\/roveyayinevi.com.tr\/index.php\/wp-json\/wp\/v2\/product\/750056","targetHints":{"allow":["GET"]}}],"collection":[{"href":"https:\/\/roveyayinevi.com.tr\/index.php\/wp-json\/wp\/v2\/product"}],"about":[{"href":"https:\/\/roveyayinevi.com.tr\/index.php\/wp-json\/wp\/v2\/types\/product"}],"wp:attachment":[{"href":"https:\/\/roveyayinevi.com.tr\/index.php\/wp-json\/wp\/v2\/media?parent=750056"}],"wp:term":[{"taxonomy":"product_brand","embeddable":true,"href":"https:\/\/roveyayinevi.com.tr\/index.php\/wp-json\/wp\/v2\/product_brand?post=750056"},{"taxonomy":"product_cat","embeddable":true,"href":"https:\/\/roveyayinevi.com.tr\/index.php\/wp-json\/wp\/v2\/product_cat?post=750056"},{"taxonomy":"product_tag","embeddable":true,"href":"https:\/\/roveyayinevi.com.tr\/index.php\/wp-json\/wp\/v2\/product_tag?post=750056"}],"curies":[{"name":"wp","href":"https:\/\/api.w.org\/{rel}","templated":true}]}}