{"id":750049,"date":"2025-08-28T04:10:55","date_gmt":"2025-08-28T01:10:55","guid":{"rendered":"https:\/\/roveyayinevi.com.tr\/index.php\/urun\/nutuk-13\/"},"modified":"2026-04-16T03:03:32","modified_gmt":"2026-04-16T00:03:32","slug":"nutuk-13","status":"publish","type":"product","link":"https:\/\/roveyayinevi.com.tr\/index.php\/urun\/nutuk-13\/","title":{"rendered":"Nutuk"},"content":{"rendered":"<p>1919 senesi May\u0131s\u2019\u0131n\u0131n 19. g\u00fcn\u00fc Samsun\u2019a \u00e7\u0131kt\u0131m. Vaziyet ve manzara-i umumiye:   Osmanl\u0131 Devleti\u2019nin dahil bulundu\u011fu grup, Harb-i Umumi\u2019de ma\u011flup olmu\u015f, Osmanl\u0131 ordusu her tarafta zedelenmi\u015f, \u015feraiti a\u011f\u0131r bir m\u00fctarekename imzalanm\u0131\u015f. B\u00fcy\u00fck Harp\u2019in uzun seneleri zarf\u0131nda millet yorgun ve fakir bir halde. Millet ve memleketi Harb-i Umumi\u2019ye sevk edenler, kendi hayatlar\u0131 endi\u015fesine d\u00fc\u015ferek memleketten firar etmi\u015fler. Saltanat ve hilafet mevkisini i\u015fgal eden Vahdettin, m\u00fctereddi, \u015fahs\u0131n\u0131 ve yaln\u0131z taht\u0131n\u0131 temin edebilece\u011fini  tahayy\u00fcl etti\u011fi deni tedbirler ara\u015ft\u0131rmakta. Damat Ferit Pa\u015fa\u2019n\u0131n riyasetindeki kabine; \u00e2ciz, haysiyetsiz, cebin, yaln\u0131z padi\u015fah\u0131n iradesine t\u00e2bi ve onunla beraber \u015fah\u0131slar\u0131n\u0131 vikaye edebilecek herhangi bir vaziyete raz\u0131\u2026   Hepimizin bildi\u011fi bu c\u00fcmlelerle a\u00e7\u0131lan Nutuk, bir milletin yeniden do\u011fu\u015f hik\u00e2yesinin kurtar\u0131c\u0131s\u0131n\u0131n g\u00f6z\u00fcnden anlat\u0131ld\u0131\u011f\u0131, T\u00fcrkiye Cumhuriyeti tarihinin en temel metinlerinden biri. Ba\u011f\u0131ms\u0131zl\u0131\u011fa giden yollarda neler ya\u015fand\u0131\u011f\u0131n\u0131, Kurtulu\u015f Sava\u015f\u0131\u2019n\u0131 ve cumhuriyetin ilan\u0131n\u0131 Atat\u00fcrk\u2019\u00fcn de\u011ferlendirmeleriyle bu e\u015fsiz eserde y\u0131llard\u0131r okuyoruz ve okumaya devam edece\u011fiz.   Atat\u00fcrk\u2019\u00fcn 1927\u2019de meclis k\u00fcrs\u00fcs\u00fcnden verdi\u011fi nutkun yaz\u0131ya d\u00f6k\u00fclm\u00fc\u015f hali olan elinizdeki eser, 1934 bask\u0131s\u0131n\u0131n t\u0131pk\u0131bas\u0131m\u0131 olarak haz\u0131rland\u0131.<\/p>\n","protected":false},"excerpt":{"rendered":"<p>1919 senesi May\u0131s\u2019\u0131n\u0131n 19. g\u00fcn\u00fc Samsun\u2019a \u00e7\u0131kt\u0131m. Vaziyet ve manzara-i umumiye: Osmanl\u0131 Devleti\u2019nin dahil bulundu\u011fu grup, Harb-i Umumi\u2019de ma\u011flup olmu\u015f, Osmanl\u0131 ordusu her tarafta zedelenmi\u015f, \u015feraiti<span class=\"excerpt-hellip\"> [\u2026]<\/span><\/p>\n","protected":false},"featured_media":0,"template":"","meta":{"_monsterinsights_skip_tracking":false,"_monsterinsights_sitenote_active":false,"_monsterinsights_sitenote_note":"","_monsterinsights_sitenote_category":0},"product_brand":[],"product_cat":[12304],"product_tag":[],"class_list":{"0":"post-750049","1":"product","2":"type-product","3":"status-publish","5":"product_cat-tarih","6":"pa_cilt-ciltsiz","7":"pa_tur-kitap","8":"pa_yayinevi-can-yayinlari","9":"pa_yazar-mustafa-kemal-ataturk","11":"first","12":"instock","13":"sale","14":"shipping-taxable","15":"purchasable","16":"product-type-simple"},"_links":{"self":[{"href":"https:\/\/roveyayinevi.com.tr\/index.php\/wp-json\/wp\/v2\/product\/750049","targetHints":{"allow":["GET"]}}],"collection":[{"href":"https:\/\/roveyayinevi.com.tr\/index.php\/wp-json\/wp\/v2\/product"}],"about":[{"href":"https:\/\/roveyayinevi.com.tr\/index.php\/wp-json\/wp\/v2\/types\/product"}],"wp:attachment":[{"href":"https:\/\/roveyayinevi.com.tr\/index.php\/wp-json\/wp\/v2\/media?parent=750049"}],"wp:term":[{"taxonomy":"product_brand","embeddable":true,"href":"https:\/\/roveyayinevi.com.tr\/index.php\/wp-json\/wp\/v2\/product_brand?post=750049"},{"taxonomy":"product_cat","embeddable":true,"href":"https:\/\/roveyayinevi.com.tr\/index.php\/wp-json\/wp\/v2\/product_cat?post=750049"},{"taxonomy":"product_tag","embeddable":true,"href":"https:\/\/roveyayinevi.com.tr\/index.php\/wp-json\/wp\/v2\/product_tag?post=750049"}],"curies":[{"name":"wp","href":"https:\/\/api.w.org\/{rel}","templated":true}]}}