{"id":750047,"date":"2025-08-28T04:10:53","date_gmt":"2025-08-28T01:10:53","guid":{"rendered":"https:\/\/roveyayinevi.com.tr\/index.php\/urun\/st-marys-gunlukleri-1-biri-biter-digeri-baslar\/"},"modified":"2026-04-16T03:03:32","modified_gmt":"2026-04-16T00:03:32","slug":"st-marys-gunlukleri-1-biri-biter-digeri-baslar","status":"publish","type":"product","link":"https:\/\/roveyayinevi.com.tr\/index.php\/urun\/st-marys-gunlukleri-1-biri-biter-digeri-baslar\/","title":{"rendered":"St Mary&#8217;s G\u00fcnl\u00fckleri 1: Biri Biter Di\u011feri Ba\u015flar"},"content":{"rendered":"<p>D\u00dcNYA \u00c7APINDA EN \u00c7OK SATANLAR L\u0130STES\u0130NDEK\u0130 ST. MARY\u2019S G\u00dcNL\u00dcKLER\u0130 SER\u0130S\u0130N\u0130N \u0130LK K\u0130TABI   \u201cJodi Taylor, kesinlikle, Zaman\u0131n Krali\u00e7esi diyebilirim. Onun kitaplar\u0131 tarihin sayfalar\u0131nda g\u00f6steri\u015fli bir gezintidir.\u201d C. K. MCDONNELL   \u201c\u0130ngiliz terbiyesi ve mizah\u0131n\u0131n y\u00fcksek miktarda tarihsel e\u011flenceyle harmanlanm\u0131\u015f h\u00e2li.\u201d   St. Mary\u2019s\u2019in tarihte yolculuk yapan, \u00e7aya bulanm\u0131\u015f afet m\u0131knat\u0131slar\u0131ndan olu\u015fan grubuyla tan\u0131\u015f\u0131n.   T\u00fcm tarih \u00f6n\u00fcn\u00fcze serilse nereye giderdiniz? Dr. Madeleine Maxwell, St. Mary\u2019s Tarih Ara\u015ft\u0131rma Enstit\u00fcs\u00fc taraf\u0131ndan i\u015fe al\u0131nd\u0131\u011f\u0131nda, tarih\u00e7ilerin yaln\u0131zca ge\u00e7mi\u015fi incelemediklerini, ayn\u0131 zamanda oray\u0131 tekrar ziyaret ettiklerini ke\u015ffeder. Ama tek bir yanl\u0131\u015f hamle bile yaparsan\u0131z, tarih size kar\u015f\u0131l\u0131k verir ve bu kar\u015f\u0131l\u0131k \u00f6l\u00fcm riski ta\u015f\u0131r. Ve Max k\u0131sa s\u00fcre sonra sava\u015ft\u0131\u011f\u0131 tek \u015feyin tarih olmad\u0131\u011f\u0131n\u0131 fark eder.   Jasper Fforde, Doctor Who, Genevive Cogman hayranlar\u0131 ve Richard Osman\u2019\u0131n Thursday Murder Club\u2019\u0131n\u0131n okuyucular\u0131 Jodi Taylor\u2019a bay\u0131l\u0131r.   \u201cArada bir, her \u015feyi de\u011fi\u015ftiren bir yazar ke\u015ffederim\u2026 Jodi Taylor ve kahraman\u0131 Madeleine \u2018Max\u2019 Maxwell, beni ba\u015ftan \u00e7\u0131kard\u0131.\u201d   \u201cBa\u011f\u0131ml\u0131l\u0131k yap\u0131c\u0131. Ke\u015fke St. Mary\u2019s ger\u00e7ek olsayd\u0131 ve oran\u0131n bir par\u00e7as\u0131 olsayd\u0131m.\u201d   \u201cJodi Taylor\u2019\u0131n beni tamamen kendine ba\u011flayan bir hayal g\u00fcc\u00fc var.\u201d   \u201cG\u00fc\u00e7 g\u00f6sterisi.\u201d<\/p>\n","protected":false},"excerpt":{"rendered":"<p>D\u00dcNYA \u00c7APINDA EN \u00c7OK SATANLAR L\u0130STES\u0130NDEK\u0130 ST. MARY\u2019S G\u00dcNL\u00dcKLER\u0130 SER\u0130S\u0130N\u0130N \u0130LK K\u0130TABI \u201cJodi Taylor, kesinlikle, Zaman\u0131n Krali\u00e7esi diyebilirim. Onun kitaplar\u0131 tarihin sayfalar\u0131nda g\u00f6steri\u015fli bir gezintidir.\u201d C.<span class=\"excerpt-hellip\"> [\u2026]<\/span><\/p>\n","protected":false},"featured_media":0,"template":"","meta":{"_monsterinsights_skip_tracking":false,"_monsterinsights_sitenote_active":false,"_monsterinsights_sitenote_note":"","_monsterinsights_sitenote_category":0},"product_brand":[],"product_cat":[12540,12291],"product_tag":[],"class_list":{"0":"post-750047","1":"product","2":"type-product","3":"status-publish","5":"product_cat-bilim-kurgu","6":"product_cat-edebiyat","7":"pa_cilt-ciltsiz","8":"pa_tur-kitap","9":"pa_yayinevi-perseus","10":"pa_yazar-jodi-taylor","12":"first","13":"instock","14":"sale","15":"shipping-taxable","16":"purchasable","17":"product-type-simple"},"_links":{"self":[{"href":"https:\/\/roveyayinevi.com.tr\/index.php\/wp-json\/wp\/v2\/product\/750047","targetHints":{"allow":["GET"]}}],"collection":[{"href":"https:\/\/roveyayinevi.com.tr\/index.php\/wp-json\/wp\/v2\/product"}],"about":[{"href":"https:\/\/roveyayinevi.com.tr\/index.php\/wp-json\/wp\/v2\/types\/product"}],"wp:attachment":[{"href":"https:\/\/roveyayinevi.com.tr\/index.php\/wp-json\/wp\/v2\/media?parent=750047"}],"wp:term":[{"taxonomy":"product_brand","embeddable":true,"href":"https:\/\/roveyayinevi.com.tr\/index.php\/wp-json\/wp\/v2\/product_brand?post=750047"},{"taxonomy":"product_cat","embeddable":true,"href":"https:\/\/roveyayinevi.com.tr\/index.php\/wp-json\/wp\/v2\/product_cat?post=750047"},{"taxonomy":"product_tag","embeddable":true,"href":"https:\/\/roveyayinevi.com.tr\/index.php\/wp-json\/wp\/v2\/product_tag?post=750047"}],"curies":[{"name":"wp","href":"https:\/\/api.w.org\/{rel}","templated":true}]}}