{"id":750042,"date":"2025-08-28T04:10:45","date_gmt":"2025-08-28T01:10:45","guid":{"rendered":"https:\/\/roveyayinevi.com.tr\/index.php\/urun\/askin-gozu-gordur\/"},"modified":"2026-04-16T03:03:31","modified_gmt":"2026-04-16T00:03:31","slug":"askin-gozu-gordur","status":"publish","type":"product","link":"https:\/\/roveyayinevi.com.tr\/index.php\/urun\/askin-gozu-gordur\/","title":{"rendered":"A\u015fk\u0131n G\u00f6z\u00fc G\u00f6rd\u00fcr"},"content":{"rendered":"<p>Tercihlerinizden gururlanman\u0131z\u0131 sa\u011flayacak olan, size ya\u015fat\u0131lan her s\u0131k\u0131nt\u0131dan sonra pes etmek yerine, mutlulu\u011fu aramay\u0131 s\u00fcrd\u00fcrmenizdir. Mutlulu\u011fu ola\u011fand\u0131\u015f\u0131 \u015fartlarda araman\u0131za gerek yok, duygular\u0131n\u0131z\u0131 \u015fekillendirebilmek i\u00e7in davran\u0131\u015flar\u0131n\u0131z\u0131 g\u00f6zden ge\u00e7irip, ili\u015fkinin gidi\u015fat\u0131na iyile\u015ftirici bir y\u00f6n vermeniz yeterli. \u2018\u2019 Uyan\u0131\u015f sanc\u0131l\u0131 olsa da ruh ne istedi\u011fine karar verirse beden \u015fifas\u0131n\u0131 bulur. Ki\u015filik, \u00f6z benli\u011fiyle tan\u0131\u015f\u0131nca, olmayan ne varsa hallolur.\u2019\u2019 <\/p>\n","protected":false},"excerpt":{"rendered":"<p>Tercihlerinizden gururlanman\u0131z\u0131 sa\u011flayacak olan, size ya\u015fat\u0131lan her s\u0131k\u0131nt\u0131dan sonra pes etmek yerine, mutlulu\u011fu aramay\u0131 s\u00fcrd\u00fcrmenizdir. Mutlulu\u011fu ola\u011fand\u0131\u015f\u0131 \u015fartlarda araman\u0131za gerek yok, duygular\u0131n\u0131z\u0131 \u015fekillendirebilmek i\u00e7in davran\u0131\u015flar\u0131n\u0131z\u0131 g\u00f6zden<span class=\"excerpt-hellip\"> [\u2026]<\/span><\/p>\n","protected":false},"featured_media":0,"template":"","meta":{"_monsterinsights_skip_tracking":false,"_monsterinsights_sitenote_active":false,"_monsterinsights_sitenote_note":"","_monsterinsights_sitenote_category":0},"product_brand":[],"product_cat":[12357],"product_tag":[],"class_list":{"0":"post-750042","1":"product","2":"type-product","3":"status-publish","5":"product_cat-psikoloji","6":"pa_cilt-ciltsiz","7":"pa_tur-kitap","8":"pa_yayinevi-theseus-yayinevi","9":"pa_yazar-aslihan-bereketoglu","11":"first","12":"instock","13":"sale","14":"shipping-taxable","15":"purchasable","16":"product-type-simple"},"_links":{"self":[{"href":"https:\/\/roveyayinevi.com.tr\/index.php\/wp-json\/wp\/v2\/product\/750042","targetHints":{"allow":["GET"]}}],"collection":[{"href":"https:\/\/roveyayinevi.com.tr\/index.php\/wp-json\/wp\/v2\/product"}],"about":[{"href":"https:\/\/roveyayinevi.com.tr\/index.php\/wp-json\/wp\/v2\/types\/product"}],"wp:attachment":[{"href":"https:\/\/roveyayinevi.com.tr\/index.php\/wp-json\/wp\/v2\/media?parent=750042"}],"wp:term":[{"taxonomy":"product_brand","embeddable":true,"href":"https:\/\/roveyayinevi.com.tr\/index.php\/wp-json\/wp\/v2\/product_brand?post=750042"},{"taxonomy":"product_cat","embeddable":true,"href":"https:\/\/roveyayinevi.com.tr\/index.php\/wp-json\/wp\/v2\/product_cat?post=750042"},{"taxonomy":"product_tag","embeddable":true,"href":"https:\/\/roveyayinevi.com.tr\/index.php\/wp-json\/wp\/v2\/product_tag?post=750042"}],"curies":[{"name":"wp","href":"https:\/\/api.w.org\/{rel}","templated":true}]}}