{"id":750038,"date":"2025-08-28T04:10:37","date_gmt":"2025-08-28T01:10:37","guid":{"rendered":"https:\/\/roveyayinevi.com.tr\/index.php\/urun\/mesrutiyetten-cumhuriyete-mesleki-temsil-ve-sol\/"},"modified":"2026-04-16T03:03:31","modified_gmt":"2026-04-16T00:03:31","slug":"mesrutiyetten-cumhuriyete-mesleki-temsil-ve-sol","status":"publish","type":"product","link":"https:\/\/roveyayinevi.com.tr\/index.php\/urun\/mesrutiyetten-cumhuriyete-mesleki-temsil-ve-sol\/","title":{"rendered":"Me\u015frutiyet&#8217;ten Cumhuriyet&#8217;e Mesleki Temsil ve Sol"},"content":{"rendered":"<p>Sol hareketlerin \u0130kinci Me\u015frutiyet\u2019ten Milli M\u00fccadele\u2019ye ve Cumhuriyet\u2019e uzanan serencam\u0131 tarih yaz\u0131m\u0131nda \u00f6ne \u00e7\u0131kan konulardan biridir. \u0130ttihat\u00e7\u0131lar\u0131n \u00f6zellikle Milli M\u00fccadele y\u0131llar\u0131nda sosyalist ve kom\u00fcnist hareketlerle ili\u015fkileri ise \u0130ttihat\u00e7\u0131 sol olarak kavramsalla\u015ft\u0131r\u0131lm\u0131\u015ft\u0131r. Bu kitap, \u0130ttihat\u00e7\u0131 solun programatik temelleri aras\u0131nda \u00f6nemli bir yere sahip olan ve mesleki temsil olarak T\u00fcrk\u00e7ele\u015ftirilen korporatizme odaklanmaktad\u0131r. Mevcut literat\u00fcrle birlikte T\u00fcrkiye, \u0130ngiltere ve Fransa ar\u015fivlerinden birincil kaynaklara dayanan \u00e7al\u0131\u015fmada, mesleki temsilin \u0130ttihat\u00e7\u0131 tek parti rejimine \u00f6zg\u00fc iktidar mekanizmalar\u0131 i\u00e7inde konumlanan korporatist bir siyasal hareket oldu\u011fu vurgulanmaktad\u0131r. Dolay\u0131s\u0131yla mesleki temsilin, en genel olarak Marksizm kaynakl\u0131 sosyal demokrat, sosyalist ve kom\u00fcnist ak\u0131mlardan tamam\u0131yla farkl\u0131 bir ideolojik y\u00f6nelim oldu\u011fu iddia edilmektedir. Bu y\u00f6nelimin temel referanslar\u0131 enternasyonalizm de\u011fil milliyet\u00e7ilik, Marksizm de\u011fil korporatizmdir. Elinizdeki kitap, T\u00fcrkiye solunun, \u00f6zellikle kom\u00fcnist hareketin gerek \u0130ttihat\u00e7\u0131 soldan gerek mesleki temsilden ayr\u0131\u015farak ba\u011f\u0131ms\u0131z bir siyasal ve ideolojik y\u00f6nelim haline geldi\u011fi tezini \u00f6n plana \u00e7\u0131karmaktad\u0131r. Okur, bu kitapta, ar\u015fiv kaynaklar\u0131na dayanan bir anlat\u0131n\u0131n yan\u0131 s\u0131ra, \u0130ttihat\u00e7\u0131 tek parti iktidar\u0131ndan korporatizme, Kemalizmden mesleki temsile, fa\u015fizmden sivil topluma de\u011fin Osmanl\u0131-T\u00fcrkiye tarih yaz\u0131c\u0131l\u0131\u011f\u0131nda at\u0131f yap\u0131lan bir\u00e7ok kavramsal ve olgusal tart\u0131\u015fmaya ili\u015fkin ele\u015ftirel de\u011ferlendirmeler bulacakt\u0131r.  <\/p>\n","protected":false},"excerpt":{"rendered":"<p>Sol hareketlerin \u0130kinci Me\u015frutiyet\u2019ten Milli M\u00fccadele\u2019ye ve Cumhuriyet\u2019e uzanan serencam\u0131 tarih yaz\u0131m\u0131nda \u00f6ne \u00e7\u0131kan konulardan biridir. \u0130ttihat\u00e7\u0131lar\u0131n \u00f6zellikle Milli M\u00fccadele y\u0131llar\u0131nda sosyalist ve kom\u00fcnist hareketlerle ili\u015fkileri<span class=\"excerpt-hellip\"> [\u2026]<\/span><\/p>\n","protected":false},"featured_media":0,"template":"","meta":{"_monsterinsights_skip_tracking":false,"_monsterinsights_sitenote_active":false,"_monsterinsights_sitenote_note":"","_monsterinsights_sitenote_category":0},"product_brand":[],"product_cat":[12370,12304],"product_tag":[],"class_list":{"0":"post-750038","1":"product","2":"type-product","3":"status-publish","5":"product_cat-arastirma-inceleme","6":"product_cat-tarih","7":"pa_cilt-ciltsiz","8":"pa_tur-kitap","9":"pa_yayinevi-yordam-kitap","10":"pa_yazar-erol-ulker","12":"first","13":"instock","14":"sale","15":"shipping-taxable","16":"purchasable","17":"product-type-simple"},"_links":{"self":[{"href":"https:\/\/roveyayinevi.com.tr\/index.php\/wp-json\/wp\/v2\/product\/750038","targetHints":{"allow":["GET"]}}],"collection":[{"href":"https:\/\/roveyayinevi.com.tr\/index.php\/wp-json\/wp\/v2\/product"}],"about":[{"href":"https:\/\/roveyayinevi.com.tr\/index.php\/wp-json\/wp\/v2\/types\/product"}],"wp:attachment":[{"href":"https:\/\/roveyayinevi.com.tr\/index.php\/wp-json\/wp\/v2\/media?parent=750038"}],"wp:term":[{"taxonomy":"product_brand","embeddable":true,"href":"https:\/\/roveyayinevi.com.tr\/index.php\/wp-json\/wp\/v2\/product_brand?post=750038"},{"taxonomy":"product_cat","embeddable":true,"href":"https:\/\/roveyayinevi.com.tr\/index.php\/wp-json\/wp\/v2\/product_cat?post=750038"},{"taxonomy":"product_tag","embeddable":true,"href":"https:\/\/roveyayinevi.com.tr\/index.php\/wp-json\/wp\/v2\/product_tag?post=750038"}],"curies":[{"name":"wp","href":"https:\/\/api.w.org\/{rel}","templated":true}]}}