{"id":750037,"date":"2025-08-28T04:10:36","date_gmt":"2025-08-28T01:10:36","guid":{"rendered":"https:\/\/roveyayinevi.com.tr\/index.php\/urun\/meksika-devriminin-kisa-tarihi-1910-1920\/"},"modified":"2026-04-16T03:03:31","modified_gmt":"2026-04-16T00:03:31","slug":"meksika-devriminin-kisa-tarihi-1910-1920","status":"publish","type":"product","link":"https:\/\/roveyayinevi.com.tr\/index.php\/urun\/meksika-devriminin-kisa-tarihi-1910-1920\/","title":{"rendered":"Meksika Devriminin K\u0131sa Tarihi (1910-1920)"},"content":{"rendered":"<p>Yolsuzlu\u011fa batm\u0131\u015f muhafazak\u00e2r bir diktat\u00f6r, ona meydan okuyan bir liberal, g\u00fcney k\u0131rsallar\u0131nda k\u00f6yl\u00fc halk\u0131 seferber eden bir devrimci, kuzeydeki halk\u0131n \u00f6nderi bir kanun ka\u00e7a\u011f\u0131, asiler aras\u0131na kat\u0131lan bir liberal politikac\u0131 ve on y\u0131l s\u00fcren ayaklanmalar\u0131n sonunda iktidar\u0131 eline alan bir strateji uzman\u0131: \u0130\u015fte zengin tarihiyle Meksika Devrimi. Patlak veri\u015finin \u00fczerinden y\u00fcz y\u0131l\u0131 a\u015fk\u0131n zaman ge\u00e7mesine kar\u015f\u0131n Meksika Devrimi h\u00e2len Meksika ulusunun \u00e7a\u011fda\u015f tarihindeki en \u00f6nemli olay say\u0131l\u0131yor. Ve devrimin b\u0131rakt\u0131\u011f\u0131 miras ile \u00e7\u0131kar\u0131lmas\u0131 gereken dersler konusundaki tart\u0131\u015fma bug\u00fcn de devam ediyor. Bu zengin tarihi son derece yal\u0131n bir dille anlatan Stuart Easterling\u2019in Meksika Devrimini anlaman\u0131n \u00f6nemine dair s\u00f6zleri ise \u015f\u00f6yle: \u201cMeksika Devriminin olay \u00f6rg\u00fcs\u00fcn\u00fc anlamak, bize salt 1910\u2019larda Meksika tarihinden \u00e7ok daha fazlas\u0131n\u0131 \u00f6\u011fretecektir. Her devrim gibi bu devrim de insanlar\u0131 ve \u00e7at\u0131\u015fmalar\u0131n\u0131 anlamak i\u00e7in a\u00e7\u0131lan bir penceredir.\u201d <\/p>\n","protected":false},"excerpt":{"rendered":"<p>Yolsuzlu\u011fa batm\u0131\u015f muhafazak\u00e2r bir diktat\u00f6r, ona meydan okuyan bir liberal, g\u00fcney k\u0131rsallar\u0131nda k\u00f6yl\u00fc halk\u0131 seferber eden bir devrimci, kuzeydeki halk\u0131n \u00f6nderi bir kanun ka\u00e7a\u011f\u0131, asiler aras\u0131na<span class=\"excerpt-hellip\"> [\u2026]<\/span><\/p>\n","protected":false},"featured_media":0,"template":"","meta":{"_monsterinsights_skip_tracking":false,"_monsterinsights_sitenote_active":false,"_monsterinsights_sitenote_note":"","_monsterinsights_sitenote_category":0},"product_brand":[],"product_cat":[12370,12304],"product_tag":[],"class_list":{"0":"post-750037","1":"product","2":"type-product","3":"status-publish","5":"product_cat-arastirma-inceleme","6":"product_cat-tarih","7":"pa_cilt-ciltsiz","8":"pa_tur-kitap","9":"pa_yayinevi-yordam-kitap","10":"pa_yazar-stuart-easterling","12":"first","13":"instock","14":"sale","15":"shipping-taxable","16":"purchasable","17":"product-type-simple"},"_links":{"self":[{"href":"https:\/\/roveyayinevi.com.tr\/index.php\/wp-json\/wp\/v2\/product\/750037","targetHints":{"allow":["GET"]}}],"collection":[{"href":"https:\/\/roveyayinevi.com.tr\/index.php\/wp-json\/wp\/v2\/product"}],"about":[{"href":"https:\/\/roveyayinevi.com.tr\/index.php\/wp-json\/wp\/v2\/types\/product"}],"wp:attachment":[{"href":"https:\/\/roveyayinevi.com.tr\/index.php\/wp-json\/wp\/v2\/media?parent=750037"}],"wp:term":[{"taxonomy":"product_brand","embeddable":true,"href":"https:\/\/roveyayinevi.com.tr\/index.php\/wp-json\/wp\/v2\/product_brand?post=750037"},{"taxonomy":"product_cat","embeddable":true,"href":"https:\/\/roveyayinevi.com.tr\/index.php\/wp-json\/wp\/v2\/product_cat?post=750037"},{"taxonomy":"product_tag","embeddable":true,"href":"https:\/\/roveyayinevi.com.tr\/index.php\/wp-json\/wp\/v2\/product_tag?post=750037"}],"curies":[{"name":"wp","href":"https:\/\/api.w.org\/{rel}","templated":true}]}}