{"id":750034,"date":"2025-08-28T04:10:31","date_gmt":"2025-08-28T01:10:31","guid":{"rendered":"https:\/\/roveyayinevi.com.tr\/index.php\/urun\/ilk-mikrop-kitabim-ciltli\/"},"modified":"2026-04-16T03:03:31","modified_gmt":"2026-04-16T00:03:31","slug":"ilk-mikrop-kitabim-ciltli","status":"publish","type":"product","link":"https:\/\/roveyayinevi.com.tr\/index.php\/urun\/ilk-mikrop-kitabim-ciltli\/","title":{"rendered":"\u0130lk Mikrop Kitab\u0131m (Ciltli)"},"content":{"rendered":"<p>M\u0130KROPLARI ANLAMAK H\u0130\u00c7 BU KADAR KOLAY OLMAMI\u015eTI! Bakt\u0131\u011f\u0131n\u0131z her yerde, bir damla suda, havada, hatta cildinizde, g\u00f6zle g\u00f6r\u00fclemeyecek kadar k\u00fc\u00e7\u00fck canl\u0131lar var. Onlara M\u0130KROP diyoruz. En iyi \u015feyleri (bazen de en k\u00f6t\u00fc \u015feyleri) onlara bor\u00e7luyuz. \u00d6rnek mi? Mikroplar olmasa D\u00fcnya&#8217;da ya\u015fam olmazd\u0131. Soludu\u011fumuz oksijeni bile onlar \u00fcretiyor. Ama baz\u0131 hastal\u0131klar (ve evet, pandemi de!) bu minik canl\u0131lar\u0131n ba\u015f\u0131n\u0131n alt\u0131ndan \u00e7\u0131k\u0131yor. \u0130lk Mikrop Kitab\u0131m bizleri bakteriler, vir\u00fcsler, mantarlar, algler gibi \u00e7e\u015fit \u00e7e\u015fit mikrop t\u00fcr\u00fcyle tan\u0131\u015ft\u0131r\u0131yor. Mikroplar en olmad\u0131k yerlerde ve \u015fartlarda nas\u0131l ya\u015fayabiliyor ya da ba\u011f\u0131\u015f\u0131kl\u0131k sistemimiz onlarla nas\u0131l m\u00fccadele ediyor gibi birbirinden ilgin\u00e7 sorular\u0131 g\u00f6z al\u0131c\u0131 \u00e7izimlerle cevapl\u0131yor. Hadi, Profes\u00f6r Darwin&#8217;le birlikte mikroorganizmalar\u0131n k\u00fc\u00e7\u00fcc\u00fck d\u00fcnyas\u0131na dal\u0131p bu b\u00fcy\u00fcleyici varl\u0131klar\u0131 ke\u015ffedelim. <\/p>\n","protected":false},"excerpt":{"rendered":"<p>M\u0130KROPLARI ANLAMAK H\u0130\u00c7 BU KADAR KOLAY OLMAMI\u015eTI! Bakt\u0131\u011f\u0131n\u0131z her yerde, bir damla suda, havada, hatta cildinizde, g\u00f6zle g\u00f6r\u00fclemeyecek kadar k\u00fc\u00e7\u00fck canl\u0131lar var. Onlara M\u0130KROP diyoruz. En<span class=\"excerpt-hellip\"> [\u2026]<\/span><\/p>\n","protected":false},"featured_media":0,"template":"","meta":{"_monsterinsights_skip_tracking":false,"_monsterinsights_sitenote_active":false,"_monsterinsights_sitenote_note":"","_monsterinsights_sitenote_category":0},"product_brand":[],"product_cat":[12275,12274],"product_tag":[],"class_list":{"0":"post-750034","1":"product","2":"type-product","3":"status-publish","5":"product_cat-6-12-yas-kitaplari","6":"product_cat-cocuk-ve-genclik-kitaplari","7":"pa_cilt-ciltli","8":"pa_tur-kitap","9":"pa_yayinevi-domingo-yayinevi","10":"pa_yazar-sheddad-kaid-salah-ferron","12":"first","13":"instock","14":"sale","15":"shipping-taxable","16":"purchasable","17":"product-type-simple"},"_links":{"self":[{"href":"https:\/\/roveyayinevi.com.tr\/index.php\/wp-json\/wp\/v2\/product\/750034","targetHints":{"allow":["GET"]}}],"collection":[{"href":"https:\/\/roveyayinevi.com.tr\/index.php\/wp-json\/wp\/v2\/product"}],"about":[{"href":"https:\/\/roveyayinevi.com.tr\/index.php\/wp-json\/wp\/v2\/types\/product"}],"wp:attachment":[{"href":"https:\/\/roveyayinevi.com.tr\/index.php\/wp-json\/wp\/v2\/media?parent=750034"}],"wp:term":[{"taxonomy":"product_brand","embeddable":true,"href":"https:\/\/roveyayinevi.com.tr\/index.php\/wp-json\/wp\/v2\/product_brand?post=750034"},{"taxonomy":"product_cat","embeddable":true,"href":"https:\/\/roveyayinevi.com.tr\/index.php\/wp-json\/wp\/v2\/product_cat?post=750034"},{"taxonomy":"product_tag","embeddable":true,"href":"https:\/\/roveyayinevi.com.tr\/index.php\/wp-json\/wp\/v2\/product_tag?post=750034"}],"curies":[{"name":"wp","href":"https:\/\/api.w.org\/{rel}","templated":true}]}}