{"id":750031,"date":"2025-08-28T04:10:26","date_gmt":"2025-08-28T01:10:26","guid":{"rendered":"https:\/\/roveyayinevi.com.tr\/index.php\/urun\/uvercinkanin-kasiklari\/"},"modified":"2026-04-16T03:03:31","modified_gmt":"2026-04-16T00:03:31","slug":"uvercinkanin-kasiklari","status":"publish","type":"product","link":"https:\/\/roveyayinevi.com.tr\/index.php\/urun\/uvercinkanin-kasiklari\/","title":{"rendered":"\u00dcvercinka\u2019n\u0131n Kas\u0131klar\u0131"},"content":{"rendered":"<p>\u00dcvercinka\u2019n\u0131n asl\u0131nda \u201cG\u00fcvercin Kanad\u0131\u201d demek oldu\u011funu biliyor muydunuz? Peki ya t\u00fcm d\u00fcnyas\u0131 kelimeler olan Cahit S\u0131tk\u0131 Taranc\u0131\u2019n\u0131n ge\u00e7irdi\u011fi hastal\u0131k nedeniyle T\u00fcrk\u00e7eyi unuttu\u011funu? Sizce Orhan Veli\u2019nin belediyenin a\u00e7t\u0131\u011f\u0131 \u00e7ukura d\u00fc\u015f\u00fcp d\u00f6rt g\u00fcn sonra beyin kanamas\u0131ndan \u00f6lmesi mi yoksa Yahya Kemal\u2019in \u201cdaha fazla reklam\u0131 olmas\u0131n\u201d diye cenazeye kat\u0131lmay\u0131\u015f\u0131 m\u0131 daha ac\u0131kl\u0131? Attil\u00e2 \u0130lhan\u2019dan O\u011fuz Atay\u2019a, Cemal S\u00fcreya\u2019dan Selim \u0130leri\u2019ye T\u00fcrk edebiyat\u0131n\u0131n usta kalemlerine dair daha \u00f6nce duyulmam\u0131\u015f hik\u00e2yeler, an\u0131lar ve anekdotlar&#8230; Muhsin K\u0131z\u0131lkaya, \u015fairane anlat\u0131m\u0131yla, ustalar\u0131n alk\u0131\u015flar aras\u0131nda sesi k\u0131s\u0131lan hik\u00e2yelerini \u00dcVERC\u0130NKA\u2019NIN KASIKLARI\u2019nda bir araya getiriyor, okuyucuyu \u00fclkenin bir zamanlar edebiyat kokan sokaklar\u0131nda melankolik bir gezintiye \u00e7\u0131kar\u0131yor. <\/p>\n","protected":false},"excerpt":{"rendered":"<p>\u00dcvercinka\u2019n\u0131n asl\u0131nda \u201cG\u00fcvercin Kanad\u0131\u201d demek oldu\u011funu biliyor muydunuz? Peki ya t\u00fcm d\u00fcnyas\u0131 kelimeler olan Cahit S\u0131tk\u0131 Taranc\u0131\u2019n\u0131n ge\u00e7irdi\u011fi hastal\u0131k nedeniyle T\u00fcrk\u00e7eyi unuttu\u011funu? Sizce Orhan Veli\u2019nin belediyenin<span class=\"excerpt-hellip\"> [\u2026]<\/span><\/p>\n","protected":false},"featured_media":0,"template":"","meta":{"_monsterinsights_skip_tracking":false,"_monsterinsights_sitenote_active":false,"_monsterinsights_sitenote_note":"","_monsterinsights_sitenote_category":0},"product_brand":[],"product_cat":[12777,12291],"product_tag":[],"class_list":{"0":"post-750031","1":"product","2":"type-product","3":"status-publish","5":"product_cat-deneme","6":"product_cat-edebiyat","7":"pa_cilt-ciltsiz","8":"pa_tur-kitap","9":"pa_yayinevi-kara-karga-yayinlari","10":"pa_yazar-muhsin-kizilkaya","12":"first","13":"instock","14":"sale","15":"shipping-taxable","16":"purchasable","17":"product-type-simple"},"_links":{"self":[{"href":"https:\/\/roveyayinevi.com.tr\/index.php\/wp-json\/wp\/v2\/product\/750031","targetHints":{"allow":["GET"]}}],"collection":[{"href":"https:\/\/roveyayinevi.com.tr\/index.php\/wp-json\/wp\/v2\/product"}],"about":[{"href":"https:\/\/roveyayinevi.com.tr\/index.php\/wp-json\/wp\/v2\/types\/product"}],"wp:attachment":[{"href":"https:\/\/roveyayinevi.com.tr\/index.php\/wp-json\/wp\/v2\/media?parent=750031"}],"wp:term":[{"taxonomy":"product_brand","embeddable":true,"href":"https:\/\/roveyayinevi.com.tr\/index.php\/wp-json\/wp\/v2\/product_brand?post=750031"},{"taxonomy":"product_cat","embeddable":true,"href":"https:\/\/roveyayinevi.com.tr\/index.php\/wp-json\/wp\/v2\/product_cat?post=750031"},{"taxonomy":"product_tag","embeddable":true,"href":"https:\/\/roveyayinevi.com.tr\/index.php\/wp-json\/wp\/v2\/product_tag?post=750031"}],"curies":[{"name":"wp","href":"https:\/\/api.w.org\/{rel}","templated":true}]}}