{"id":750029,"date":"2025-08-28T04:10:16","date_gmt":"2025-08-28T01:10:16","guid":{"rendered":"https:\/\/roveyayinevi.com.tr\/index.php\/urun\/akil-yurutmeci-bilim-insanlari-buluslari-ve-eserleri\/"},"modified":"2025-08-31T19:18:36","modified_gmt":"2025-08-31T16:18:36","slug":"akil-yurutmeci-bilim-insanlari-buluslari-ve-eserleri","status":"publish","type":"product","link":"https:\/\/roveyayinevi.com.tr\/index.php\/urun\/akil-yurutmeci-bilim-insanlari-buluslari-ve-eserleri\/","title":{"rendered":"Ak\u0131l Y\u00fcr\u00fctmeci Bilim \u0130nsanlar\u0131 Bulu\u015flar\u0131 ve Eserleri"},"content":{"rendered":"<p>AKIL Y\u00dcR\u00dcTMEC\u0130 B\u0130L\u0130M \u0130NSANLARI BULU\u015eLARI VE ESERLER\u0130<\/p>\n","protected":false},"excerpt":{"rendered":"<p>AKIL Y\u00dcR\u00dcTMEC\u0130 B\u0130L\u0130M \u0130NSANLARI BULU\u015eLARI VE ESERLER\u0130<\/p>\n","protected":false},"featured_media":0,"template":"","meta":{"_monsterinsights_skip_tracking":false,"_monsterinsights_sitenote_active":false,"_monsterinsights_sitenote_note":"","_monsterinsights_sitenote_category":0},"product_brand":[],"product_cat":[12573,12566],"product_tag":[],"class_list":{"0":"post-750029","1":"product","2":"type-product","3":"status-publish","5":"product_cat-akademik-kitaplar","6":"product_cat-egitim","7":"pa_tur-kitap","8":"pa_yayinevi-palme-yayincilik-akademik","9":"pa_yazar-kolektif","11":"first","12":"instock","13":"sale","14":"shipping-taxable","15":"purchasable","16":"product-type-simple"},"_links":{"self":[{"href":"https:\/\/roveyayinevi.com.tr\/index.php\/wp-json\/wp\/v2\/product\/750029","targetHints":{"allow":["GET"]}}],"collection":[{"href":"https:\/\/roveyayinevi.com.tr\/index.php\/wp-json\/wp\/v2\/product"}],"about":[{"href":"https:\/\/roveyayinevi.com.tr\/index.php\/wp-json\/wp\/v2\/types\/product"}],"wp:attachment":[{"href":"https:\/\/roveyayinevi.com.tr\/index.php\/wp-json\/wp\/v2\/media?parent=750029"}],"wp:term":[{"taxonomy":"product_brand","embeddable":true,"href":"https:\/\/roveyayinevi.com.tr\/index.php\/wp-json\/wp\/v2\/product_brand?post=750029"},{"taxonomy":"product_cat","embeddable":true,"href":"https:\/\/roveyayinevi.com.tr\/index.php\/wp-json\/wp\/v2\/product_cat?post=750029"},{"taxonomy":"product_tag","embeddable":true,"href":"https:\/\/roveyayinevi.com.tr\/index.php\/wp-json\/wp\/v2\/product_tag?post=750029"}],"curies":[{"name":"wp","href":"https:\/\/api.w.org\/{rel}","templated":true}]}}