{"id":750026,"date":"2025-08-28T04:10:14","date_gmt":"2025-08-28T01:10:14","guid":{"rendered":"https:\/\/roveyayinevi.com.tr\/index.php\/urun\/kant-calismalari-dergisi-sayi-1\/"},"modified":"2026-04-16T03:03:31","modified_gmt":"2026-04-16T00:03:31","slug":"kant-calismalari-dergisi-sayi-1","status":"publish","type":"product","link":"https:\/\/roveyayinevi.com.tr\/index.php\/urun\/kant-calismalari-dergisi-sayi-1\/","title":{"rendered":"Kant \u00c7al\u0131\u015fmalar\u0131 Dergisi Say\u0131 1"},"content":{"rendered":"<p>Soru Cevapland\u0131: Kant\u2019\u0131n \u201cEle\u015ftirel Felsefesi\u201d Nedir? Kenneth R. Westphal   Sellars\u2019\u0131n Manifest \u0130mgesi Ba\u011flam\u0131nda Kant\u2019\u0131n Ahlak Psikolojisinin Transandantal Teorisi Kant\u2019s Transcendental Theory of Moral Psychology Within Sellars\u2019 Manifest Image Aran Arslan   Transendental Mant\u0131k ve Hayal G\u00fcc\u00fc: Kant\u2019\u0131n Kategoriler Tablosunun K\u00f6kenine Dair Alternatif Bir Bak\u0131\u015f Berker Basmac\u0131   Kant\u2019\u0131n Ahlak Tasavvuru ve Mutluluk Ahlak\u0131na Y\u00f6neltti\u011fi Ele\u015ftiriler Elif \u00c7etink\u0131ran Balc\u0131   Kant\u2019\u0131n Ahlak Teorisini Muhayyile \u00dczerinden Okumak Reading Kant\u2019s Moral Theory Through Imagination Ey\u00fcp Engin K\u00fc\u00e7\u00fck   Kritiklere K\u00f6pr\u00fc Kurmak: \u201cEstetik Yarg\u0131 G\u00fcc\u00fcn\u00fcn Ele\u015ftirisi\u201d \u00dczerinden Bir Okuma Hazal Gemicio\u011flu   Kant\u2019\u0131n \u00dc\u00e7\u00fcnc\u00fc Kriti\u011fi\u2019nde Be\u011feninin Otonomisi ve Ortak Duyu The Autonomy of Taste and Common Sense in Kant\u2019s Third Critique \u00d6mer Kayac\u0131   Kant\u2019\u0131n Otonomi Anlay\u0131\u015f\u0131: Wolff\u2019un Yorumunun Bir Ele\u015ftirisi Kant\u2019s Understanding of Autonomy: A Critique of Wolff\u2019s Interpretation Umut Eldem <\/p>\n","protected":false},"excerpt":{"rendered":"<p>Soru Cevapland\u0131: Kant\u2019\u0131n \u201cEle\u015ftirel Felsefesi\u201d Nedir? Kenneth R. Westphal Sellars\u2019\u0131n Manifest \u0130mgesi Ba\u011flam\u0131nda Kant\u2019\u0131n Ahlak Psikolojisinin Transandantal Teorisi Kant\u2019s Transcendental Theory of Moral Psychology Within Sellars\u2019<span class=\"excerpt-hellip\"> [\u2026]<\/span><\/p>\n","protected":false},"featured_media":0,"template":"","meta":{"_monsterinsights_skip_tracking":false,"_monsterinsights_sitenote_active":false,"_monsterinsights_sitenote_note":"","_monsterinsights_sitenote_category":0},"product_brand":[],"product_cat":[13527],"product_tag":[],"class_list":{"0":"post-750026","1":"product","2":"type-product","3":"status-publish","5":"product_cat-sureli-yayinlar","6":"pa_cilt-ciltsiz","7":"pa_tur-dergi","8":"pa_yayinevi-vakifbank-kultur-yayinlari","9":"pa_yazar-kolektif","11":"first","12":"instock","13":"sale","14":"shipping-taxable","15":"purchasable","16":"product-type-simple"},"_links":{"self":[{"href":"https:\/\/roveyayinevi.com.tr\/index.php\/wp-json\/wp\/v2\/product\/750026","targetHints":{"allow":["GET"]}}],"collection":[{"href":"https:\/\/roveyayinevi.com.tr\/index.php\/wp-json\/wp\/v2\/product"}],"about":[{"href":"https:\/\/roveyayinevi.com.tr\/index.php\/wp-json\/wp\/v2\/types\/product"}],"wp:attachment":[{"href":"https:\/\/roveyayinevi.com.tr\/index.php\/wp-json\/wp\/v2\/media?parent=750026"}],"wp:term":[{"taxonomy":"product_brand","embeddable":true,"href":"https:\/\/roveyayinevi.com.tr\/index.php\/wp-json\/wp\/v2\/product_brand?post=750026"},{"taxonomy":"product_cat","embeddable":true,"href":"https:\/\/roveyayinevi.com.tr\/index.php\/wp-json\/wp\/v2\/product_cat?post=750026"},{"taxonomy":"product_tag","embeddable":true,"href":"https:\/\/roveyayinevi.com.tr\/index.php\/wp-json\/wp\/v2\/product_tag?post=750026"}],"curies":[{"name":"wp","href":"https:\/\/api.w.org\/{rel}","templated":true}]}}