{"id":750025,"date":"2025-08-28T04:10:13","date_gmt":"2025-08-28T01:10:13","guid":{"rendered":"https:\/\/roveyayinevi.com.tr\/index.php\/urun\/ii-dunya-savasinda-propaganda-cizgi-filmleri\/"},"modified":"2026-04-16T03:03:31","modified_gmt":"2026-04-16T00:03:31","slug":"ii-dunya-savasinda-propaganda-cizgi-filmleri","status":"publish","type":"product","link":"https:\/\/roveyayinevi.com.tr\/index.php\/urun\/ii-dunya-savasinda-propaganda-cizgi-filmleri\/","title":{"rendered":"II. D\u00fcnya Sava\u015f\u0131\u2019nda Propaganda \u00c7izgi Filmleri"},"content":{"rendered":"<p>\u0130lk sinema filmi 19. y\u00fczy\u0131l\u0131n son \u00e7eyre\u011finde, ilk \u00e7izgi film ise 20. y\u00fczy\u0131l\u0131n hemen ba\u015flar\u0131nda \u00e7ekildi. 1906 y\u0131l\u0131nda Amerika\u2019da \u00e7ekilen Humorous Phases of Funny Faces (Komik Y\u00fczlerin Esprili A\u015famalar\u0131), tarih\u00e7iler nezdinde genel kabul g\u00f6ren ilk \u00e7izgi filmdir. Bir ba\u015fka deyi\u015fle sinema filmleri de \u00e7izgi filmler de ilk y\u00fczy\u0131llar\u0131n\u0131 geride b\u0131rakt\u0131. \u0130ki farkl\u0131 sekt\u00f6r olarak ele al\u0131nd\u0131\u011f\u0131nda, bug\u00fcn her iki sekt\u00f6r\u00fcn profesyonelleri, meseleyi entertainment (e\u011flence) olarak tan\u0131mlamaktad\u0131rlar. Ancak tarihsel s\u00fcre\u00e7 g\u00f6z \u00f6n\u00fcnde bulunduruldu\u011funda, \u00e7izgi filmlerin e\u011flenceli taraf\u0131yla birlikte h\u00fck\u00fcmetlerin ve s\u0131n\u0131rlar\u0131 tam olarak \u00e7izilemeyen \u00e7\u0131kar gruplar\u0131n\u0131n g\u00fcd\u00fcm\u00fcne girdi\u011finde, ideolojik propaganda malzemesine d\u00f6n\u00fc\u015ft\u00fc\u011f\u00fcn\u00fc anl\u0131yoruz. Bu \u00e7er\u00e7evede ele al\u0131nd\u0131\u011f\u0131nda \u00e7izgi filmler, ileti\u015fim stratejileri kapsam\u0131nda bir \u201cg\u00fcndem belirleme yahut y\u00f6nlendirme arac\u0131na d\u00f6n\u00fc\u015f\u00fcyor\u201d, demek yerinde bir tespit olacakt\u0131r. Akademik bir \u00e7al\u0131\u015fma olan elinizdeki eser, \u00f6nemli bir bo\u015flu\u011fu doldurmak i\u00e7in kaleme al\u0131nd\u0131. Elbette spesifik bir ba\u015fl\u0131k ve i\u00e7erikle\u2026 \u0130nsanl\u0131k tarihinin b\u00fcy\u00fck travmas\u0131 olan \u0130kinci D\u00fcnya Sava\u015f\u0131, 1939 il\u00e2 1945 y\u0131llar\u0131 aras\u0131nda ya\u015fand\u0131. Ancak sava\u015f\u0131n sosyal, siyas\u00ee, ekonomik ve k\u00fclt\u00fcrel etkisi bu tarih aral\u0131\u011f\u0131n\u0131n \u00e7ok daha \u00f6tesine ge\u00e7ti. \u0130kinci D\u00fcnya Sava\u015f\u0131\u2019nda Propaganda ve \u00c7izgi Filmler kitab\u0131, sava\u015f d\u00f6nemi Mihver Devletler ve M\u00fcttefik Devletlerin \u00fcrettikleri yedi adet \u00e7izgi filmin ideolojik propaganda a\u00e7\u0131s\u0131ndan g\u00f6stergebilimsel analizini yapmaktad\u0131r. Bunu yaparken de son iki y\u00fczy\u0131l\u0131n en iddial\u0131 fenomenlerinden biri olarak ideoloji kavram\u0131 ekseninde kar\u015f\u0131la\u015f\u0131lan bulgular titizlikle de\u011ferlendirildi. Kitapta i\u015flenen ideoloji kavram\u0131 ise iki ismin g\u00f6lgesi alt\u0131nda ele al\u0131n\u0131yor: Cemil Meri\u00e7 ve Slavoj Zizek. Sava\u015f psikolojisi, yaln\u0131zca cephedeki asker\u00ee personeli ilgilendiren bir durum de\u011fildir. Kitlelerin psikolojisi de y\u00f6netilmelidir. En az\u0131ndan d\u00fcnya harp tarihi bize bunu s\u00f6yl\u00fcyor. Bu \u00e7al\u0131\u015fma, \u0130kinci D\u00fcnya Sava\u015f\u0131 s\u0131ras\u0131nda \u00fcretilen \u00e7izgi filmlerin, entertainment (e\u011flence) kapsam\u0131nda \u00fcretilmedi\u011fini ve hatta bir ad\u0131m daha \u00f6tesine gidildi\u011finde \u00e7ok da masum olmad\u0131klar\u0131n\u0131 g\u00f6zler \u00f6n\u00fcne seriyor. Yaln\u0131zca sava\u015f s\u0131ras\u0131nda de\u011fil, kitleleri y\u00f6nlendirme, y\u00f6netme ve ideoloji k\u0131skac\u0131na alma a\u00e7\u0131s\u0131ndan \u00e7izgi filmlere art\u0131k ba\u015fka bir g\u00f6zle bakaca\u011f\u0131n\u0131z bu metni, siz de\u011ferli okuyucular\u0131m\u0131za emanet ediyoruz.   <\/p>\n","protected":false},"excerpt":{"rendered":"<p>\u0130lk sinema filmi 19. y\u00fczy\u0131l\u0131n son \u00e7eyre\u011finde, ilk \u00e7izgi film ise 20. y\u00fczy\u0131l\u0131n hemen ba\u015flar\u0131nda \u00e7ekildi. 1906 y\u0131l\u0131nda Amerika\u2019da \u00e7ekilen Humorous Phases of Funny Faces (Komik<span class=\"excerpt-hellip\"> [\u2026]<\/span><\/p>\n","protected":false},"featured_media":0,"template":"","meta":{"_monsterinsights_skip_tracking":false,"_monsterinsights_sitenote_active":false,"_monsterinsights_sitenote_note":"","_monsterinsights_sitenote_category":0},"product_brand":[],"product_cat":[12304],"product_tag":[],"class_list":{"0":"post-750025","1":"product","2":"type-product","3":"status-publish","5":"product_cat-tarih","6":"pa_cilt-ciltsiz","7":"pa_tur-kitap","8":"pa_yayinevi-karakum-yayinevi","9":"pa_yazar-fatih-emre-sen","11":"first","12":"instock","13":"sale","14":"shipping-taxable","15":"purchasable","16":"product-type-simple"},"_links":{"self":[{"href":"https:\/\/roveyayinevi.com.tr\/index.php\/wp-json\/wp\/v2\/product\/750025","targetHints":{"allow":["GET"]}}],"collection":[{"href":"https:\/\/roveyayinevi.com.tr\/index.php\/wp-json\/wp\/v2\/product"}],"about":[{"href":"https:\/\/roveyayinevi.com.tr\/index.php\/wp-json\/wp\/v2\/types\/product"}],"wp:attachment":[{"href":"https:\/\/roveyayinevi.com.tr\/index.php\/wp-json\/wp\/v2\/media?parent=750025"}],"wp:term":[{"taxonomy":"product_brand","embeddable":true,"href":"https:\/\/roveyayinevi.com.tr\/index.php\/wp-json\/wp\/v2\/product_brand?post=750025"},{"taxonomy":"product_cat","embeddable":true,"href":"https:\/\/roveyayinevi.com.tr\/index.php\/wp-json\/wp\/v2\/product_cat?post=750025"},{"taxonomy":"product_tag","embeddable":true,"href":"https:\/\/roveyayinevi.com.tr\/index.php\/wp-json\/wp\/v2\/product_tag?post=750025"}],"curies":[{"name":"wp","href":"https:\/\/api.w.org\/{rel}","templated":true}]}}