{"id":750022,"date":"2025-08-28T04:10:09","date_gmt":"2025-08-28T01:10:09","guid":{"rendered":"https:\/\/roveyayinevi.com.tr\/index.php\/urun\/hakca-paylasmak-icin-toplumsal-adalet\/"},"modified":"2026-04-16T03:03:31","modified_gmt":"2026-04-16T00:03:31","slug":"hakca-paylasmak-icin-toplumsal-adalet","status":"publish","type":"product","link":"https:\/\/roveyayinevi.com.tr\/index.php\/urun\/hakca-paylasmak-icin-toplumsal-adalet\/","title":{"rendered":"Hak\u00e7a Payla\u015fmak \u0130\u00e7in Toplumsal ADALET"},"content":{"rendered":"<p>Aya\u011fa kalk\u0131n gen\u00e7ler! Aya\u011fa kalk\u0131n kad\u0131nlar! Aya\u011fa kalk\u0131n \u00e7ocuklar! Bundan sonra hi\u00e7bir \u015fey eskisi gibi olmayacak!S\u00f6z veriyorum, bu \u00fclkeye hak, hukuk, adalet mutlaka gelecek!Ve s\u00f6z veriyorum, bu \u00fclke yeniden do\u011facak.S\u00f6z veriyorum, Atat\u00fcrk\u2019\u00fcn vizyonunu hayata ge\u00e7irece\u011fiz.Ve s\u00f6z veriyorum, ya\u015fama sevincimizi geri alaca\u011f\u0131z. \u00c7\u00fcnk\u00fc ancak biz kazan\u0131rsak T\u00fcrkiye kazan\u0131r! \u00d6nce kendinizi alk\u0131\u015flay\u0131n!\u0130ktidara geliyorsunuz\u2026 \u0130ktidara geliyoruz, iktidara! Haydi alk\u0131\u015flay\u0131n!D\u00fcnyan\u0131n g\u00f6z\u00fcn\u00fcn i\u00e7ine bak\u0131n. Ve hayk\u0131r\u0131n:  Ey d\u00fcnya! T\u00fcrkiye senin ucuz i\u015f g\u00fcc\u00fc alan\u0131n olmayacak!T\u00fcrkiye senin m\u00fclteci kamp\u0131n olmayacak! T\u00fcrkiye senin \u00e7\u00f6p depolama alan\u0131n olmayacak!Ben sana rakip olaca\u011f\u0131m! Sana rakip olmak i\u00e7in geliyoruz ey d\u00fcnya, sana rakip olmak i\u00e7in! T\u00fcrkiye bir y\u0131ld\u0131z gibi parlayacak!Yeni T\u00fcrkiye hayalimiz i\u00e7in yola \u00e7\u0131k\u0131yoruz! Hay\u0131rl\u0131, u\u011furlu olsun\u2026 Haydi arkada\u015flar, ba\u015fl\u0131yoruz! Ba\u015fl\u0131yoruz! Ba\u015fl\u0131yoruz!B\u00fcy\u00fck zamanlar\u0131n arifesinde Kemal K\u0131l\u0131\u00e7daro\u011flu\u2019nun s\u00f6zlerini geriye do\u011fru takip etti\u011fimizde 1976\u2019dan itibaren yazmaya ba\u015flad\u0131\u011f\u0131 yaz\u0131lar\u0131nda, temiz, \u00f6zg\u00fcr ve e\u015fit bir T\u00fcrkiye hayalinin capcanl\u0131 tezah\u00fcrlerini g\u00f6r\u00fcyoruz. Elinizdeki kitapta K\u0131l\u0131\u00e7daro\u011flu, bug\u00fcn oldu\u011fu gibi y\u0131llar \u00f6nceki makalelerinde de \u00f6dedi\u011fimiz vergilerin nereye gitti\u011finden yolsuzlu\u011fa, r\u00fc\u015fvete, maliye politikalar\u0131ndaki \u00e7arp\u0131kl\u0131\u011fa kadar sorguluyor, cesur ele\u015ftiriler getiriyor.Bug\u00fcn ya\u015fad\u0131\u011f\u0131m\u0131z deprem felaketiyle bu sorgulama bi\u00e7iminin bir vatanda\u015fl\u0131k g\u00f6revi oldu\u011fu apa\u00e7\u0131k kar\u015f\u0131m\u0131zda duruyor.Kitab\u0131n bu bilince ve yepyeni, insanca ya\u015fan\u0131r bir T\u00fcrkiye \u00e7a\u011fr\u0131s\u0131na katk\u0131da bulunmas\u0131 dile\u011fiyle\u2026<\/p>\n","protected":false},"excerpt":{"rendered":"<p>Aya\u011fa kalk\u0131n gen\u00e7ler! Aya\u011fa kalk\u0131n kad\u0131nlar! Aya\u011fa kalk\u0131n \u00e7ocuklar! Bundan sonra hi\u00e7bir \u015fey eskisi gibi olmayacak!S\u00f6z veriyorum, bu \u00fclkeye hak, hukuk, adalet mutlaka gelecek!Ve s\u00f6z veriyorum,<span class=\"excerpt-hellip\"> [\u2026]<\/span><\/p>\n","protected":false},"featured_media":0,"template":"","meta":{"_monsterinsights_skip_tracking":false,"_monsterinsights_sitenote_active":false,"_monsterinsights_sitenote_note":"","_monsterinsights_sitenote_category":0},"product_brand":[],"product_cat":[12337],"product_tag":[],"class_list":{"0":"post-750022","1":"product","2":"type-product","3":"status-publish","5":"product_cat-politika-siyaset","6":"pa_cilt-ciltsiz","7":"pa_tur-kitap","8":"pa_yayinevi-tekin-yayinevi","9":"pa_yazar-kemal-kilicdaroglu","11":"first","12":"instock","13":"sale","14":"shipping-taxable","15":"purchasable","16":"product-type-simple"},"_links":{"self":[{"href":"https:\/\/roveyayinevi.com.tr\/index.php\/wp-json\/wp\/v2\/product\/750022","targetHints":{"allow":["GET"]}}],"collection":[{"href":"https:\/\/roveyayinevi.com.tr\/index.php\/wp-json\/wp\/v2\/product"}],"about":[{"href":"https:\/\/roveyayinevi.com.tr\/index.php\/wp-json\/wp\/v2\/types\/product"}],"wp:attachment":[{"href":"https:\/\/roveyayinevi.com.tr\/index.php\/wp-json\/wp\/v2\/media?parent=750022"}],"wp:term":[{"taxonomy":"product_brand","embeddable":true,"href":"https:\/\/roveyayinevi.com.tr\/index.php\/wp-json\/wp\/v2\/product_brand?post=750022"},{"taxonomy":"product_cat","embeddable":true,"href":"https:\/\/roveyayinevi.com.tr\/index.php\/wp-json\/wp\/v2\/product_cat?post=750022"},{"taxonomy":"product_tag","embeddable":true,"href":"https:\/\/roveyayinevi.com.tr\/index.php\/wp-json\/wp\/v2\/product_tag?post=750022"}],"curies":[{"name":"wp","href":"https:\/\/api.w.org\/{rel}","templated":true}]}}