{"id":750020,"date":"2025-08-28T04:10:07","date_gmt":"2025-08-28T01:10:07","guid":{"rendered":"https:\/\/roveyayinevi.com.tr\/index.php\/urun\/ss\/"},"modified":"2026-04-16T03:03:31","modified_gmt":"2026-04-16T00:03:31","slug":"ss","status":"publish","type":"product","link":"https:\/\/roveyayinevi.com.tr\/index.php\/urun\/ss\/","title":{"rendered":"SS"},"content":{"rendered":"<p>&#8211; Mafya hakk\u0131nda rapor yazan emniyet m\u00fcd\u00fcr\u00fcn\u00fcn ba\u015f\u0131na neler geldi? &#8211; S\u00fcleyman Soylu ile Ekrem \u0130mamo\u011flu aras\u0131ndaki k\u00fcf\u00fcrl\u00fc konu\u015fma neden yap\u0131ld\u0131? &#8211; AKP\u2019li i\u015fadam\u0131n\u0131n bilinmeyen tecav\u00fcz dosyas\u0131nda neler var? &#8211; Cumhurba\u015fkanl\u0131\u011f\u0131\u2019ndaki kritik ismi kim gizlice foto\u011fraflad\u0131? &#8211; Sedat Peker\u2019in S\u00fcleyman Soylu ile ili\u015fkisindeki s\u0131rlar ne?  &#8211; Soylu, Erdo\u011fan sonras\u0131na haz\u0131rlanan bir proje mi? &#8211; Devletten maa\u015f alan troll yap\u0131lanmas\u0131 nas\u0131l kuruldu? &#8211; Soylu, finans\u00f6rlerini kime nas\u0131l a\u00e7\u0131klad\u0131? &#8211; Soylu, Fethullah G\u00fclen\u2019e hangi konuda dan\u0131\u015ft\u0131? &#8211; Hablemito\u011flu dosyas\u0131na Soylu\u2019nun m\u00fcdahalesi nas\u0131l oldu? &#8211; Sinan Ate\u015f cinayetinde Soylu neden sessiz kald\u0131? &#8211; Soylu\u2019nun soru\u015fturma evra\u011f\u0131nda neler var? &#8211; Gizli ByLock yaz\u0131\u015fmalar\u0131nda Soylu\u2019nun ad\u0131 nas\u0131l ge\u00e7iyor? &#8211; Demirel ve Menderes, Soylu hakk\u0131nda neler s\u00f6yledi? &#8211; SS plakal\u0131 o arac\u0131n \u00f6yk\u00fcs\u00fcnde hangi ili\u015fkiler var? &#8211; Soylu\u2019nun dizinin dibinde oturdu\u011fu tarikat \u015feyhi kim? &#8211; AKP\u2019de kimler Soylu ile kavga ediyor? &#8211; Cezaevinden Soylu\u2019ya g\u00f6nderilen gizli mektupta neler yaz\u0131yor? &#8211; Soylu\u2019nun sildirdi\u011fi ar\u015fivinde neler var? T\u00fcrkiye\u2019nin g\u00fcndeminden d\u00fc\u015fmeyen S\u00fcleyman Soylu\u2019nun bilinmeyenlerini ilk kez okuyacaks\u0131n\u0131z. Bar\u0131\u015f Pehlivan ve Bar\u0131\u015f Terko\u011flu, SS ile b\u00fcy\u00fck s\u0131r kap\u0131s\u0131n\u0131 a\u00e7\u0131yor. <\/p>\n","protected":false},"excerpt":{"rendered":"<p>&#8211; Mafya hakk\u0131nda rapor yazan emniyet m\u00fcd\u00fcr\u00fcn\u00fcn ba\u015f\u0131na neler geldi? &#8211; S\u00fcleyman Soylu ile Ekrem \u0130mamo\u011flu aras\u0131ndaki k\u00fcf\u00fcrl\u00fc konu\u015fma neden yap\u0131ld\u0131? &#8211; AKP\u2019li i\u015fadam\u0131n\u0131n bilinmeyen tecav\u00fcz<span class=\"excerpt-hellip\"> [\u2026]<\/span><\/p>\n","protected":false},"featured_media":0,"template":"","meta":{"_monsterinsights_skip_tracking":false,"_monsterinsights_sitenote_active":false,"_monsterinsights_sitenote_note":"","_monsterinsights_sitenote_category":0},"product_brand":[],"product_cat":[12337,14543],"product_tag":[],"class_list":{"0":"post-750020","1":"product","2":"type-product","3":"status-publish","5":"product_cat-politika-siyaset","6":"product_cat-turkiye-siyaseti-ve-politikasi","7":"pa_cilt-ciltsiz","8":"pa_tur-kitap","9":"pa_yayinevi-kirmizi-kedi-yayinevi","10":"pa_yazar-baris-pehlivan-baris-terkoglu","12":"first","13":"instock","14":"sale","15":"shipping-taxable","16":"purchasable","17":"product-type-simple"},"_links":{"self":[{"href":"https:\/\/roveyayinevi.com.tr\/index.php\/wp-json\/wp\/v2\/product\/750020","targetHints":{"allow":["GET"]}}],"collection":[{"href":"https:\/\/roveyayinevi.com.tr\/index.php\/wp-json\/wp\/v2\/product"}],"about":[{"href":"https:\/\/roveyayinevi.com.tr\/index.php\/wp-json\/wp\/v2\/types\/product"}],"wp:attachment":[{"href":"https:\/\/roveyayinevi.com.tr\/index.php\/wp-json\/wp\/v2\/media?parent=750020"}],"wp:term":[{"taxonomy":"product_brand","embeddable":true,"href":"https:\/\/roveyayinevi.com.tr\/index.php\/wp-json\/wp\/v2\/product_brand?post=750020"},{"taxonomy":"product_cat","embeddable":true,"href":"https:\/\/roveyayinevi.com.tr\/index.php\/wp-json\/wp\/v2\/product_cat?post=750020"},{"taxonomy":"product_tag","embeddable":true,"href":"https:\/\/roveyayinevi.com.tr\/index.php\/wp-json\/wp\/v2\/product_tag?post=750020"}],"curies":[{"name":"wp","href":"https:\/\/api.w.org\/{rel}","templated":true}]}}