{"id":750017,"date":"2025-08-28T04:10:02","date_gmt":"2025-08-28T01:10:02","guid":{"rendered":"https:\/\/roveyayinevi.com.tr\/index.php\/urun\/kahramanlarin-oyunu-1\/"},"modified":"2026-04-16T03:03:31","modified_gmt":"2026-04-16T00:03:31","slug":"kahramanlarin-oyunu-1","status":"publish","type":"product","link":"https:\/\/roveyayinevi.com.tr\/index.php\/urun\/kahramanlarin-oyunu-1\/","title":{"rendered":"Kahramanlar\u0131n Oyunu 1"},"content":{"rendered":"<p>Pop\u00fcler bir idol olarak, h\u0131zl\u0131 bir hayat ya\u015fayan gen\u00e7 k\u0131z Arisu, kendisini garip bir ormanda kaybolmu\u015f halde bulur. Ormanda dola\u015f\u0131rken kar\u015f\u0131la\u015ft\u0131\u011f\u0131 \u015fey k\u0131rm\u0131z\u0131 ba\u015fl\u0131\u011f\u0131 olan, dev, canavar kollu bir varl\u0131kt\u0131r ve ad\u0131 da K\u0131rm\u0131z\u0131 Ba\u015fl\u0131kl\u0131 K\u0131z\u2019d\u0131r (Akazukin). Buras\u0131 kad\u0131n masal kahramanlar\u0131n\u0131n (Heroinler) birbirlerini \u00f6ld\u00fcrd\u00fckleri bir tabu orman\u0131&#8230; E\u015fsiz \u00e7izimleriyle, g\u00fczelli\u011fin de h\u00fczn\u00fcn de oldu\u011fu vah\u015fi bir peri masal\u0131. A\u00e7\u0131l\u0131\u015f perdesi&#8230; <\/p>\n","protected":false},"excerpt":{"rendered":"<p>Pop\u00fcler bir idol olarak, h\u0131zl\u0131 bir hayat ya\u015fayan gen\u00e7 k\u0131z Arisu, kendisini garip bir ormanda kaybolmu\u015f halde bulur. Ormanda dola\u015f\u0131rken kar\u015f\u0131la\u015ft\u0131\u011f\u0131 \u015fey k\u0131rm\u0131z\u0131 ba\u015fl\u0131\u011f\u0131 olan, dev,<span class=\"excerpt-hellip\"> [\u2026]<\/span><\/p>\n","protected":false},"featured_media":0,"template":"","meta":{"_monsterinsights_skip_tracking":false,"_monsterinsights_sitenote_active":false,"_monsterinsights_sitenote_note":"","_monsterinsights_sitenote_category":0},"product_brand":[],"product_cat":[12416,12291],"product_tag":[],"class_list":{"0":"post-750017","1":"product","2":"type-product","3":"status-publish","5":"product_cat-cizgi-roman","6":"product_cat-edebiyat","7":"pa_cilt-ciltsiz","8":"pa_tur-kitap","9":"pa_yayinevi-athica-yayinlari","10":"pa_yazar-tabasa-iori","12":"first","13":"instock","14":"sale","15":"shipping-taxable","16":"purchasable","17":"product-type-simple"},"_links":{"self":[{"href":"https:\/\/roveyayinevi.com.tr\/index.php\/wp-json\/wp\/v2\/product\/750017","targetHints":{"allow":["GET"]}}],"collection":[{"href":"https:\/\/roveyayinevi.com.tr\/index.php\/wp-json\/wp\/v2\/product"}],"about":[{"href":"https:\/\/roveyayinevi.com.tr\/index.php\/wp-json\/wp\/v2\/types\/product"}],"wp:attachment":[{"href":"https:\/\/roveyayinevi.com.tr\/index.php\/wp-json\/wp\/v2\/media?parent=750017"}],"wp:term":[{"taxonomy":"product_brand","embeddable":true,"href":"https:\/\/roveyayinevi.com.tr\/index.php\/wp-json\/wp\/v2\/product_brand?post=750017"},{"taxonomy":"product_cat","embeddable":true,"href":"https:\/\/roveyayinevi.com.tr\/index.php\/wp-json\/wp\/v2\/product_cat?post=750017"},{"taxonomy":"product_tag","embeddable":true,"href":"https:\/\/roveyayinevi.com.tr\/index.php\/wp-json\/wp\/v2\/product_tag?post=750017"}],"curies":[{"name":"wp","href":"https:\/\/api.w.org\/{rel}","templated":true}]}}