{"id":750016,"date":"2025-08-28T04:10:01","date_gmt":"2025-08-28T01:10:01","guid":{"rendered":"https:\/\/roveyayinevi.com.tr\/index.php\/urun\/felsefe-neye-yarar\/"},"modified":"2026-04-16T03:03:31","modified_gmt":"2026-04-16T00:03:31","slug":"felsefe-neye-yarar","status":"publish","type":"product","link":"https:\/\/roveyayinevi.com.tr\/index.php\/urun\/felsefe-neye-yarar\/","title":{"rendered":"Felsefe Neye Yarar?"},"content":{"rendered":"<p>Kim, neden felsefeyle ilgilensin ki? Metalurji alan\u0131nda oldu\u011fu gibi bir bilim dal\u0131nda uzmanla\u015fmak i\u00e7in mi? Yoksa Tarih, Edebiyat ve hatta Teoloji ile ilgileneler gibi ki\u015fisel merak\u0131 beslemek ya da ya\u015fam\u0131 etkilemek i\u00e7in mi?   Mary Midgley bu eserinde entelekt\u00fcel kayg\u0131lar\u0131m\u0131z ile kafa kar\u0131\u015f\u0131kl\u0131klar\u0131m\u0131z\u0131n g\u00fcncel bi\u00e7imlerine ve bunlar\u0131 ele alma y\u00f6ntemlerimize, bu provakatif sorular\u0131 y\u00f6neltiyor. Bu \u015fekilde felsefenin ve d\u00fc\u015f\u00fcnsel ya\u015fam\u0131n \u00e7etin ama titiz bir savunmas\u0131na imza at\u0131yor.   Bu savunma bilim, din ve felsefeyle ilgili \u00e7a\u011fda\u015f tart\u0131\u015fmalar\u0131n ba\u011flam\u0131 i\u00e7inde ustaca yer alm\u0131\u015ft\u0131r. Elinizdeki eser okurlar\u0131, bilimsel ve teknolojik geli\u015fmelerin \u0131\u015f\u0131\u011f\u0131nda anlam, bilgi ve de\u011fer gibi b\u00fcy\u00fck sorulara kafa yormak i\u00e7in hala felsefeye ihtiyac\u0131m\u0131z olup olmad\u0131\u011f\u0131n\u0131 tart\u0131\u015fmaya \u00e7a\u011f\u0131r\u0131yor.<\/p>\n","protected":false},"excerpt":{"rendered":"<p>Kim, neden felsefeyle ilgilensin ki? Metalurji alan\u0131nda oldu\u011fu gibi bir bilim dal\u0131nda uzmanla\u015fmak i\u00e7in mi? Yoksa Tarih, Edebiyat ve hatta Teoloji ile ilgileneler gibi ki\u015fisel merak\u0131<span class=\"excerpt-hellip\"> [\u2026]<\/span><\/p>\n","protected":false},"featured_media":0,"template":"","meta":{"_monsterinsights_skip_tracking":false,"_monsterinsights_sitenote_active":false,"_monsterinsights_sitenote_note":"","_monsterinsights_sitenote_category":0},"product_brand":[],"product_cat":[12388],"product_tag":[],"class_list":{"0":"post-750016","1":"product","2":"type-product","3":"status-publish","5":"product_cat-felsefe","6":"pa_cilt-ciltsiz","7":"pa_tur-kitap","8":"pa_yayinevi-orenda","9":"pa_yazar-mary-midgley","11":"first","12":"instock","13":"sale","14":"shipping-taxable","15":"purchasable","16":"product-type-simple"},"_links":{"self":[{"href":"https:\/\/roveyayinevi.com.tr\/index.php\/wp-json\/wp\/v2\/product\/750016","targetHints":{"allow":["GET"]}}],"collection":[{"href":"https:\/\/roveyayinevi.com.tr\/index.php\/wp-json\/wp\/v2\/product"}],"about":[{"href":"https:\/\/roveyayinevi.com.tr\/index.php\/wp-json\/wp\/v2\/types\/product"}],"wp:attachment":[{"href":"https:\/\/roveyayinevi.com.tr\/index.php\/wp-json\/wp\/v2\/media?parent=750016"}],"wp:term":[{"taxonomy":"product_brand","embeddable":true,"href":"https:\/\/roveyayinevi.com.tr\/index.php\/wp-json\/wp\/v2\/product_brand?post=750016"},{"taxonomy":"product_cat","embeddable":true,"href":"https:\/\/roveyayinevi.com.tr\/index.php\/wp-json\/wp\/v2\/product_cat?post=750016"},{"taxonomy":"product_tag","embeddable":true,"href":"https:\/\/roveyayinevi.com.tr\/index.php\/wp-json\/wp\/v2\/product_tag?post=750016"}],"curies":[{"name":"wp","href":"https:\/\/api.w.org\/{rel}","templated":true}]}}