{"id":750015,"date":"2025-08-28T04:10:00","date_gmt":"2025-08-28T01:10:00","guid":{"rendered":"https:\/\/roveyayinevi.com.tr\/index.php\/urun\/ozge-erkan-piyano-metodu\/"},"modified":"2026-04-16T03:03:31","modified_gmt":"2026-04-16T00:03:31","slug":"ozge-erkan-piyano-metodu","status":"publish","type":"product","link":"https:\/\/roveyayinevi.com.tr\/index.php\/urun\/ozge-erkan-piyano-metodu\/","title":{"rendered":"\u00d6zge Erkan Piyano Metodu"},"content":{"rendered":"<p>Yazar\u0131n \u00f6\u011frencilik y\u0131llar\u0131ndan beri \u00f6zel olarak verdi\u011fi piyano e\u011fitimlerine dayanarak ve kendi \u00e7alg\u0131 \u00f6\u011frenme s\u00fcrecinde ya\u015fad\u0131\u011f\u0131 zorluklar\u0131 g\u00f6z \u00f6n\u00fcne alarak, pedagojik formasyon bilgilerine de dayan\u0131p bir araya getirdi\u011fi bu kitap, ba\u015flang\u0131\u00e7 seviyede piyano e\u011fitimi almak isteyen herkese fayda sa\u011flayacakt\u0131r. M\u00fczik e\u011fitiminde ezberin yan\u0131 s\u0131ra aktif olarak \u00e7al\u0131p s\u00f6yleme yetene\u011finin geli\u015ftirilmesi de \u00f6nemlidir. Bu nedenle kitapta kelebek y\u00f6ntemi kullan\u0131larak, iki eldeki notalar\u0131 ayn\u0131 anda \u00f6\u011fretip \u00e7ift el \u00e7alma ve notalar\u0131 adlar\u0131yla seslendirmeye dayal\u0131 bir metot izlenmi\u015ftir. \u00d6\u011frencilerin \u00e7alg\u0131yla daha fazla vakit ge\u00e7irmesi ve notalar\u0131 herhangi bir \u015fark\u0131da ezberlememesi, \u00f6\u011frenmesi i\u00e7in fazlaca al\u0131\u015ft\u0131rma yaz\u0131lm\u0131\u015ft\u0131r.   Bu kitab\u0131n ba\u015fka \u00f6zelli\u011fi, her notan\u0131n kavranmas\u0131 i\u00e7in yava\u015f yava\u015f ilerlenmesi, bol al\u0131\u015ft\u0131rma ile \u00f6\u011frenilen yeni bilgilerin tekrar\u0131, metronom kullan\u0131m\u0131 ve notalar\u0131n seslendirilmesi konusunda uyar\u0131lara yer verilmesidir. Her ya\u015ftan \u00f6\u011frencinin kolayl\u0131kla anlayabilmesinin ve e\u011fitimi boyunca her ge\u00e7en g\u00fcn daha rahat ilerleyebilmesinin hedefledi\u011fi bu metodun b\u00fct\u00fcn piyano \u00f6\u011frencilerine ve \u00f6\u011fretmenlerine yararl\u0131 olmas\u0131 dile\u011fiyle\u2026 <\/p>\n","protected":false},"excerpt":{"rendered":"<p>Yazar\u0131n \u00f6\u011frencilik y\u0131llar\u0131ndan beri \u00f6zel olarak verdi\u011fi piyano e\u011fitimlerine dayanarak ve kendi \u00e7alg\u0131 \u00f6\u011frenme s\u00fcrecinde ya\u015fad\u0131\u011f\u0131 zorluklar\u0131 g\u00f6z \u00f6n\u00fcne alarak, pedagojik formasyon bilgilerine de dayan\u0131p bir<span class=\"excerpt-hellip\"> [\u2026]<\/span><\/p>\n","protected":false},"featured_media":0,"template":"","meta":{"_monsterinsights_skip_tracking":false,"_monsterinsights_sitenote_active":false,"_monsterinsights_sitenote_note":"","_monsterinsights_sitenote_category":0},"product_brand":[],"product_cat":[14556,20810],"product_tag":[],"class_list":{"0":"post-750015","1":"product","2":"type-product","3":"status-publish","5":"product_cat-muzik","6":"product_cat-ogrenim-kitaplari","7":"pa_cilt-ciltsiz","8":"pa_tur-kitap","9":"pa_yayinevi-muzik-egitimi-yayinlari","10":"pa_yazar-ozge-erkan","12":"first","13":"instock","14":"sale","15":"shipping-taxable","16":"purchasable","17":"product-type-simple"},"_links":{"self":[{"href":"https:\/\/roveyayinevi.com.tr\/index.php\/wp-json\/wp\/v2\/product\/750015","targetHints":{"allow":["GET"]}}],"collection":[{"href":"https:\/\/roveyayinevi.com.tr\/index.php\/wp-json\/wp\/v2\/product"}],"about":[{"href":"https:\/\/roveyayinevi.com.tr\/index.php\/wp-json\/wp\/v2\/types\/product"}],"wp:attachment":[{"href":"https:\/\/roveyayinevi.com.tr\/index.php\/wp-json\/wp\/v2\/media?parent=750015"}],"wp:term":[{"taxonomy":"product_brand","embeddable":true,"href":"https:\/\/roveyayinevi.com.tr\/index.php\/wp-json\/wp\/v2\/product_brand?post=750015"},{"taxonomy":"product_cat","embeddable":true,"href":"https:\/\/roveyayinevi.com.tr\/index.php\/wp-json\/wp\/v2\/product_cat?post=750015"},{"taxonomy":"product_tag","embeddable":true,"href":"https:\/\/roveyayinevi.com.tr\/index.php\/wp-json\/wp\/v2\/product_tag?post=750015"}],"curies":[{"name":"wp","href":"https:\/\/api.w.org\/{rel}","templated":true}]}}