{"id":750014,"date":"2025-08-28T04:09:59","date_gmt":"2025-08-28T01:09:59","guid":{"rendered":"https:\/\/roveyayinevi.com.tr\/index.php\/urun\/besmele-2\/"},"modified":"2026-04-16T03:03:31","modified_gmt":"2026-04-16T00:03:31","slug":"besmele-2","status":"publish","type":"product","link":"https:\/\/roveyayinevi.com.tr\/index.php\/urun\/besmele-2\/","title":{"rendered":"Besmele"},"content":{"rendered":"<p>Kur\u2019\u00e2n-\u0131 Ker\u00eem\u2019de \u201cAllah, \u00c2dem\u2019e b\u00fct\u00fcn isimleri \u00f6\u011fretti.\u201d buyuruldu\u011fu \u00fczere Hz. \u00c2dem\u2019de b\u00fct\u00fcn isimler vard\u0131r ama onlar\u0131 tan\u0131y\u0131p Allah\u2019taki gibi tecelli ettirmek i\u00e7in bir tek\u00e2m\u00fcl s\u00fcrecinden ge\u00e7mek gerekir. Bu tek\u00e2m\u00fcl \u00c2dem ile, yani ilimle ba\u015flar ve o ilim tek tek her peygamberde bir isimde b\u00fct\u00fcn hakikatiyle a\u015fik\u00e2r olur. Hz. Muhammed\u2019de (s.a.s) ise b\u00fct\u00fcn isimler ortaya \u00e7\u0131kar ve Hz. Peygamber bu isimleri sadece idrak etmekle kalmaz, ya\u015famaya ba\u015flar. Bizler de kendimizdeki ilmi idrak edip ya\u015famak, yani \u00c2dem\u00ee hak\u00eekatten Muhammed\u00ee hak\u00eekate do\u011fru kendi ismimiz \u00f6l\u00e7\u00fcs\u00fcnde tek\u00e2m\u00fcl i\u00e7in bu \u00e2leme geliyoruz. \u0130\u015fte b\u00fct\u00fcn bu hak\u00eekatin tecellisi \u201cBismill\u00e2hirrahm\u00e2nirrah\u00eem\u201d kelimesinde gizlidir. Bu kitapta, k\u00e2mil insanlar\u0131n yorumuyla, d\u00fcnyan\u0131n ar\u015f\u0131 olan \u201cbesmele\u201d a\u00e7\u0131klanmaktad\u0131r.<\/p>\n","protected":false},"excerpt":{"rendered":"<p>Kur\u2019\u00e2n-\u0131 Ker\u00eem\u2019de \u201cAllah, \u00c2dem\u2019e b\u00fct\u00fcn isimleri \u00f6\u011fretti.\u201d buyuruldu\u011fu \u00fczere Hz. \u00c2dem\u2019de b\u00fct\u00fcn isimler vard\u0131r ama onlar\u0131 tan\u0131y\u0131p Allah\u2019taki gibi tecelli ettirmek i\u00e7in bir tek\u00e2m\u00fcl s\u00fcrecinden ge\u00e7mek<span class=\"excerpt-hellip\"> [\u2026]<\/span><\/p>\n","protected":false},"featured_media":0,"template":"","meta":{"_monsterinsights_skip_tracking":false,"_monsterinsights_sitenote_active":false,"_monsterinsights_sitenote_note":"","_monsterinsights_sitenote_category":0},"product_brand":[],"product_cat":[12718,12719,15238],"product_tag":[],"class_list":{"0":"post-750014","1":"product","2":"type-product","3":"status-publish","5":"product_cat-din","6":"product_cat-islam","7":"product_cat-tasavvuf","8":"pa_cilt-ciltsiz","9":"pa_tur-kitap","10":"pa_yayinevi-nefes-yayincilik","11":"pa_yazar-cemalnur-sargut","13":"first","14":"instock","15":"sale","16":"shipping-taxable","17":"purchasable","18":"product-type-simple"},"_links":{"self":[{"href":"https:\/\/roveyayinevi.com.tr\/index.php\/wp-json\/wp\/v2\/product\/750014","targetHints":{"allow":["GET"]}}],"collection":[{"href":"https:\/\/roveyayinevi.com.tr\/index.php\/wp-json\/wp\/v2\/product"}],"about":[{"href":"https:\/\/roveyayinevi.com.tr\/index.php\/wp-json\/wp\/v2\/types\/product"}],"wp:attachment":[{"href":"https:\/\/roveyayinevi.com.tr\/index.php\/wp-json\/wp\/v2\/media?parent=750014"}],"wp:term":[{"taxonomy":"product_brand","embeddable":true,"href":"https:\/\/roveyayinevi.com.tr\/index.php\/wp-json\/wp\/v2\/product_brand?post=750014"},{"taxonomy":"product_cat","embeddable":true,"href":"https:\/\/roveyayinevi.com.tr\/index.php\/wp-json\/wp\/v2\/product_cat?post=750014"},{"taxonomy":"product_tag","embeddable":true,"href":"https:\/\/roveyayinevi.com.tr\/index.php\/wp-json\/wp\/v2\/product_tag?post=750014"}],"curies":[{"name":"wp","href":"https:\/\/api.w.org\/{rel}","templated":true}]}}