{"id":750013,"date":"2025-08-28T04:09:58","date_gmt":"2025-08-28T01:09:58","guid":{"rendered":"https:\/\/roveyayinevi.com.tr\/index.php\/urun\/saglik-hizmetlerinde-performans-yonetimi\/"},"modified":"2026-04-16T03:03:31","modified_gmt":"2026-04-16T00:03:31","slug":"saglik-hizmetlerinde-performans-yonetimi","status":"publish","type":"product","link":"https:\/\/roveyayinevi.com.tr\/index.php\/urun\/saglik-hizmetlerinde-performans-yonetimi\/","title":{"rendered":"Sa\u011fl\u0131k Hizmetlerinde Performans Y\u00f6netimi"},"content":{"rendered":"<p>D\u00fcnya n\u00fcfusu son y\u00fcz y\u0131lda d\u00f6rt kat art\u0131\u015f g\u00f6stererek sekiz milyara ula\u015fm\u0131\u015ft\u0131r. Bir\u00e7ok \u00fclkenin refah seviyesi y\u00fckselirken, halen yoksullukla ve hatta a\u00e7l\u0131kla m\u00fccadele eden \u00fclkeler mevcuttur. \u00dclkelerin bir k\u0131sm\u0131 obezite gibi ya\u015fam tarz\u0131ndan kaynaklanan hastal\u0131klar yada kronik hastal\u0131klarla u\u011fra\u015f\u0131rken kimi \u00fclkeler ise halen bebek \u00f6l\u00fcm oranlar\u0131n\u0131 azaltmaya \u00e7al\u0131\u015fmakta ve bula\u015f\u0131c\u0131 hastal\u0131klarla m\u00fccadele etmektedir. D\u00fcnya Sa\u011fl\u0131k \u00d6rg\u00fct\u00fcn\u00fcn 2006 y\u0131l\u0131 d\u00fcnya sa\u011fl\u0131k raporuna g\u00f6re sa\u011fl\u0131k hizmet kaynaklar\u0131n\u0131n ve hastal\u0131k y\u00fcklerinin da\u011f\u0131l\u0131m\u0131nda d\u00fcnya genelinde b\u00fcy\u00fck dengesizlikler vard\u0131r. Geli\u015fmi\u015f \u00fclkeler global hastal\u0131k y\u00fcklerinin \u00e7ok az\u0131n\u0131 \u00fczerlerinde ta\u015f\u0131rken d\u00fcnya genelindeki sa\u011fl\u0131k hizmet kaynaklar\u0131n\u0131n a\u011f\u0131rl\u0131kl\u0131 b\u00f6l\u00fcm\u00fcn\u00fc t\u00fcketmektedir. Aksine, geli\u015fmekte olan \u00fclkeler ise k\u0131s\u0131tl\u0131 hizmet \u00fcretim olanaklar\u0131 ile global hastal\u0131k y\u00fcklerinin b\u00fcy\u00fck bir k\u0131sm\u0131 ile m\u00fccadele etmektedir.  S\u00f6z konusu dengesizlikler toplumlar\u0131n sa\u011fl\u0131k hizmetlerine ula\u015f\u0131m\u0131n\u0131 etkilemekte ve sa\u011fl\u0131k hizmetlerinin sunumunu g\u00fc\u00e7le\u015ftirmektedir. Pandemiler de son yirmi y\u0131lda sa\u011fl\u0131k sistemlerinin direncini sert bir \u015fekilde test etmekte olup s\u00f6z konusu durum ilerleyen y\u0131llarda da tekrar edecek gibi g\u00f6r\u00fcnmektedir. D\u00fcnya Sa\u011fl\u0131k \u00d6rg\u00fct\u00fcn\u00fcn Herkes i\u00e7in Sa\u011fl\u0131k hedefine ula\u015fabilmesi i\u00e7in kaynak da\u011f\u0131l\u0131m\u0131n\u0131n daha adil oldu\u011fu, verimli ve etkili hizmet sunan s\u00fcrd\u00fcr\u00fclebilir sa\u011fl\u0131k sistemlerine ihtiya\u00e7 vard\u0131r. S\u00fcrd\u00fcr\u00fclebilir bir sa\u011fl\u0131k sistemi i\u00e7in kaynaklar\u0131n \u00fcretkenli\u011finin bilinmesi ve bu kaynaklar\u0131n dengeli bir \u015fekilde topluma tahsis edilmesi gerekir. Di\u011fer bir deyi\u015fle, rasyonel sa\u011fl\u0131k politikalar\u0131 olu\u015fturmak i\u00e7in kaynaklar\u0131n nas\u0131l kulland\u0131\u011f\u0131n\u0131n ve s\u00f6z konusu kaynaklarla hangi sonu\u00e7lar\u0131n \u00fcretildi\u011finin bilinmesi gerekmektedir. Performans \u00f6l\u00e7\u00fcm y\u00f6ntemleri kaynaklar\u0131n ne kadar verimli ve etkili kullan\u0131ld\u0131\u011f\u0131 konusunda bizlere yol g\u00f6stermektedir. Bu kitapta performans \u00f6l\u00e7\u00fcm y\u00f6ntemleri sa\u011fl\u0131k hizmetleri \u00f6zelinde de\u011ferlendirilmi\u015ftir. Ara\u015ft\u0131rmac\u0131lar ve karar al\u0131c\u0131lar\u0131n uygulayabilecekleri ara\u00e7lar ortaya konmu\u015f olup g\u00fcncel sa\u011fl\u0131k verileri ile uygulama ve analizler yap\u0131lm\u0131\u015ft\u0131r. <\/p>\n","protected":false},"excerpt":{"rendered":"<p>D\u00fcnya n\u00fcfusu son y\u00fcz y\u0131lda d\u00f6rt kat art\u0131\u015f g\u00f6stererek sekiz milyara ula\u015fm\u0131\u015ft\u0131r. Bir\u00e7ok \u00fclkenin refah seviyesi y\u00fckselirken, halen yoksullukla ve hatta a\u00e7l\u0131kla m\u00fccadele eden \u00fclkeler mevcuttur.<span class=\"excerpt-hellip\"> [\u2026]<\/span><\/p>\n","protected":false},"featured_media":0,"template":"","meta":{"_monsterinsights_skip_tracking":false,"_monsterinsights_sitenote_active":false,"_monsterinsights_sitenote_note":"","_monsterinsights_sitenote_category":0},"product_brand":[],"product_cat":[13366,13365],"product_tag":[],"class_list":{"0":"post-750013","1":"product","2":"type-product","3":"status-publish","5":"product_cat-diger-saglik","6":"product_cat-saglik","7":"pa_cilt-ciltsiz","8":"pa_tur-kitap","9":"pa_yayinevi-siyasal-kitabevi","10":"pa_yazar-kolektif","12":"first","13":"instock","14":"sale","15":"shipping-taxable","16":"purchasable","17":"product-type-simple"},"_links":{"self":[{"href":"https:\/\/roveyayinevi.com.tr\/index.php\/wp-json\/wp\/v2\/product\/750013","targetHints":{"allow":["GET"]}}],"collection":[{"href":"https:\/\/roveyayinevi.com.tr\/index.php\/wp-json\/wp\/v2\/product"}],"about":[{"href":"https:\/\/roveyayinevi.com.tr\/index.php\/wp-json\/wp\/v2\/types\/product"}],"wp:attachment":[{"href":"https:\/\/roveyayinevi.com.tr\/index.php\/wp-json\/wp\/v2\/media?parent=750013"}],"wp:term":[{"taxonomy":"product_brand","embeddable":true,"href":"https:\/\/roveyayinevi.com.tr\/index.php\/wp-json\/wp\/v2\/product_brand?post=750013"},{"taxonomy":"product_cat","embeddable":true,"href":"https:\/\/roveyayinevi.com.tr\/index.php\/wp-json\/wp\/v2\/product_cat?post=750013"},{"taxonomy":"product_tag","embeddable":true,"href":"https:\/\/roveyayinevi.com.tr\/index.php\/wp-json\/wp\/v2\/product_tag?post=750013"}],"curies":[{"name":"wp","href":"https:\/\/api.w.org\/{rel}","templated":true}]}}