{"id":750010,"date":"2025-08-28T04:09:55","date_gmt":"2025-08-28T01:09:55","guid":{"rendered":"https:\/\/roveyayinevi.com.tr\/index.php\/urun\/hayir-deme-sanati\/"},"modified":"2026-03-22T03:14:43","modified_gmt":"2026-03-22T00:14:43","slug":"hayir-deme-sanati","status":"publish","type":"product","link":"https:\/\/roveyayinevi.com.tr\/index.php\/urun\/hayir-deme-sanati\/","title":{"rendered":"Hay\u0131r Deme Sanat\u0131"},"content":{"rendered":"<p>\u0130nsanlar\u0131 Memnun etme saplant\u0131n\u0131zdan kurtULAB\u0130L\u0130RS\u0130N\u0130Z! Kend\u0130n\u0130z\u0130 Su\u00e7lu H\u0130ssetmeden S\u0131n\u0131rlar\u0131n\u0131z\u0131 Nas\u0131l Bel\u0130rleyece\u011f\u0130n\u0130z\u0130 ve  Nas\u0131l HAYIR D\u0130yeb\u0130lece\u011f\u0130n\u0130z\u0130 \u00d6\u011fren\u0130n! \u0130nsanlar\u0131n sizi \u00e7antada keklik g\u00f6rmesinden, ba\u015fkalar\u0131n\u0131n kendi \u00f6nceliklerini size dayatmas\u0131ndan b\u0131kt\u0131n\u0131z m\u0131? Cesur olun ve hay\u0131r diyebilece\u011finizi ke\u015ffedin; zaman\u0131n\u0131z\u0131 \u00e7ald\u0131rmay\u0131n, sa\u011fl\u0131kl\u0131 ve dengeli bir ya\u015fam tarz\u0131na sahip olun.   \u00d6yleyse HAYIR DEMEK SANATI tam size g\u00f6re. \u0130\u015fte, HAYIR DEME SANATI&#8217;nda ke\u015ffedecekleriniz:   \u2022              Herkesi memnun etme tak\u0131nt\u0131m\u0131 yenmek i\u00e7in verdi\u011fim ki\u015fisel m\u00fccadelem. (Ve bu al\u0131\u015fkanl\u0131\u011f\u0131mdan kurtulmak i\u00e7in ba\u015fvurdu\u011fum yollar.) \u2022              Hay\u0131r dememiz gerekti\u011fini bildi\u011fimiz halde evet dememizin en  \u00f6nemli on bir nedeni. \u2022              \u0130nsanlar\u0131 nazik\u00e7e geri \u00e7evirebilmek i\u00e7in on basit strateji. \u2022              \u0130nsanlara hay\u0131r demek neden sizi k\u00f6t\u00fc biri yapmaz? \u2022              \u00d6zel hayat\u0131n\u0131zda ya da i\u015f hayat\u0131n\u0131zda, insanlarla aran\u0131za s\u0131n\u0131rlar koyabilmeniz i\u00e7in en iyi yol nedir? \u2022              \u0130nsanlar\u0131 memnun etme saplant\u0131n\u0131z\u0131n olup olmad\u0131\u011f\u0131n\u0131 nas\u0131l anlars\u0131n\u0131z?  (Ve bu problemin ciddiyetini nas\u0131l \u00f6l\u00e7ersiniz?)   HAYIR DEME SANATI, s\u0131n\u0131rlar\u0131n\u0131z\u0131 nas\u0131l koruyaca\u011f\u0131n\u0131z\u0131 ve bunu yaparken ba\u015fkalar\u0131n\u0131n sayg\u0131s\u0131n\u0131 nas\u0131l uyand\u0131raca\u011f\u0131n\u0131z\u0131 size g\u00f6sterecek! <\/p>\n","protected":false},"excerpt":{"rendered":"<p>\u0130nsanlar\u0131 Memnun etme saplant\u0131n\u0131zdan kurtULAB\u0130L\u0130RS\u0130N\u0130Z! Kend\u0130n\u0130z\u0130 Su\u00e7lu H\u0130ssetmeden S\u0131n\u0131rlar\u0131n\u0131z\u0131 Nas\u0131l Bel\u0130rleyece\u011f\u0130n\u0130z\u0130 ve Nas\u0131l HAYIR D\u0130yeb\u0130lece\u011f\u0130n\u0130z\u0130 \u00d6\u011fren\u0130n! \u0130nsanlar\u0131n sizi \u00e7antada keklik g\u00f6rmesinden, ba\u015fkalar\u0131n\u0131n kendi \u00f6nceliklerini size dayatmas\u0131ndan<span class=\"excerpt-hellip\"> [\u2026]<\/span><\/p>\n","protected":false},"featured_media":0,"template":"","meta":{"_monsterinsights_skip_tracking":false,"_monsterinsights_sitenote_active":false,"_monsterinsights_sitenote_note":"","_monsterinsights_sitenote_category":0},"product_brand":[],"product_cat":[12364,12376],"product_tag":[],"class_list":{"0":"post-750010","1":"product","2":"type-product","3":"status-publish","5":"product_cat-genel-konular","6":"product_cat-kisisel-gelisim","7":"pa_cilt-ciltsiz","8":"pa_tur-kitap","9":"pa_yayinevi-mona-kitap","10":"pa_yazar-damon-zahariades","12":"first","13":"instock","14":"sale","15":"shipping-taxable","16":"purchasable","17":"product-type-simple"},"_links":{"self":[{"href":"https:\/\/roveyayinevi.com.tr\/index.php\/wp-json\/wp\/v2\/product\/750010","targetHints":{"allow":["GET"]}}],"collection":[{"href":"https:\/\/roveyayinevi.com.tr\/index.php\/wp-json\/wp\/v2\/product"}],"about":[{"href":"https:\/\/roveyayinevi.com.tr\/index.php\/wp-json\/wp\/v2\/types\/product"}],"wp:attachment":[{"href":"https:\/\/roveyayinevi.com.tr\/index.php\/wp-json\/wp\/v2\/media?parent=750010"}],"wp:term":[{"taxonomy":"product_brand","embeddable":true,"href":"https:\/\/roveyayinevi.com.tr\/index.php\/wp-json\/wp\/v2\/product_brand?post=750010"},{"taxonomy":"product_cat","embeddable":true,"href":"https:\/\/roveyayinevi.com.tr\/index.php\/wp-json\/wp\/v2\/product_cat?post=750010"},{"taxonomy":"product_tag","embeddable":true,"href":"https:\/\/roveyayinevi.com.tr\/index.php\/wp-json\/wp\/v2\/product_tag?post=750010"}],"curies":[{"name":"wp","href":"https:\/\/api.w.org\/{rel}","templated":true}]}}