{"id":750005,"date":"2025-08-28T04:09:48","date_gmt":"2025-08-28T01:09:48","guid":{"rendered":"https:\/\/roveyayinevi.com.tr\/index.php\/urun\/sokratesin-savunmasi-13\/"},"modified":"2026-04-16T03:03:31","modified_gmt":"2026-04-16T00:03:31","slug":"sokratesin-savunmasi-13","status":"publish","type":"product","link":"https:\/\/roveyayinevi.com.tr\/index.php\/urun\/sokratesin-savunmasi-13\/","title":{"rendered":"Sokrates\u2019in Savunmas\u0131"},"content":{"rendered":"<p>Elinizdeki kitap; Kriton, Phaidon ve Sokrates\u2019in Savunmas\u0131 eserlerinin birle\u015ftirilmi\u015f bask\u0131s\u0131d\u0131r. Platon, yak\u0131n dostu ve \u00f6\u011fretmeni olan Sokrates\u2019i aklamaya; \u00e7a\u011fda\u015flar\u0131na ve gelecek nesillere, bilgeye y\u00f6neltilen iftiralar\u0131n as\u0131ls\u0131z oldu\u011funu g\u00f6stermeye adeta ant i\u00e7mi\u015ftir. Bu hedef do\u011frultusunda kaleme ald\u0131\u011f\u0131 Kriton\u2019u bizlere b\u0131rakm\u0131\u015ft\u0131r. Platon\u2019un imzas\u0131n\u0131n bulundu\u011fu bir di\u011fer eser olan Phaidon ise Sokrates\u2019in son tart\u0131\u015fmas\u0131n\u0131n kayd\u0131 niteli\u011findedir. Di\u011fer eser Sokrates\u2019in Savunmas\u0131\u2019d\u0131r. \u00dcnl\u00fc filozofun savunmas\u0131, ya\u015fad\u0131\u011f\u0131 \u00e7a\u011f\u0131n ko\u015fullar\u0131n\u0131 okuyucuya ba\u015far\u0131l\u0131 bir \u015fekilde anlatmakla birlikte Atina demokrasisine bir nevi ele\u015ftiri niteli\u011findedir. \u00d6\u011frencisi ve yak\u0131n dostu Platon, bu nadide konu\u015fmay\u0131 kaydederek g\u00fcn\u00fcm\u00fcze aktar\u0131lmas\u0131n\u0131 sa\u011flam\u0131\u015ft\u0131r. <\/p>\n","protected":false},"excerpt":{"rendered":"<p>Elinizdeki kitap; Kriton, Phaidon ve Sokrates\u2019in Savunmas\u0131 eserlerinin birle\u015ftirilmi\u015f bask\u0131s\u0131d\u0131r. Platon, yak\u0131n dostu ve \u00f6\u011fretmeni olan Sokrates\u2019i aklamaya; \u00e7a\u011fda\u015flar\u0131na ve gelecek nesillere, bilgeye y\u00f6neltilen iftiralar\u0131n as\u0131ls\u0131z<span class=\"excerpt-hellip\"> [\u2026]<\/span><\/p>\n","protected":false},"featured_media":0,"template":"","meta":{"_monsterinsights_skip_tracking":false,"_monsterinsights_sitenote_active":false,"_monsterinsights_sitenote_note":"","_monsterinsights_sitenote_category":0},"product_brand":[],"product_cat":[12357],"product_tag":[],"class_list":{"0":"post-750005","1":"product","2":"type-product","3":"status-publish","5":"product_cat-psikoloji","6":"pa_cilt-ciltsiz","7":"pa_tur-kitap","8":"pa_yayinevi-fark-yayinlari","9":"pa_yazar-platon","11":"first","12":"instock","13":"sale","14":"shipping-taxable","15":"purchasable","16":"product-type-simple"},"_links":{"self":[{"href":"https:\/\/roveyayinevi.com.tr\/index.php\/wp-json\/wp\/v2\/product\/750005","targetHints":{"allow":["GET"]}}],"collection":[{"href":"https:\/\/roveyayinevi.com.tr\/index.php\/wp-json\/wp\/v2\/product"}],"about":[{"href":"https:\/\/roveyayinevi.com.tr\/index.php\/wp-json\/wp\/v2\/types\/product"}],"wp:attachment":[{"href":"https:\/\/roveyayinevi.com.tr\/index.php\/wp-json\/wp\/v2\/media?parent=750005"}],"wp:term":[{"taxonomy":"product_brand","embeddable":true,"href":"https:\/\/roveyayinevi.com.tr\/index.php\/wp-json\/wp\/v2\/product_brand?post=750005"},{"taxonomy":"product_cat","embeddable":true,"href":"https:\/\/roveyayinevi.com.tr\/index.php\/wp-json\/wp\/v2\/product_cat?post=750005"},{"taxonomy":"product_tag","embeddable":true,"href":"https:\/\/roveyayinevi.com.tr\/index.php\/wp-json\/wp\/v2\/product_tag?post=750005"}],"curies":[{"name":"wp","href":"https:\/\/api.w.org\/{rel}","templated":true}]}}