{"id":750000,"date":"2025-08-28T04:09:41","date_gmt":"2025-08-28T01:09:41","guid":{"rendered":"https:\/\/roveyayinevi.com.tr\/index.php\/urun\/korgoru\/"},"modified":"2026-04-16T03:03:31","modified_gmt":"2026-04-16T00:03:31","slug":"korgoru","status":"publish","type":"product","link":"https:\/\/roveyayinevi.com.tr\/index.php\/urun\/korgoru\/","title":{"rendered":"K\u00f6rg\u00f6r\u00fc"},"content":{"rendered":"<p>\u0130stanbul Fatih\u2019teki Sahaf Siyah Kalem, sahibi Hamdi Aksungur\u2019un \u00f6ld\u00fcr\u00fclmesiyle aniden bir cinayet mahalline d\u00f6n\u00fc\u015f\u00fcr. Olay yerine intikal eden polisler, savc\u0131lar, Asayi\u015f \u015eube M\u00fcd\u00fcr\u00fc Nejat ve emniyette \u00e7ok az ki\u015finin bildi\u011fi K\u00fclt biriminde g\u00f6rev yapan Kerem, bu cinayette farkl\u0131 anlamlar oldu\u011funu maktul\u00fc g\u00f6r\u00fcr g\u00f6rmez sezerler. Zira Hamdi Bey\u2019in y\u00fcz\u00fcn\u00fcn baz\u0131 k\u0131s\u0131mlar\u0131 kesilmi\u015f, kaz\u0131lm\u0131\u015f ve oyulmu\u015ftur.Cinayeti \u201cfarkl\u0131 \u015fekillerde okumas\u0131 gereken bir kitaba\u201d benzeten Kerem, bu maceras\u0131 boyunca pek \u00e7ok ara\u015ft\u0131rma yapar. Katil ni\u00e7in y\u00fcz\u00fcn belirli b\u00f6l\u00fcmlerini kesmi\u015ftir? Burada nas\u0131l bir sembolik anlam gizlidir? \u0130nsan y\u00fcz\u00fc \u00fczerine derin d\u00fc\u015f\u00fcnce ve ara\u015ft\u0131rmalara dalan Kerem kendini Huruf\u00eeli\u011fin ve pek \u00e7ok eski inan\u0131\u015f\u0131n, cemiyetin, gizemin ortas\u0131nda bulur\u2026 \u201cY\u00fcz insan\u0131n ayr\u0131cal\u0131\u011f\u0131d\u0131r. \u0130nsan, bir y\u00fcze sahip oldu\u011funda bir kimli\u011fe de sahip olur. Kadim milletlerde, hatta ilk insan\u0131n yarat\u0131l\u0131\u015f\u0131nda dahi y\u00fcz, yaratma eyleminin neredeyse odaklar\u0131ndan birisidir.\u201d<\/p>\n","protected":false},"excerpt":{"rendered":"<p>\u0130stanbul Fatih\u2019teki Sahaf Siyah Kalem, sahibi Hamdi Aksungur\u2019un \u00f6ld\u00fcr\u00fclmesiyle aniden bir cinayet mahalline d\u00f6n\u00fc\u015f\u00fcr. Olay yerine intikal eden polisler, savc\u0131lar, Asayi\u015f \u015eube M\u00fcd\u00fcr\u00fc Nejat ve emniyette<span class=\"excerpt-hellip\"> [\u2026]<\/span><\/p>\n","protected":false},"featured_media":0,"template":"","meta":{"_monsterinsights_skip_tracking":false,"_monsterinsights_sitenote_active":false,"_monsterinsights_sitenote_note":"","_monsterinsights_sitenote_category":0},"product_brand":[],"product_cat":[12291,12711],"product_tag":[],"class_list":{"0":"post-750000","1":"product","2":"type-product","3":"status-publish","5":"product_cat-edebiyat","6":"product_cat-roman-oyku","7":"pa_cilt-ciltsiz","8":"pa_tur-kitap","9":"pa_yayinevi-kapi-yayinlari","10":"pa_yazar-turgay-anar","12":"first","13":"instock","14":"sale","15":"shipping-taxable","16":"purchasable","17":"product-type-simple"},"_links":{"self":[{"href":"https:\/\/roveyayinevi.com.tr\/index.php\/wp-json\/wp\/v2\/product\/750000","targetHints":{"allow":["GET"]}}],"collection":[{"href":"https:\/\/roveyayinevi.com.tr\/index.php\/wp-json\/wp\/v2\/product"}],"about":[{"href":"https:\/\/roveyayinevi.com.tr\/index.php\/wp-json\/wp\/v2\/types\/product"}],"wp:attachment":[{"href":"https:\/\/roveyayinevi.com.tr\/index.php\/wp-json\/wp\/v2\/media?parent=750000"}],"wp:term":[{"taxonomy":"product_brand","embeddable":true,"href":"https:\/\/roveyayinevi.com.tr\/index.php\/wp-json\/wp\/v2\/product_brand?post=750000"},{"taxonomy":"product_cat","embeddable":true,"href":"https:\/\/roveyayinevi.com.tr\/index.php\/wp-json\/wp\/v2\/product_cat?post=750000"},{"taxonomy":"product_tag","embeddable":true,"href":"https:\/\/roveyayinevi.com.tr\/index.php\/wp-json\/wp\/v2\/product_tag?post=750000"}],"curies":[{"name":"wp","href":"https:\/\/api.w.org\/{rel}","templated":true}]}}