{"id":749999,"date":"2025-08-28T04:09:39","date_gmt":"2025-08-28T01:09:39","guid":{"rendered":"https:\/\/roveyayinevi.com.tr\/index.php\/urun\/don-kisot-15\/"},"modified":"2026-04-16T03:03:31","modified_gmt":"2026-04-16T00:03:31","slug":"don-kisot-15","status":"publish","type":"product","link":"https:\/\/roveyayinevi.com.tr\/index.php\/urun\/don-kisot-15\/","title":{"rendered":"Don Ki\u015fot"},"content":{"rendered":"<p>\u201cDon Ki\u015fot olun. Tek h\u00fcrmet etti\u011fim adamd\u0131r. Kaybedilmi\u015f bir davan\u0131n bu kadar fedak\u00e2r bir kahraman\u0131 olabilir. \u00d6yle g\u00f6rmek ve inand\u0131rmak ihtiyac\u0131nda. D\u00fcnya San\u015fo Panza&#8217;larla dolu.\u201d             Cemil Meri\u00e7 K\u00fc\u00e7\u00fck bir k\u00f6y asilzadesi olan Don Ki\u015fot\u2019un, emekli olduktan sonra \u015f\u00f6valye hik\u00e2yeleri okuya okuya dima\u011f\u0131 kar\u0131\u015f\u0131r. Bir g\u00fcn g\u00fc\u00e7s\u00fcz ve ya\u015fl\u0131 at\u0131 Rossinante\u2019ye biner, birbirinden komik ve ac\u0131nas\u0131 maceralara at\u0131lmaya ba\u015flar. Hayali bir dev sand\u0131\u011f\u0131 yel de\u011firmenleri ile sava\u015f\u0131r, koyun s\u00fcr\u00fclerini asker zannedip h\u00fccuma kalkar. Kendisine e\u015flik eden sad\u0131k dostu ve seyisi San\u015fo Panza ile \u00f6yle g\u00fcl\u00fcn\u00e7 durumlara d\u00fc\u015fer ki \u00e7evresindeki herkes taraf\u0131ndan zavall\u0131 bir meczup g\u00f6z\u00fcyle g\u00f6r\u00fcl\u00fcr. Y\u0131llard\u0131r yaln\u0131zca kahramanl\u0131klar\u0131ndan ve asaletlerinden bahsedilen \u015f\u00f6valyeler hakk\u0131nda s\u00f6ylenen hik\u00e2yeleri, alayl\u0131 bir \u015fekilde ele alan Cervantes, bizlere fig\u00fcr \u015f\u00f6valyesi olarak Don Ki\u015fot\u2019u sunar ve onun maceralar\u0131n\u0131 b\u00fcy\u00fck bir ustal\u0131kla kaleme al\u0131r. Yaz\u0131ld\u0131\u011f\u0131 y\u0131ldan itibaren pek \u00e7ok dile \u00e7evrilen ve Bat\u0131 edebiyat\u0131n\u0131n temel kurgu roman\u0131 kabul edilen Don Ki\u015fot, her d\u00f6nem en \u00e7ok okunan kitaplar aras\u0131na girmi\u015f ve g\u00fcn\u00fcm\u00fczde de de\u011ferinden bir \u015fey kaybetmemi\u015ftir. <\/p>\n","protected":false},"excerpt":{"rendered":"<p>\u201cDon Ki\u015fot olun. Tek h\u00fcrmet etti\u011fim adamd\u0131r. Kaybedilmi\u015f bir davan\u0131n bu kadar fedak\u00e2r bir kahraman\u0131 olabilir. \u00d6yle g\u00f6rmek ve inand\u0131rmak ihtiyac\u0131nda. D\u00fcnya San\u015fo Panza&#8217;larla dolu.\u201d Cemil<span class=\"excerpt-hellip\"> [\u2026]<\/span><\/p>\n","protected":false},"featured_media":0,"template":"","meta":{"_monsterinsights_skip_tracking":false,"_monsterinsights_sitenote_active":false,"_monsterinsights_sitenote_note":"","_monsterinsights_sitenote_category":0},"product_brand":[],"product_cat":[12274,12467],"product_tag":[],"class_list":{"0":"post-749999","1":"product","2":"type-product","3":"status-publish","5":"product_cat-cocuk-ve-genclik-kitaplari","6":"product_cat-dunya-klasikleri","7":"pa_cilt-ciltsiz","8":"pa_tur-kitap","9":"pa_yayinevi-mirhan-kitap","10":"pa_yazar-miguel-de-cervantes","12":"first","13":"instock","14":"sale","15":"shipping-taxable","16":"purchasable","17":"product-type-simple"},"_links":{"self":[{"href":"https:\/\/roveyayinevi.com.tr\/index.php\/wp-json\/wp\/v2\/product\/749999","targetHints":{"allow":["GET"]}}],"collection":[{"href":"https:\/\/roveyayinevi.com.tr\/index.php\/wp-json\/wp\/v2\/product"}],"about":[{"href":"https:\/\/roveyayinevi.com.tr\/index.php\/wp-json\/wp\/v2\/types\/product"}],"wp:attachment":[{"href":"https:\/\/roveyayinevi.com.tr\/index.php\/wp-json\/wp\/v2\/media?parent=749999"}],"wp:term":[{"taxonomy":"product_brand","embeddable":true,"href":"https:\/\/roveyayinevi.com.tr\/index.php\/wp-json\/wp\/v2\/product_brand?post=749999"},{"taxonomy":"product_cat","embeddable":true,"href":"https:\/\/roveyayinevi.com.tr\/index.php\/wp-json\/wp\/v2\/product_cat?post=749999"},{"taxonomy":"product_tag","embeddable":true,"href":"https:\/\/roveyayinevi.com.tr\/index.php\/wp-json\/wp\/v2\/product_tag?post=749999"}],"curies":[{"name":"wp","href":"https:\/\/api.w.org\/{rel}","templated":true}]}}