{"id":749998,"date":"2025-08-28T04:09:37","date_gmt":"2025-08-28T01:09:37","guid":{"rendered":"https:\/\/roveyayinevi.com.tr\/index.php\/urun\/erguvan-yagmurlari\/"},"modified":"2026-04-16T03:03:31","modified_gmt":"2026-04-16T00:03:31","slug":"erguvan-yagmurlari","status":"publish","type":"product","link":"https:\/\/roveyayinevi.com.tr\/index.php\/urun\/erguvan-yagmurlari\/","title":{"rendered":"Erguvan Ya\u011fmurlar\u0131"},"content":{"rendered":"<p>G\u00fcnd\u00fcz d\u00fc\u015f\u00fcmde de b\u00f6yle Sar\u0131l\u0131p delice \u00f6yle Ne mutluyduk \u015fimdi s\u00f6yle Hat\u0131rla sonsuz y\u0131llar\u0131 O erguvan ya\u011fmurlar\u0131.   Tenim tene de\u011fdi\u011finde Kalbi bana e\u011fdi\u011finde Dallar \u00e7i\u00e7ek verdi\u011finde Hat\u0131rla sonsuz y\u0131llar\u0131 O erguvan ya\u011fmurlar\u0131.   Ge\u00e7ti hep ilkyaz\u0131m, yaz\u0131m S\u00f6ylendi \u015fark\u0131yla, saz\u0131m Hasretle \u00e7\u0131kt\u0131 avaz\u0131m Hat\u0131rla sonsuz y\u0131llar\u0131 O erguvan ya\u011fmurlar\u0131.   \u00c7i\u00e7e\u011fim, morum, k\u0131z\u0131l\u0131m Bende sevda, sende al\u0131m Yakar ate\u015f, kal\u0131r yal\u0131m Hat\u0131rla sonsuz y\u0131llar\u0131 O erguvan ya\u011fmurlar\u0131.   Ge\u00e7ti g\u00f6lge, g\u00fcne\u015f soldu \u00dcmit bitti, h\u00fcz\u00fcn doldu Sevda neden veda oldu Hat\u0131rla sonsuz y\u0131llar\u0131 O erguvan ya\u011fmurlar\u0131. <\/p>\n","protected":false},"excerpt":{"rendered":"<p>G\u00fcnd\u00fcz d\u00fc\u015f\u00fcmde de b\u00f6yle Sar\u0131l\u0131p delice \u00f6yle Ne mutluyduk \u015fimdi s\u00f6yle Hat\u0131rla sonsuz y\u0131llar\u0131 O erguvan ya\u011fmurlar\u0131. Tenim tene de\u011fdi\u011finde Kalbi bana e\u011fdi\u011finde Dallar \u00e7i\u00e7ek verdi\u011finde<span class=\"excerpt-hellip\"> [\u2026]<\/span><\/p>\n","protected":false},"featured_media":0,"template":"","meta":{"_monsterinsights_skip_tracking":false,"_monsterinsights_sitenote_active":false,"_monsterinsights_sitenote_note":"","_monsterinsights_sitenote_category":0},"product_brand":[],"product_cat":[12291,12509],"product_tag":[],"class_list":{"0":"post-749998","1":"product","2":"type-product","3":"status-publish","5":"product_cat-edebiyat","6":"product_cat-siir","7":"pa_cilt-ciltsiz","8":"pa_tur-kitap","9":"pa_yayinevi-favori-yayinlari","10":"pa_yazar-a-aytekin-acuner","12":"first","13":"instock","14":"sale","15":"shipping-taxable","16":"purchasable","17":"product-type-simple"},"_links":{"self":[{"href":"https:\/\/roveyayinevi.com.tr\/index.php\/wp-json\/wp\/v2\/product\/749998","targetHints":{"allow":["GET"]}}],"collection":[{"href":"https:\/\/roveyayinevi.com.tr\/index.php\/wp-json\/wp\/v2\/product"}],"about":[{"href":"https:\/\/roveyayinevi.com.tr\/index.php\/wp-json\/wp\/v2\/types\/product"}],"wp:attachment":[{"href":"https:\/\/roveyayinevi.com.tr\/index.php\/wp-json\/wp\/v2\/media?parent=749998"}],"wp:term":[{"taxonomy":"product_brand","embeddable":true,"href":"https:\/\/roveyayinevi.com.tr\/index.php\/wp-json\/wp\/v2\/product_brand?post=749998"},{"taxonomy":"product_cat","embeddable":true,"href":"https:\/\/roveyayinevi.com.tr\/index.php\/wp-json\/wp\/v2\/product_cat?post=749998"},{"taxonomy":"product_tag","embeddable":true,"href":"https:\/\/roveyayinevi.com.tr\/index.php\/wp-json\/wp\/v2\/product_tag?post=749998"}],"curies":[{"name":"wp","href":"https:\/\/api.w.org\/{rel}","templated":true}]}}