{"id":749991,"date":"2025-08-28T04:09:25","date_gmt":"2025-08-28T01:09:25","guid":{"rendered":"https:\/\/roveyayinevi.com.tr\/index.php\/urun\/bir-dahinin-portresi-einstein\/"},"modified":"2026-04-16T03:03:30","modified_gmt":"2026-04-16T00:03:30","slug":"bir-dahinin-portresi-einstein","status":"publish","type":"product","link":"https:\/\/roveyayinevi.com.tr\/index.php\/urun\/bir-dahinin-portresi-einstein\/","title":{"rendered":"Bir Dahinin Portresi Einstein"},"content":{"rendered":"<p>\u00dcnl\u00fc fizik\u00e7i Einstein, 20.y\u00fczy\u0131l\u0131n en b\u00fcy\u00fck dehas\u0131 olarak bilinmesinin yan\u0131nda bilim tarihine ad\u0131n\u0131 y\u0131ld\u0131zlara yazd\u0131rm\u0131\u015f,en \u00f6nemli isimlerden biridir. Hayat\u0131nda ya\u015fad\u0131\u011f\u0131 onca zorlu\u011fa ra\u011fmen bilime olan tutkusundan hi\u00e7bir zaman vazge\u00e7memi\u015ftir. Bir dahinin portresi,dikenlerle dolu bir yolda canla ba\u015fla ilerlemenin herkese ilham veren hikayesini g\u00f6zler \u00f6n\u00fcne seriyor.   <\/p>\n","protected":false},"excerpt":{"rendered":"<p>\u00dcnl\u00fc fizik\u00e7i Einstein, 20.y\u00fczy\u0131l\u0131n en b\u00fcy\u00fck dehas\u0131 olarak bilinmesinin yan\u0131nda bilim tarihine ad\u0131n\u0131 y\u0131ld\u0131zlara yazd\u0131rm\u0131\u015f,en \u00f6nemli isimlerden biridir. Hayat\u0131nda ya\u015fad\u0131\u011f\u0131 onca zorlu\u011fa ra\u011fmen bilime olan tutkusundan<span class=\"excerpt-hellip\"> [\u2026]<\/span><\/p>\n","protected":false},"featured_media":0,"template":"","meta":{"_monsterinsights_skip_tracking":false,"_monsterinsights_sitenote_active":false,"_monsterinsights_sitenote_note":"","_monsterinsights_sitenote_category":0},"product_brand":[],"product_cat":[12291,15445],"product_tag":[],"class_list":{"0":"post-749991","1":"product","2":"type-product","3":"status-publish","5":"product_cat-edebiyat","6":"product_cat-polisiye","7":"pa_cilt-ciltsiz","8":"pa_tur-kitap","9":"pa_yayinevi-leopar-yayinlari","10":"pa_yazar-kolektif","12":"first","13":"instock","14":"sale","15":"shipping-taxable","16":"purchasable","17":"product-type-simple"},"_links":{"self":[{"href":"https:\/\/roveyayinevi.com.tr\/index.php\/wp-json\/wp\/v2\/product\/749991","targetHints":{"allow":["GET"]}}],"collection":[{"href":"https:\/\/roveyayinevi.com.tr\/index.php\/wp-json\/wp\/v2\/product"}],"about":[{"href":"https:\/\/roveyayinevi.com.tr\/index.php\/wp-json\/wp\/v2\/types\/product"}],"wp:attachment":[{"href":"https:\/\/roveyayinevi.com.tr\/index.php\/wp-json\/wp\/v2\/media?parent=749991"}],"wp:term":[{"taxonomy":"product_brand","embeddable":true,"href":"https:\/\/roveyayinevi.com.tr\/index.php\/wp-json\/wp\/v2\/product_brand?post=749991"},{"taxonomy":"product_cat","embeddable":true,"href":"https:\/\/roveyayinevi.com.tr\/index.php\/wp-json\/wp\/v2\/product_cat?post=749991"},{"taxonomy":"product_tag","embeddable":true,"href":"https:\/\/roveyayinevi.com.tr\/index.php\/wp-json\/wp\/v2\/product_tag?post=749991"}],"curies":[{"name":"wp","href":"https:\/\/api.w.org\/{rel}","templated":true}]}}